{"id":14517,"date":"2015-04-02T09:36:19","date_gmt":"2015-04-02T02:36:19","guid":{"rendered":"http:\/\/vafs.gov.vn\/vn\/?page_id=14517"},"modified":"2015-04-02T09:36:19","modified_gmt":"2015-04-02T02:36:19","slug":"keo-tai-tuong-a-mangium-xuat-xu-pongaki","status":"publish","type":"page","link":"https:\/\/vafs.gov.vn\/vn\/keo-tai-tuong-a-mangium-xuat-xu-pongaki\/","title":{"rendered":"Keo tai t\u01b0\u1ee3ng (A. mangium) &#8211; Xu\u1ea5t x\u1ee9: Pongaki"},"content":{"rendered":"<p><b>-Xu\u1ea5t x\u1ee9 Pongaki<\/b><\/p>\n<p><b>&#8211; Quy\u1ebft \u0111\u1ecbnh s\u1ed1<\/b>: 4260\/Q\u0110\/BNN-KHCN, ng\u00e0y 12\/10\/2000.<\/p>\n<p><b>&#8211; T\u00e1c gi\u1ea3<\/b>: Vi\u1ec7n Khoa h\u1ecdc L\u00e2m nghi\u1ec7p Vi\u1ec7t Nam.<\/p>\n<p>&#8211; <b>\u0110\u1ecba ch\u1ec9 li\u00ean h\u1ec7<\/b>: Vi\u1ec7n Khoa h\u1ecdc L\u00e2m nghi\u1ec7p Vi\u1ec7t Nam.<\/p>\n<p><b>&#8211; Nh\u1eefng \u0111\u1eb7c \u0111i\u1ec3m \u01b0u vi\u1ec7t:<\/b><\/p>\n<p>+ Ch\u1ed1ng ch\u1ecbu s\u00e2u b\u1ec7nh: t\u1ed1t<\/p>\n<p>+ Ch\u1ea5t l\u01b0\u1ee3ng g\u1ed7 t\u1ed1t, \u00edt c\u00e0nh nh\u00e1nh, n\u0103ng su\u1ea5t \u0111\u1ea1t 20-25 m<sup>3<\/sup>\/ha\/n\u0103m.<\/p>\n<p><b>&#8211; V\u00f9ng \u00e1p d\u1ee5ng: <\/b>To\u00e0n qu\u1ed1c.<\/p>\n<p>&#8211; <b>Kh\u1ea3 n\u0103ng cung c\u1ea5p gi\u1ed1ng<\/b>: H\u1ea1t gi\u1ed1ng<\/p>\n","protected":false},"excerpt":{"rendered":"<p>-Xu\u1ea5t x\u1ee9 Pongaki &#8211; Quy\u1ebft \u0111\u1ecbnh s\u1ed1: 4260\/Q\u0110\/BNN-KHCN, ng\u00e0y 12\/10\/2000. &#8211; T\u00e1c gi\u1ea3: Vi\u1ec7n Khoa h\u1ecdc L\u00e2m nghi\u1ec7p Vi\u1ec7t Nam. &#8211; \u0110\u1ecba ch\u1ec9 li\u00ean h\u1ec7: Vi\u1ec7n Khoa h\u1ecdc L\u00e2m nghi\u1ec7p Vi\u1ec7t Nam. &#8211; Nh\u1eefng \u0111\u1eb7c \u0111i\u1ec3m \u01b0u vi\u1ec7t: + Ch\u1ed1ng ch\u1ecbu s\u00e2u b\u1ec7nh: t\u1ed1t + Ch\u1ea5t l\u01b0\u1ee3ng g\u1ed7 t\u1ed1t, \u00edt c\u00e0nh nh\u00e1nh, n\u0103ng su\u1ea5t \u0111\u1ea1t [&hellip;]<\/p>\n","protected":false},"author":13,"featured_media":0,"parent":0,"menu_order":0,"comment_status":"open","ping_status":"open","template":"","meta":[],"_links":{"self":[{"href":"https:\/\/vafs.gov.vn\/vn\/wp-json\/wp\/v2\/pages\/14517"}],"collection":[{"href":"https:\/\/vafs.gov.vn\/vn\/wp-json\/wp\/v2\/pages"}],"about":[{"href":"https:\/\/vafs.gov.vn\/vn\/wp-json\/wp\/v2\/types\/page"}],"author":[{"embeddable":true,"href":"https:\/\/vafs.gov.vn\/vn\/wp-json\/wp\/v2\/users\/13"}],"replies":[{"embeddable":true,"href":"https:\/\/vafs.gov.vn\/vn\/wp-json\/wp\/v2\/comments?post=14517"}],"version-history":[{"count":1,"href":"https:\/\/vafs.gov.vn\/vn\/wp-json\/wp\/v2\/pages\/14517\/revisions"}],"predecessor-version":[{"id":14523,"href":"https:\/\/vafs.gov.vn\/vn\/wp-json\/wp\/v2\/pages\/14517\/revisions\/14523"}],"wp:attachment":[{"href":"https:\/\/vafs.gov.vn\/vn\/wp-json\/wp\/v2\/media?parent=14517"}],"curies":[{"name":"wp","href":"https:\/\/api.w.org\/{rel}","templated":true}]}}