{"id":14330,"date":"2015-03-10T15:00:50","date_gmt":"2015-03-10T08:00:50","guid":{"rendered":"http:\/\/vafs.gov.vn\/vn\/?page_id=14330"},"modified":"2026-03-02T16:02:04","modified_gmt":"2026-03-02T09:02:04","slug":"lanh-dao-vien-khoa-hoc-lam-nghiep-viet-nam-2","status":"publish","type":"page","link":"https:\/\/vafs.gov.vn\/vn\/lanh-dao-vien-khoa-hoc-lam-nghiep-viet-nam-2\/","title":{"rendered":"L\u00e3nh \u0111\u1ea1o Vi\u1ec7n Khoa h\u1ecdc L\u00e2m nghi\u1ec7p Vi\u1ec7t Nam"},"content":{"rendered":"<table border=\"0\" cellspacing=\"0\" cellpadding=\"0\">\n<tbody>\n<tr>\n<td colspan=\"2\" valign=\"top\" width=\"669\"><b>Ph\u00f3 Gi\u00e1m \u0111\u1ed1c ph\u1ee5 tr\u00e1ch: PGS.TS. Ph\u00ed H\u1ed3ng H\u1ea3i<\/b><\/td>\n<\/tr>\n<tr>\n<td valign=\"top\" width=\"177\"><a href=\"http:\/\/vafs.gov.vn\/vn\/lanh-dao-vien-khoa-hoc-lam-nghiep-viet-nam-2\/pgd-hai-2\/\" rel=\"attachment wp-att-22067\"><img decoding=\"async\" loading=\"lazy\" class=\"aligncenter wp-image-22067 size-thumbnail\" src=\"http:\/\/vafs.gov.vn\/vn\/wp-content\/uploads\/sites\/2\/2022\/07\/PGD-Hai-150x150.jpg\" alt=\"\" width=\"150\" height=\"150\" srcset=\"https:\/\/vafs.gov.vn\/vn\/wp-content\/uploads\/sites\/2\/2022\/07\/PGD-Hai-150x150.jpg 150w, https:\/\/vafs.gov.vn\/vn\/wp-content\/uploads\/sites\/2\/2022\/07\/PGD-Hai-70x70.jpg 70w, https:\/\/vafs.gov.vn\/vn\/wp-content\/uploads\/sites\/2\/2022\/07\/PGD-Hai-110x110.jpg 110w, https:\/\/vafs.gov.vn\/vn\/wp-content\/uploads\/sites\/2\/2022\/07\/PGD-Hai-50x50.jpg 50w\" sizes=\"(max-width: 150px) 100vw, 150px\" \/><\/a><\/td>\n<td valign=\"top\" width=\"492\">a) L\u00e3nh \u0111\u1ea1o, ch\u1ec9 \u0111\u1ea1o, qu\u1ea3n l\u00fd to\u00e0n di\u1ec7n c\u00e1c ho\u1ea1t \u0111\u1ed9ng c\u1ee7a Vi\u1ec7n theo ch\u1ee9c n\u0103ng, nhi\u1ec7m v\u1ee5 v\u00e0 quy\u1ec1n h\u1ea1n c\u1ee7a Vi\u1ec7n.<\/p>\n<p>b) Ph\u1ee5 tr\u00e1ch c\u00f4ng t\u00e1c: \u0111\u1ecbnh h\u01b0\u1edbng quy ho\u1ea1ch, chi\u1ebfn l\u01b0\u1ee3c ph\u00e1t tri\u1ec3n c\u1ee7a Vi\u1ec7n; c\u00f4ng t\u00e1c t\u1ed5 ch\u1ee9c c\u00e1n b\u1ed9; t\u00e0i ch\u00ednh, k\u1ebf to\u00e1n; k\u1ebf ho\u1ea1ch khoa h\u1ecdc; x\u00e2y d\u1ef1ng c\u01a1 b\u1ea3n; t\u00e0i s\u1ea3n, c\u01a1 s\u1edf v\u1eadt ch\u1ea5t, trang thi\u1ebft b\u1ecb; ph\u00f2ng ch\u1ed1ng tham nh\u0169ng, l\u00e3ng ph\u00ed, ti\u00eau c\u1ef1c; c\u00f4ng t\u00e1c b\u1ea3o v\u1ec7 ch\u00ednh tr\u1ecb n\u1ed9i b\u1ed9; c\u00f4ng t\u00e1c ki\u1ec3m tra, ti\u1ebfp c\u00f4ng d\u00e2n, gi\u1ea3i quy\u1ebft khi\u1ebfu n\u1ea1i, t\u1ed1 c\u00e1o; c\u00f4ng t\u00e1c \u0110\u1ea3ng.<\/p>\n<p>c) Tr\u1ef1c ti\u1ebfp ph\u1ee5 tr\u00e1ch c\u00e1c l\u0129nh v\u1ef1c: Gi\u1ed1ng v\u00e0 c\u00f4ng ngh\u1ec7 sinh h\u1ecdc; L\u00e2m s\u1ea3n ngo\u00e0i g\u1ed7; c\u00e1c d\u1ef1 \u00e1n gi\u1ed1ng v\u00e0 d\u1ef1 \u00e1n \u0111\u1ea7u t\u01b0.<\/p>\n<p>d) Ch\u1ee7 t\u1ecbch H\u1ed9i \u0111\u1ed3ng thi \u0111ua khen th\u01b0\u1edfng, H\u1ed9i \u0111\u1ed3ng k\u1ef7 lu\u1eadt, H\u1ed9i \u0111\u1ed3ng l\u01b0\u01a1ng c\u1ee7a Vi\u1ec7n<\/p>\n<p>e) Ph\u1ee5 tr\u00e1ch c\u00e1c \u0111\u01a1n v\u1ecb: Ban T\u00e0i ch\u00ednh, K\u1ebf to\u00e1n; Vi\u1ec7n Nghi\u00ean c\u1ee9u Gi\u1ed1ng v\u00e0 C\u00f4ng ngh\u1ec7 sinh h\u1ecdc L\u00e2m nghi\u1ec7p; Vi\u1ec7n Nghi\u00ean c\u1ee9u L\u00e2m s\u1ea3n ngo\u00e0i g\u1ed7; Vi\u1ec7n Khoa h\u1ecdc L\u00e2m nghi\u1ec7p B\u1eafc Trung B\u1ed9, Vi\u1ec7n Khoa h\u1ecdc L\u00e2m nghi\u1ec7p Nam B\u1ed9;<\/p>\n<p>f) Th\u1ef1c hi\u1ec7n c\u00e1c nhi\u1ec7m v\u1ee5 kh\u00e1c theo ph\u00e2n c\u00f4ng ho\u1eb7c \u1ee7y quy\u1ec1n c\u1ee7a B\u1ed9 tr\u01b0\u1edfng B\u1ed9 N\u00f4ng nghi\u1ec7p v\u00e0 M\u00f4i tr\u01b0\u1eddng.<\/p>\n<p>g) Sinh ho\u1ea1t t\u1ea1i: Ban T\u00e0i ch\u00ednh, K\u1ebf to\u00e1n.<\/td>\n<\/tr>\n<tr>\n<td colspan=\"2\" valign=\"top\" width=\"669\"><b>Ph\u00f3 Gi\u00e1m \u0111\u1ed1c: TS. Tr\u1ea7n L\u00e2m \u0110\u1ed3ng<\/b><\/td>\n<\/tr>\n<tr>\n<td valign=\"top\" width=\"177\"><b>\u00a0<a href=\"https:\/\/vafs.gov.vn\/vn\/lanh-dao-vien-khoa-hoc-lam-nghiep-viet-nam-2\/tranlamdong\/\" rel=\"attachment wp-att-23434\"><img decoding=\"async\" loading=\"lazy\" class=\"aligncenter wp-image-23434 size-thumbnail\" src=\"http:\/\/vafs.gov.vn\/vn\/wp-content\/uploads\/sites\/2\/2024\/04\/TranLamDong-150x150.jpg\" alt=\"\" width=\"150\" height=\"150\" srcset=\"https:\/\/vafs.gov.vn\/vn\/wp-content\/uploads\/sites\/2\/2024\/04\/TranLamDong-150x150.jpg 150w, https:\/\/vafs.gov.vn\/vn\/wp-content\/uploads\/sites\/2\/2024\/04\/TranLamDong-70x70.jpg 70w, https:\/\/vafs.gov.vn\/vn\/wp-content\/uploads\/sites\/2\/2024\/04\/TranLamDong-110x110.jpg 110w\" sizes=\"(max-width: 150px) 100vw, 150px\" \/><\/a><\/b><\/td>\n<td valign=\"top\" width=\"492\">a) Thay m\u1eb7t Ph\u00f3 Gi\u00e1m \u0111\u1ed1c ph\u1ee5 tr\u00e1ch Vi\u1ec7n qu\u1ea3n l\u00fd v\u00e0 \u0111i\u1ec1u h\u00e0nh Vi\u1ec7n khi Ph\u00f3 Gi\u00e1m \u0111\u1ed1c ph\u1ee5 tr\u00e1ch Vi\u1ec7n \u0111i v\u1eafng.<\/p>\n<p>b) Ph\u1ee5 tr\u00e1ch c\u00f4ng t\u00e1c: Nhi\u1ec7m v\u1ee5 \u0111\u1eb7c th\u00f9; H\u1ed9i nh\u1eadp v\u00e0 h\u1ee3p t\u00e1c qu\u1ed1c t\u1ebf; Qu\u1ea3n l\u00fd v\u00e0 s\u1eed d\u1ee5ng \u0111\u1ea5t, r\u1eebng; H\u00e0nh ch\u00ednh qu\u1ea3n tr\u1ecb; S\u1edf h\u1eefu tr\u00ed tu\u1ec7, chuy\u1ec3n giao v\u00e0 th\u01b0\u01a1ng m\u1ea1i h\u00f3a s\u1ea3n ph\u1ea9m KHCN c\u1ee7a Vi\u1ec7n; T\u01b0 v\u1ea5n, d\u1ecbch v\u1ee5 v\u1ec1 KHCN thu\u1ed9c v\u0103n ph\u00f2ng Vi\u1ec7n; Li\u00ean doanh, li\u00ean k\u1ebft; C\u00f4ng t\u00e1c \u0111o\u00e0n th\u1ec3.<\/p>\n<p>c) Tr\u1ef1c ti\u1ebfp ph\u1ee5 tr\u00e1ch c\u00e1c l\u0129nh v\u1ef1c: L\u00e2m sinh; Qu\u1ea3n l\u00fd r\u1eebng b\u1ec1n v\u0169ng, ch\u1ee9ng ch\u1ec9 r\u1eebng, t\u00edn ch\u1ec9 c\u00e1c-bon r\u1eebng; Sinh th\u00e1i, b\u1ea3o v\u1ec7 r\u1eebng v\u00e0 m\u00f4i tr\u01b0\u1eddng; D\u1ee5 \u00e1n b\u1ea3o v\u1ec7 v\u00e0 ph\u00e1t tri\u1ec3n r\u1eebng; D\u1ef1 \u00e1n l\u00e2m nghi\u1ec7p tu\u1ea7n ho\u00e0n.<\/p>\n<p>d) Ph\u1ee5 tr\u00e1ch c\u00e1c \u0111\u01a1n v\u1ecb: Ban T\u1ed5 ch\u1ee9c H\u00e0nh ch\u00ednh, Vi\u1ec7n Nghi\u00ean c\u1ee9u L\u00e2m sinh; Vi\u1ec7n Nghi\u00ean c\u1ee9u Sinh th\u00e1i, BVR v\u00e0 M\u00f4i tr\u01b0\u1eddng; Trung t\u00e2m Ch\u1ee9ng nh\u1eadn Qu\u1ea3n l\u00fd r\u1eebng b\u1ec1n v\u1eefng; Vi\u1ec7n Khoa h\u1ecdc L\u00e2m nghi\u1ec7p \u0110\u00f4ng B\u1eafc B\u1ed9; Vi\u1ec7n Khoa h\u1ecdc L\u00e2m nghi\u1ec7p Nam Trung B\u1ed9 v\u00e0 T\u00e2y Nguy\u00ean.<\/p>\n<p>e) Th\u1ef1c hi\u1ec7n c\u00e1c nhi\u1ec7m v\u1ee5 kh\u00e1c theo ph\u00e2n c\u00f4ng ho\u1eb7c \u1ee7y quy\u1ec1n c\u1ee7a Ph\u00f3 Gi\u00e1m \u0111\u1ed1c ph\u1ee5 tr\u00e1ch Vi\u1ec7n.<\/p>\n<p>f) Sinh ho\u1ea1t t\u1ea1i: Ban T\u1ed5 ch\u1ee9c H\u00e0nh ch\u00ednh.<\/td>\n<\/tr>\n<tr>\n<td colspan=\"2\" valign=\"top\" width=\"669\"><strong>Ph\u00f3 Gi\u00e1m \u0111\u1ed1c: GS.TS. Ph\u1ea1m V\u0103n \u0110i\u1ec3n<\/strong><\/td>\n<\/tr>\n<tr>\n<td valign=\"top\" width=\"177\"><a href=\"https:\/\/vafs.gov.vn\/vn\/lanh-dao-vien-khoa-hoc-lam-nghiep-viet-nam-2\/gt-ts-phamvandien\/\" rel=\"attachment wp-att-24076\"><img decoding=\"async\" loading=\"lazy\" class=\"aligncenter wp-image-24076 size-thumbnail\" src=\"http:\/\/vafs.gov.vn\/vn\/wp-content\/uploads\/sites\/2\/2026\/03\/GT.TS_.-PhamVanDien-150x150.jpg\" alt=\"\" width=\"150\" height=\"150\" srcset=\"https:\/\/vafs.gov.vn\/vn\/wp-content\/uploads\/sites\/2\/2026\/03\/GT.TS_.-PhamVanDien-150x150.jpg 150w, https:\/\/vafs.gov.vn\/vn\/wp-content\/uploads\/sites\/2\/2026\/03\/GT.TS_.-PhamVanDien-70x70.jpg 70w, https:\/\/vafs.gov.vn\/vn\/wp-content\/uploads\/sites\/2\/2026\/03\/GT.TS_.-PhamVanDien-110x110.jpg 110w\" sizes=\"(max-width: 150px) 100vw, 150px\" \/><\/a><\/td>\n<td valign=\"top\" width=\"492\">a) Ph\u1ee5 tr\u00e1ch c\u00f4ng t\u00e1c: C\u1ea3i c\u00e1ch h\u00e0nh ch\u00ednh, th\u1ef1c h\u00e0nh ti\u1ebft ki\u1ec7m; \u0110\u00e0o t\u1ea1o, b\u1ed3i d\u01b0\u1ee1ng ngu\u1ed3n nh\u00e2n l\u1ef1c; \u0110i\u1ec1u tra c\u01a1 b\u1ea3n v\u00e0 nhi\u1ec7m v\u1ee5 chuy\u00ean m\u00f4n; \u0110i\u1ec1u tra, ki\u1ec3m k\u00ea r\u1eebng v\u00e0 quy ho\u1ea1ch l\u00e2m nghi\u1ec7p; \u0110\u1ed5i m\u1edbi s\u00e1ng t\u1ea1o v\u00e0 chuy\u1ec3n \u0111\u1ed5i s\u1ed1; T\u1ea1p ch\u00ed; C\u00f4ng t\u00e1c th\u00f4ng tin, truy\u1ec1n th\u00f4ng:<\/p>\n<p>b) Tr\u1ef1c ti\u1ebfp ph\u1ee5 tr\u00e1ch c\u00e1c l\u0129nh v\u1ef1c: \u0110i\u1ec1u tra quy ho\u1ea1ch; B\u1ea3o t\u1ed3n \u0111a d\u1ea1ng sinh h\u1ecdc v\u00e0 b\u1ea3o t\u00e0ng; L\u00e2m nghi\u1ec7p sinh th\u00e1i, c\u1ea3nh quan; C\u00f4ng nghi\u1ec7p r\u1eebng; Kinh t\u1ebf &#8211; ch\u00ednh s\u00e1ch; Truy xu\u1ea5t ngu\u1ed3n g\u1ed1c l\u00e2m s\u1ea3n; c\u1ea5p m\u00e3 s\u1ed1 r\u1eebng tr\u1ed3ng; Ch\u01b0\u01a1ng tr\u00ecnh, nhi\u1ec7m v\u1ee5 h\u1ed7 tr\u1ee3 doanh nghi\u1ec7p, kinh t\u1ebf t\u01b0 nh\u00e2n, kinh t\u1ebf h\u1ee3p t\u00e1c; Khuy\u1ebfn n\u00f4ng;<\/p>\n<p>c) Ch\u1ee7 t\u1ecbch H\u1ed9i \u0111\u1ed3ng khoa h\u1ecdc c\u1ee7a Vi\u1ec7n.<\/p>\n<p>d) Ph\u1ee5 tr\u00e1ch c\u00e1c \u0111\u01a1n v\u1ecb: Ban Khoa h\u1ecdc, \u0110\u00e0o t\u1ea1o v\u00e0 H\u1ee3p t\u00e1c qu\u1ed1c t\u1ebf; Vi\u1ec7n NC C\u00f4ng nghi\u1ec7p r\u1eebng: Vi\u1ec7n NC kinh t\u1ebf l\u00e2m nghi\u1ec7p; Vi\u1ec7n \u0110i\u1ec1u tra quy ho\u1ea1ch r\u1eebng; B\u1ea3o t\u00e0ng T\u00e0i nguy\u00ean r\u1eebng; Vi\u1ec7n Khoa h\u1ecdc L\u00e2m nghi\u1ec7p T\u00e2y B\u1eafc.<\/p>\n<p>e) Th\u1ef1c hi\u1ec7n c\u00e1c nhi\u1ec7m v\u1ee5 kh\u00e1c theo ph\u00e2n c\u00f4ng ho\u1eb7c \u1ee7y quy\u1ec1n c\u1ee7a Ph\u00f3 Gi\u00e1m \u0111\u1ed1c ph\u1ee5 tr\u00e1ch Vi\u1ec7n.<\/p>\n<p>f) Sinh ho\u1ea1t t\u1ea1i: Ban Khoa h\u1ecdc, \u0110\u00e0o t\u1ea1o v\u00e0 H\u1ee3p t\u00e1c Qu\u1ed1c t\u1ebf.<\/td>\n<\/tr>\n<tr>\n<td colspan=\"2\" valign=\"top\" width=\"669\"><\/td>\n<\/tr>\n<tr>\n<td valign=\"top\" width=\"177\"><\/td>\n<td valign=\"top\" width=\"492\"><\/td>\n<\/tr>\n<\/tbody>\n<\/table>\n","protected":false},"excerpt":{"rendered":"<p>Ph\u00f3 Gi\u00e1m \u0111\u1ed1c ph\u1ee5 tr\u00e1ch: PGS.TS. Ph\u00ed H\u1ed3ng H\u1ea3i a) L\u00e3nh \u0111\u1ea1o, ch\u1ec9 \u0111\u1ea1o, qu\u1ea3n l\u00fd to\u00e0n di\u1ec7n c\u00e1c ho\u1ea1t \u0111\u1ed9ng c\u1ee7a Vi\u1ec7n theo ch\u1ee9c n\u0103ng, nhi\u1ec7m v\u1ee5 v\u00e0 quy\u1ec1n h\u1ea1n c\u1ee7a Vi\u1ec7n. b) Ph\u1ee5 tr\u00e1ch c\u00f4ng t\u00e1c: \u0111\u1ecbnh h\u01b0\u1edbng quy ho\u1ea1ch, chi\u1ebfn l\u01b0\u1ee3c ph\u00e1t tri\u1ec3n c\u1ee7a Vi\u1ec7n; c\u00f4ng t\u00e1c t\u1ed5 ch\u1ee9c c\u00e1n b\u1ed9; t\u00e0i [&hellip;]<\/p>\n","protected":false},"author":2,"featured_media":0,"parent":0,"menu_order":0,"comment_status":"closed","ping_status":"closed","template":"","meta":[],"_links":{"self":[{"href":"https:\/\/vafs.gov.vn\/vn\/wp-json\/wp\/v2\/pages\/14330"}],"collection":[{"href":"https:\/\/vafs.gov.vn\/vn\/wp-json\/wp\/v2\/pages"}],"about":[{"href":"https:\/\/vafs.gov.vn\/vn\/wp-json\/wp\/v2\/types\/page"}],"author":[{"embeddable":true,"href":"https:\/\/vafs.gov.vn\/vn\/wp-json\/wp\/v2\/users\/2"}],"replies":[{"embeddable":true,"href":"https:\/\/vafs.gov.vn\/vn\/wp-json\/wp\/v2\/comments?post=14330"}],"version-history":[{"count":41,"href":"https:\/\/vafs.gov.vn\/vn\/wp-json\/wp\/v2\/pages\/14330\/revisions"}],"predecessor-version":[{"id":24078,"href":"https:\/\/vafs.gov.vn\/vn\/wp-json\/wp\/v2\/pages\/14330\/revisions\/24078"}],"wp:attachment":[{"href":"https:\/\/vafs.gov.vn\/vn\/wp-json\/wp\/v2\/media?parent=14330"}],"curies":[{"name":"wp","href":"https:\/\/api.w.org\/{rel}","templated":true}]}}