{"id":13648,"date":"2014-08-27T15:58:56","date_gmt":"2014-08-27T08:58:56","guid":{"rendered":"http:\/\/vafs.gov.vn\/vn\/?page_id=13648"},"modified":"2014-08-27T15:58:56","modified_gmt":"2014-08-27T08:58:56","slug":"giong-mac-ca-ky-hieu-dong-816","status":"publish","type":"page","link":"https:\/\/vafs.gov.vn\/vn\/giong-mac-ca-ky-hieu-dong-816\/","title":{"rendered":"Gi\u1ed1ng M\u1eafc ca &#8211; K\u00fd hi\u1ec7u: D\u00f2ng 816"},"content":{"rendered":"<p><b>D\u00f2ng: 816<\/b><\/p>\n<p>&#8211;<b> Quy\u1ebft \u0111\u1ecbnh s\u1ed1: <\/b>2040\/Q\u0110-BNN-TCLN, ng\u00e0y 01\/9\/2011.<\/p>\n<p>&#8211; <b>T\u00e1c gi\u1ea3: <\/b>Nguy\u1ec5n \u0110\u00ecnh H\u1ea3i, L\u00ea \u0110\u00ecnh Kh\u1ea3, H\u1ed3 Quang Vinh, H\u00e0 Huy Th\u1ecbnh, Mai Trung Ki\u00ean, Qu\u00e1ch M\u1ea1nh T\u00f9ng v\u00e0 \u0110\u1ed7 H\u1eefu S\u01a1n.<\/p>\n<p><b>&#8211; \u0110\u1ecba ch\u1ec9 li\u00ean h\u1ec7: <\/b>Vi\u1ec7n Nghi\u00ean c\u1ee9u Gi\u1ed1ng v\u00e0 C\u00f4ng ngh\u1ec7 sinh h\u1ecdc L\u00e2m nghi\u1ec7p<\/p>\n<p>Vi\u1ec7n Khoa h\u1ecdc L\u00e2m Nghi\u1ec7p Vi\u1ec7t Nam, \u0110\u00f4ng Ng\u1ea1c, T\u1eeb Li\u00eam, H\u00e0 N\u1ed9i.<\/p>\n<p>&#8211;<b> Nh\u1eefng \u0111\u1eb7c \u0111i\u1ec3m \u01b0u vi\u1ec7t:<\/b><\/p>\n<p>+ Kh\u1ea3 n\u0103ng ch\u1ed1ng ch\u1ecbu kh\u00f4 h\u1ea1n t\u1ed1t, \u0111\u1ebfn nay ch\u01b0a ph\u00e1t hi\u1ec7n c\u00f3 s\u00e2u b\u1ec7nh h\u1ea1i.<\/p>\n<p>+ N\u0103ng su\u1ea5t 5-7 kg h\u1ea1t\/c\u00e2y\/n\u0103m sau 5-6 n\u0103m tr\u1ed3ng.<\/p>\n<p>&#8211; <b>V\u00f9ng \u00e1p d\u1ee5ng<\/b>: Kr\u00f4ng N\u0103ng \u2013 \u0110\u1eafk L\u1eafk v\u00e0 n\u01a1i c\u00f3 \u0111i\u1ec1u ki\u1ec7n sinh th\u00e1i t\u01b0\u01a1ng t\u1ef1.<\/p>\n<p><b>&#8211; Kh\u1ea3 n\u0103ng cung c\u1ea5p gi\u1ed1ng:<\/b> C\u00e2y gh\u00e9p, c\u00e2y h\u1ea1t<\/p>\n<p><a href=\"http:\/\/vafs.gov.vn\/vn\/giong-mac-ca-ky-hieu-dong-816\/macca816\/\" rel=\"attachment wp-att-13649\"><img decoding=\"async\" loading=\"lazy\" class=\"aligncenter size-full wp-image-13649\" alt=\"MAcca816\" src=\"http:\/\/vafs.gov.vn\/vn\/wp-content\/uploads\/sites\/2\/2014\/08\/MAcca816.jpg\" width=\"402\" height=\"427\" \/><\/a><\/p>\n","protected":false},"excerpt":{"rendered":"<p>D\u00f2ng: 816 &#8211; Quy\u1ebft \u0111\u1ecbnh s\u1ed1: 2040\/Q\u0110-BNN-TCLN, ng\u00e0y 01\/9\/2011. &#8211; T\u00e1c gi\u1ea3: Nguy\u1ec5n \u0110\u00ecnh H\u1ea3i, L\u00ea \u0110\u00ecnh Kh\u1ea3, H\u1ed3 Quang Vinh, H\u00e0 Huy Th\u1ecbnh, Mai Trung Ki\u00ean, Qu\u00e1ch M\u1ea1nh T\u00f9ng v\u00e0 \u0110\u1ed7 H\u1eefu S\u01a1n. &#8211; \u0110\u1ecba ch\u1ec9 li\u00ean h\u1ec7: Vi\u1ec7n Nghi\u00ean c\u1ee9u Gi\u1ed1ng v\u00e0 C\u00f4ng ngh\u1ec7 sinh h\u1ecdc L\u00e2m nghi\u1ec7p Vi\u1ec7n Khoa h\u1ecdc L\u00e2m Nghi\u1ec7p [&hellip;]<\/p>\n","protected":false},"author":2,"featured_media":0,"parent":0,"menu_order":0,"comment_status":"open","ping_status":"open","template":"","meta":[],"_links":{"self":[{"href":"https:\/\/vafs.gov.vn\/vn\/wp-json\/wp\/v2\/pages\/13648"}],"collection":[{"href":"https:\/\/vafs.gov.vn\/vn\/wp-json\/wp\/v2\/pages"}],"about":[{"href":"https:\/\/vafs.gov.vn\/vn\/wp-json\/wp\/v2\/types\/page"}],"author":[{"embeddable":true,"href":"https:\/\/vafs.gov.vn\/vn\/wp-json\/wp\/v2\/users\/2"}],"replies":[{"embeddable":true,"href":"https:\/\/vafs.gov.vn\/vn\/wp-json\/wp\/v2\/comments?post=13648"}],"version-history":[{"count":2,"href":"https:\/\/vafs.gov.vn\/vn\/wp-json\/wp\/v2\/pages\/13648\/revisions"}],"predecessor-version":[{"id":13651,"href":"https:\/\/vafs.gov.vn\/vn\/wp-json\/wp\/v2\/pages\/13648\/revisions\/13651"}],"wp:attachment":[{"href":"https:\/\/vafs.gov.vn\/vn\/wp-json\/wp\/v2\/media?parent=13648"}],"curies":[{"name":"wp","href":"https:\/\/api.w.org\/{rel}","templated":true}]}}