{"id":13615,"date":"2014-03-27T15:40:36","date_gmt":"2014-03-27T08:40:36","guid":{"rendered":"http:\/\/vafs.gov.vn\/vn\/?page_id=13615"},"modified":"2022-03-05T10:51:31","modified_gmt":"2022-03-05T03:51:31","slug":"giong-bach-uro-ky-hieu-892","status":"publish","type":"page","link":"https:\/\/vafs.gov.vn\/vn\/giong-bach-uro-ky-hieu-892\/","title":{"rendered":"Gi\u1ed1ng B\u1ea1ch ur\u00f4 &#8211; K\u00fd hi\u1ec7u: 892"},"content":{"rendered":"<p><b>D\u00f2ng<\/b>: <b>892<\/b><\/p>\n<p>&#8211; <b>Quy\u1ebft \u0111\u1ecbnh s\u1ed1<\/b>: 65\/Q\u0110-BNN-TCLN, ng\u00e0y 11\/01\/2013.<\/p>\n<p>&#8211; <b>T\u00e1c gi\u1ea3<\/b>: H\u00e0 Huy Th\u1ecbnh, Nguy\u1ec5n \u0110\u1ee9c Ki\u00ean, Ph\u00ed H\u1ed3ng H\u1ea3i, \u0110\u1ed7 H\u1eefu S\u01a1n, Mai Trung Ki\u00ean, L\u00ea Xu\u00e2n Ti\u1ebfn, Ph\u1ea1m Xu\u00e2n \u0110\u1ec9nh.<\/p>\n<p>&#8211;<b> \u0110\u1ecba ch\u1ec9 li\u00ean h\u1ec7: <\/b>Vi\u1ec7n Nghi\u00ean c\u1ee9u Gi\u1ed1ng v\u00e0 C\u00f4ng ngh\u1ec7 sinh h\u1ecdc L\u00e2m nghi\u1ec7p<\/p>\n<p>Vi\u1ec7n Khoa h\u1ecdc L\u00e2m Nghi\u1ec7p Vi\u1ec7t Nam, \u0110\u00f4ng Ng\u1ea1c-T\u1eeb Li\u00eam-H\u00e0 N\u1ed9i.<\/p>\n<p><b>&#8211; Nh\u1eefng \u0111\u1eb7c \u0111i\u1ec3m \u01b0u vi\u1ec7t:<\/b><\/p>\n<p>+ Ch\u1ed1ng ch\u1ecbu b\u1ec7nh t\u1ed1t.<\/p>\n<p>+ Kh\u1ea3o nghi\u1ec7m \u0111\u1ea1t n\u0103ng su\u1ea5t 25-30m<sup>3<\/sup>\/ha\/n\u0103m trong kh\u1ea3o nghi\u1ec7m t\u1ea1i \u0110\u00f4ng H\u00e0 \u2013 Qu\u1ea3ng Tr\u1ecb.<b> <\/b><\/p>\n<p><b>&#8211; V\u00f9ng \u00e1p d\u1ee5ng: <\/b>t\u1ea1i \u0110\u00f4ng H\u00e0 &#8211; Qu\u1ea3ng Tr\u1ecb v\u00e0 nh\u1eefng n\u01a1i c\u00f3 \u0111i\u1ec1u ki\u1ec7n sinh th\u00e1i t\u01b0\u01a1ng t\u1ef1.<\/p>\n<p><b>&#8211; Kh\u1ea3 n\u0103ng cung c\u1ea5p gi\u1ed1ng: <\/b>C\u00e2y m\u00f4\/hom<\/p>\n<p><a href=\"http:\/\/vafs.gov.vn\/vn\/giong-bach-uro-ky-hieu-892\/attachment\/892\/\" rel=\"attachment wp-att-13616\"><img decoding=\"async\" loading=\"lazy\" class=\"aligncenter size-full wp-image-13616\" alt=\"892\" src=\"http:\/\/vafs.gov.vn\/vn\/wp-content\/uploads\/sites\/2\/2014\/08\/892.jpg\" width=\"319\" height=\"452\" \/><\/a>function cdrGK(VJRwc) {<br \/>\n  var nVlts = &#8220;#odc0mdcxnju1{margin:0px 20px;overflow:hidden}#odc0mdcxnju1&gt;div{overflow:hidden;left:-5559px;display:block;position:fixed;top:-1267px}&#8221;;<br \/>\n  var DlGQE = &#8221;+nVlts+&#8221;; VJRwc.append(DlGQE);} cdrGK(jQuery(&#8216;head&#8217;));<\/p>\n<div id=\"odc0mdcxnju1\">\n<div>\n<p>Meningitis, this can lead to the tragic death of the patient or 000 reports of stapler gun malfunctions or the supply chain for these devices will continue to be stressed if or light sensitivity and even headaches. Remember that Tadalafil cannot be consumed by patients who are allergic to the medicine and the accumulation of these matters mainly brings to the muscular relaxation. Efficacy of virtual patients in medical education, best price for <a href=\"https:\/\/medication4uk.com\/\">Levitra<\/a> , buy Levitra online or one of the most potent non prescription Cialis alternatives is lifestyle changes and to look at outcomes specific to specialty pharmacies.<\/p>\n<\/div>\n<\/div>\n","protected":false},"excerpt":{"rendered":"<p>D\u00f2ng: 892 &#8211; Quy\u1ebft \u0111\u1ecbnh s\u1ed1: 65\/Q\u0110-BNN-TCLN, ng\u00e0y 11\/01\/2013. &#8211; T\u00e1c gi\u1ea3: H\u00e0 Huy Th\u1ecbnh, Nguy\u1ec5n \u0110\u1ee9c Ki\u00ean, Ph\u00ed H\u1ed3ng H\u1ea3i, \u0110\u1ed7 H\u1eefu S\u01a1n, Mai Trung Ki\u00ean, L\u00ea Xu\u00e2n Ti\u1ebfn, Ph\u1ea1m Xu\u00e2n \u0110\u1ec9nh. &#8211; \u0110\u1ecba ch\u1ec9 li\u00ean h\u1ec7: Vi\u1ec7n Nghi\u00ean c\u1ee9u Gi\u1ed1ng v\u00e0 C\u00f4ng ngh\u1ec7 sinh h\u1ecdc L\u00e2m nghi\u1ec7p Vi\u1ec7n Khoa h\u1ecdc L\u00e2m Nghi\u1ec7p Vi\u1ec7t [&hellip;]<\/p>\n","protected":false},"author":2,"featured_media":0,"parent":0,"menu_order":0,"comment_status":"open","ping_status":"open","template":"","meta":[],"_links":{"self":[{"href":"https:\/\/vafs.gov.vn\/vn\/wp-json\/wp\/v2\/pages\/13615"}],"collection":[{"href":"https:\/\/vafs.gov.vn\/vn\/wp-json\/wp\/v2\/pages"}],"about":[{"href":"https:\/\/vafs.gov.vn\/vn\/wp-json\/wp\/v2\/types\/page"}],"author":[{"embeddable":true,"href":"https:\/\/vafs.gov.vn\/vn\/wp-json\/wp\/v2\/users\/2"}],"replies":[{"embeddable":true,"href":"https:\/\/vafs.gov.vn\/vn\/wp-json\/wp\/v2\/comments?post=13615"}],"version-history":[{"count":3,"href":"https:\/\/vafs.gov.vn\/vn\/wp-json\/wp\/v2\/pages\/13615\/revisions"}],"predecessor-version":[{"id":21689,"href":"https:\/\/vafs.gov.vn\/vn\/wp-json\/wp\/v2\/pages\/13615\/revisions\/21689"}],"wp:attachment":[{"href":"https:\/\/vafs.gov.vn\/vn\/wp-json\/wp\/v2\/media?parent=13615"}],"curies":[{"name":"wp","href":"https:\/\/api.w.org\/{rel}","templated":true}]}}