{"id":13601,"date":"2014-08-27T15:34:50","date_gmt":"2014-08-27T08:34:50","guid":{"rendered":"http:\/\/vafs.gov.vn\/vn\/?page_id=13601"},"modified":"2014-08-27T15:34:50","modified_gmt":"2014-08-27T08:34:50","slug":"giong-bach-dan-lai-ky-hieu-up95","status":"publish","type":"page","link":"https:\/\/vafs.gov.vn\/vn\/giong-bach-dan-lai-ky-hieu-up95\/","title":{"rendered":"Gi\u1ed1ng B\u1ea1ch \u0111\u00e0n lai &#8211; K\u00fd hi\u1ec7u: UP95"},"content":{"rendered":"<p><b>D\u00f2ng: <\/b><b>UP95<\/b><\/p>\n<p><b>&#8211; Quy\u1ebft \u0111\u1ecbnh s\u1ed1: <\/b>65\/Q\u0110-BNN-LN, ng\u00e0y 11\/01\/2013<\/p>\n<p><b>&#8211; T\u00e1c gi\u1ea3: <\/b>H\u00e0 Huy Th\u1ecbnh, Nguy\u1ec5n \u0110\u1ee9c Ki\u00ean, Ph\u00ed H\u1ed3ng H\u1ea3i, \u0110\u1ed7 H\u1eefu S\u01a1n, Mai Trung Ki\u00ean.<\/p>\n<p>&#8211;<b> \u0110\u1ecba ch\u1ec9 li\u00ean h\u1ec7: <\/b>Vi\u1ec7n Nghi\u00ean c\u1ee9u Gi\u1ed1ng v\u00e0 C\u00f4ng ngh\u1ec7 sinh h\u1ecdc L\u00e2m nghi\u1ec7p<\/p>\n<p>Vi\u1ec7n Khoa h\u1ecdc L\u00e2m Nghi\u1ec7p Vi\u1ec7t Nam, \u0110\u00f4ng Ng\u1ea1c-T\u1eeb Li\u00eam-H\u00e0 N\u1ed9i.<\/p>\n<p><b>&#8211; Nh\u1eefng \u0111\u1eb7c \u0111i\u1ec3m \u01b0u vi\u1ec7t:<\/b><\/p>\n<p>+ Ch\u1ed1ng ch\u1ecbu b\u1ec7nh t\u1ed1t.<\/p>\n<p>+ Kh\u1ea3o nghi\u1ec7m \u0111\u1ea1t n\u0103ng su\u1ea5t 22-25m<sup>3<\/sup>\/ha\/n\u0103m trong kh\u1ea3o nghi\u1ec7m t\u1ea1i Ba V\u00ec \u2013 H\u00e0 N\u1ed9i.<b> <\/b><\/p>\n<p><b>&#8211; V\u00f9ng \u00e1p d\u1ee5ng: <\/b>t\u1ea1i Ba V\u00ec \u2013 H\u00e0 N\u1ed9i v\u00e0 nh\u1eefng n\u01a1i c\u00f3 \u0111i\u1ec1u ki\u1ec7n sinh th\u00e1i t\u01b0\u01a1ng t\u1ef1.<\/p>\n<p><b>&#8211; Kh\u1ea3 n\u0103ng cung c\u1ea5p gi\u1ed1ng: <\/b>C\u00e2y m\u00f4\/hom<\/p>\n<p><a href=\"http:\/\/vafs.gov.vn\/vn\/giong-bach-dan-lai-ky-hieu-up95\/up95\/\" rel=\"attachment wp-att-13603\"><img decoding=\"async\" loading=\"lazy\" class=\"aligncenter size-full wp-image-13603\" alt=\"UP95\" src=\"http:\/\/vafs.gov.vn\/vn\/wp-content\/uploads\/sites\/2\/2014\/08\/UP95.jpg\" width=\"334\" height=\"493\" \/><\/a><\/p>\n","protected":false},"excerpt":{"rendered":"<p>D\u00f2ng: UP95 &#8211; Quy\u1ebft \u0111\u1ecbnh s\u1ed1: 65\/Q\u0110-BNN-LN, ng\u00e0y 11\/01\/2013 &#8211; T\u00e1c gi\u1ea3: H\u00e0 Huy Th\u1ecbnh, Nguy\u1ec5n \u0110\u1ee9c Ki\u00ean, Ph\u00ed H\u1ed3ng H\u1ea3i, \u0110\u1ed7 H\u1eefu S\u01a1n, Mai Trung Ki\u00ean. &#8211; \u0110\u1ecba ch\u1ec9 li\u00ean h\u1ec7: Vi\u1ec7n Nghi\u00ean c\u1ee9u Gi\u1ed1ng v\u00e0 C\u00f4ng ngh\u1ec7 sinh h\u1ecdc L\u00e2m nghi\u1ec7p Vi\u1ec7n Khoa h\u1ecdc L\u00e2m Nghi\u1ec7p Vi\u1ec7t Nam, \u0110\u00f4ng Ng\u1ea1c-T\u1eeb Li\u00eam-H\u00e0 N\u1ed9i. &#8211; [&hellip;]<\/p>\n","protected":false},"author":2,"featured_media":0,"parent":0,"menu_order":0,"comment_status":"open","ping_status":"open","template":"","meta":[],"_links":{"self":[{"href":"https:\/\/vafs.gov.vn\/vn\/wp-json\/wp\/v2\/pages\/13601"}],"collection":[{"href":"https:\/\/vafs.gov.vn\/vn\/wp-json\/wp\/v2\/pages"}],"about":[{"href":"https:\/\/vafs.gov.vn\/vn\/wp-json\/wp\/v2\/types\/page"}],"author":[{"embeddable":true,"href":"https:\/\/vafs.gov.vn\/vn\/wp-json\/wp\/v2\/users\/2"}],"replies":[{"embeddable":true,"href":"https:\/\/vafs.gov.vn\/vn\/wp-json\/wp\/v2\/comments?post=13601"}],"version-history":[{"count":2,"href":"https:\/\/vafs.gov.vn\/vn\/wp-json\/wp\/v2\/pages\/13601\/revisions"}],"predecessor-version":[{"id":13605,"href":"https:\/\/vafs.gov.vn\/vn\/wp-json\/wp\/v2\/pages\/13601\/revisions\/13605"}],"wp:attachment":[{"href":"https:\/\/vafs.gov.vn\/vn\/wp-json\/wp\/v2\/media?parent=13601"}],"curies":[{"name":"wp","href":"https:\/\/api.w.org\/{rel}","templated":true}]}}