{"id":13582,"date":"2014-08-27T11:31:56","date_gmt":"2014-08-27T04:31:56","guid":{"rendered":"http:\/\/vafs.gov.vn\/vn\/?page_id=13582"},"modified":"2014-08-27T11:32:06","modified_gmt":"2014-08-27T04:32:06","slug":"giong-keo-tai-tuong-ky-hieu-m5","status":"publish","type":"page","link":"https:\/\/vafs.gov.vn\/vn\/giong-keo-tai-tuong-ky-hieu-m5\/","title":{"rendered":"Gi\u1ed1ng Keo tai t\u01b0\u1ee3ng &#8211; K\u00fd hi\u1ec7u: M5"},"content":{"rendered":"<p><b>D\u00f2ng: M5<\/b><\/p>\n<p><b>&#8211; Quy\u00ea\u0301t \u0111i\u0323nh s\u00f4\u0301: <\/b>3377\/Q\u0110-BNN-TCLN nga\u0300y 16 tha\u0301ng 12 n\u0103m 2010<\/p>\n<p><b>&#8211; Ta\u0301c gia\u0309:<\/b> Nguy\u00ea\u0303n Hoa\u0300ng Nghi\u0303a, Pha\u0323m Quang Thu, Nguy\u00ea\u0303n V\u0103n Chi\u00ea\u0301n<\/p>\n<p><b>&#8211; \u0110i\u0323a chi\u0309 li\u00ean h\u00ea\u0323:<\/b> Vi\u00ea\u0323n Khoa ho\u0323c L\u00e2m nghi\u00ea\u0323p Vi\u00ea\u0323t Nam, \u0110\u00f4ng Nga\u0323c \u2013 T\u01b0\u0300 Li\u00eam \u2013 Ha\u0300 N\u00f4\u0323i.<\/p>\n<p><b>&#8211; Nh\u01b0\u0303ng \u0111\u0103\u0323c \u0111i\u00ea\u0309m \u01b0u vi\u00ea\u0323t:<\/b><\/p>\n<p>+ Th\u00e2n th\u0103\u0309ng th\u01b0\u01a1\u0300ng co\u0301 1 th\u00e2n chi\u0301nh, chi\u00ea\u0300u cao d\u01b0\u01a1\u0301i ca\u0300nh l\u01a1\u0301n, l\u00e1 nh\u1ecf, t\u00e1n l\u00e1 th\u01b0a.<\/p>\n<p>+ Sinh tr\u01b0\u01a1\u0309ng nhanh tr\u00ean v\u00f9ng \u0111\u1ed3i th\u1ea5p, \u0111\u1ea5t feralit v\u00e0ng \u0111\u1ecf ph\u00e1t tri\u1ec3n tr\u00ean phi\u1ebfn th\u1ea1ch s\u00e9t, t\u1ea7ng \u0111\u1ea5t m\u1eb7t m\u1ecfng, ngh\u00e8o ch\u1ea5t dinh d\u01b0\u1ee1ng n\u0103ng su\u1ea5t \u0111a\u0323t 36,23 m<sup>3<\/sup>\/ha\/n\u0103m.<\/p>\n<p>+ Kha\u0309 n\u0103ng ch\u1ed1ng ch\u1ecbu b\u1ec7nh t\u1ed1t, kh\u00f4ng b\u1ecb b\u1ec7nh ph\u1ea5n h\u1ed3ng.<\/p>\n<p><b>&#8211; Vu\u0300ng a\u0301p du\u0323ng:<\/b> \u0110\u00f4ng Nam B\u00f4\u0323<\/p>\n<p><b>&#8211; Kha\u0309 n\u0103ng cung c\u00e2\u0301p gi\u00f4\u0301ng:<\/b> C\u00e2y hom<\/p>\n<p><a href=\"http:\/\/vafs.gov.vn\/vn\/giong-keo-tai-tuong-ky-hieu-m5\/m5\/\" rel=\"attachment wp-att-13583\"><img decoding=\"async\" loading=\"lazy\" class=\"aligncenter size-full wp-image-13583\" alt=\"M5\" src=\"http:\/\/vafs.gov.vn\/vn\/wp-content\/uploads\/sites\/2\/2014\/08\/M5.jpg\" width=\"296\" height=\"454\" \/><\/a><\/p>\n","protected":false},"excerpt":{"rendered":"<p>D\u00f2ng: M5 &#8211; Quy\u00ea\u0301t \u0111i\u0323nh s\u00f4\u0301: 3377\/Q\u0110-BNN-TCLN nga\u0300y 16 tha\u0301ng 12 n\u0103m 2010 &#8211; Ta\u0301c gia\u0309: Nguy\u00ea\u0303n Hoa\u0300ng Nghi\u0303a, Pha\u0323m Quang Thu, Nguy\u00ea\u0303n V\u0103n Chi\u00ea\u0301n &#8211; \u0110i\u0323a chi\u0309 li\u00ean h\u00ea\u0323: Vi\u00ea\u0323n Khoa ho\u0323c L\u00e2m nghi\u00ea\u0323p Vi\u00ea\u0323t Nam, \u0110\u00f4ng Nga\u0323c \u2013 T\u01b0\u0300 Li\u00eam \u2013 Ha\u0300 N\u00f4\u0323i. &#8211; Nh\u01b0\u0303ng \u0111\u0103\u0323c \u0111i\u00ea\u0309m \u01b0u vi\u00ea\u0323t: + Th\u00e2n th\u0103\u0309ng th\u01b0\u01a1\u0300ng [&hellip;]<\/p>\n","protected":false},"author":2,"featured_media":0,"parent":0,"menu_order":0,"comment_status":"open","ping_status":"open","template":"","meta":[],"_links":{"self":[{"href":"https:\/\/vafs.gov.vn\/vn\/wp-json\/wp\/v2\/pages\/13582"}],"collection":[{"href":"https:\/\/vafs.gov.vn\/vn\/wp-json\/wp\/v2\/pages"}],"about":[{"href":"https:\/\/vafs.gov.vn\/vn\/wp-json\/wp\/v2\/types\/page"}],"author":[{"embeddable":true,"href":"https:\/\/vafs.gov.vn\/vn\/wp-json\/wp\/v2\/users\/2"}],"replies":[{"embeddable":true,"href":"https:\/\/vafs.gov.vn\/vn\/wp-json\/wp\/v2\/comments?post=13582"}],"version-history":[{"count":3,"href":"https:\/\/vafs.gov.vn\/vn\/wp-json\/wp\/v2\/pages\/13582\/revisions"}],"predecessor-version":[{"id":13587,"href":"https:\/\/vafs.gov.vn\/vn\/wp-json\/wp\/v2\/pages\/13582\/revisions\/13587"}],"wp:attachment":[{"href":"https:\/\/vafs.gov.vn\/vn\/wp-json\/wp\/v2\/media?parent=13582"}],"curies":[{"name":"wp","href":"https:\/\/api.w.org\/{rel}","templated":true}]}}