{"id":13576,"date":"2014-08-27T11:27:41","date_gmt":"2014-08-27T04:27:41","guid":{"rendered":"http:\/\/vafs.gov.vn\/vn\/?page_id=13576"},"modified":"2014-08-27T11:27:41","modified_gmt":"2014-08-27T04:27:41","slug":"giong-bach-dan-lai-ky-hieu-ue27","status":"publish","type":"page","link":"https:\/\/vafs.gov.vn\/vn\/giong-bach-dan-lai-ky-hieu-ue27\/","title":{"rendered":"Gi\u1ed1ng B\u1ea1ch \u0111\u00e0n lai  K\u00fd hi\u1ec7u: UE27"},"content":{"rendered":"<p><b>D\u00f2ng: <\/b><b>UE<sub>27<\/sub><\/b><\/p>\n<p><b>&#8211; Quy\u1ebft \u0111\u1ecbnh s\u1ed1: <\/b>3954\/Q\u0110-BNN-LN, ng\u00e0y 11\/12\/2008<\/p>\n<p><b>&#8211; T\u00e1c gi\u1ea3: <\/b>Nguy\u1ec5n Vi\u1ec7t C\u01b0\u1eddng, L\u00ea \u0110\u00ecnh Kh\u1ea3, Nguy\u1ec5n Minh Tr\u00ed, \u0110\u1ed7 Th\u1ecb Minh Hi\u1ec3n<\/p>\n<p>&#8211;<b> \u0110\u1ecba ch\u1ec9 li\u00ean h\u1ec7: <\/b>Vi\u1ec7n Nghi\u00ean c\u1ee9u Gi\u1ed1ng v\u00e0 C\u00f4ng ngh\u1ec7 sinh h\u1ecdc L\u00e2m nghi\u1ec7p<\/p>\n<p>Vi\u1ec7n Khoa h\u1ecdc L\u00e2m Nghi\u1ec7p Vi\u1ec7t Nam, \u0110\u00f4ng Ng\u1ea1c-T\u1eeb Li\u00eam-H\u00e0 N\u1ed9i.<\/p>\n<p><b>&#8211; Nh\u1eefng \u0111\u1eb7c \u0111i\u1ec3m \u01b0u vi\u1ec7t:<\/b><\/p>\n<p>+ Ch\u1ed1ng ch\u1ecbu b\u1ec7nh t\u1ed1t.<\/p>\n<p>+ Kh\u1ea3o nghi\u1ec7m \u1edf Tam Thanh-Ph\u00fa Th\u1ecd \u0111\u1ea1t n\u0103ng su\u1ea5t 21,9m<sup>3<\/sup>\/ha\/n\u0103m; t\u1ea1i T\u00e2n L\u1eadp-B\u00ecnh Ph\u01b0\u1edbc \u0111\u1ea1t 40,3m<sup>3<\/sup>\/ha\/n\u0103m.<b> <\/b><\/p>\n<p><b>&#8211; V\u00f9ng \u00e1p d\u1ee5ng: <\/b>\u0110\u00f4ng Nam B\u1ed9 v\u00e0 v\u00f9ng Trung t\u00e2<a href=\"http:\/\/vafs.gov.vn\/vn\/giong-bach-dan-lai-ky-hieu-ue27\/ue27\/\" rel=\"attachment wp-att-13578\"><img decoding=\"async\" loading=\"lazy\" class=\"aligncenter size-full wp-image-13578\" alt=\"Ue27\" src=\"http:\/\/vafs.gov.vn\/vn\/wp-content\/uploads\/sites\/2\/2014\/08\/Ue27.jpg\" width=\"399\" height=\"515\" srcset=\"https:\/\/vafs.gov.vn\/vn\/wp-content\/uploads\/sites\/2\/2014\/08\/Ue27.jpg 399w, https:\/\/vafs.gov.vn\/vn\/wp-content\/uploads\/sites\/2\/2014\/08\/Ue27-387x500.jpg 387w\" sizes=\"(max-width: 399px) 100vw, 399px\" \/><\/a>m<\/p>\n<p><b>&#8211; Kh\u1ea3 n\u0103ng cung c\u1ea5p gi\u1ed1ng: <\/b>C\u00e2y<b> <\/b>hom<\/p>\n<p>&nbsp;<\/p>\n","protected":false},"excerpt":{"rendered":"<p>D\u00f2ng: UE27 &#8211; Quy\u1ebft \u0111\u1ecbnh s\u1ed1: 3954\/Q\u0110-BNN-LN, ng\u00e0y 11\/12\/2008 &#8211; T\u00e1c gi\u1ea3: Nguy\u1ec5n Vi\u1ec7t C\u01b0\u1eddng, L\u00ea \u0110\u00ecnh Kh\u1ea3, Nguy\u1ec5n Minh Tr\u00ed, \u0110\u1ed7 Th\u1ecb Minh Hi\u1ec3n &#8211; \u0110\u1ecba ch\u1ec9 li\u00ean h\u1ec7: Vi\u1ec7n Nghi\u00ean c\u1ee9u Gi\u1ed1ng v\u00e0 C\u00f4ng ngh\u1ec7 sinh h\u1ecdc L\u00e2m nghi\u1ec7p Vi\u1ec7n Khoa h\u1ecdc L\u00e2m Nghi\u1ec7p Vi\u1ec7t Nam, \u0110\u00f4ng Ng\u1ea1c-T\u1eeb Li\u00eam-H\u00e0 N\u1ed9i. &#8211; Nh\u1eefng \u0111\u1eb7c [&hellip;]<\/p>\n","protected":false},"author":2,"featured_media":0,"parent":0,"menu_order":0,"comment_status":"open","ping_status":"open","template":"","meta":[],"_links":{"self":[{"href":"https:\/\/vafs.gov.vn\/vn\/wp-json\/wp\/v2\/pages\/13576"}],"collection":[{"href":"https:\/\/vafs.gov.vn\/vn\/wp-json\/wp\/v2\/pages"}],"about":[{"href":"https:\/\/vafs.gov.vn\/vn\/wp-json\/wp\/v2\/types\/page"}],"author":[{"embeddable":true,"href":"https:\/\/vafs.gov.vn\/vn\/wp-json\/wp\/v2\/users\/2"}],"replies":[{"embeddable":true,"href":"https:\/\/vafs.gov.vn\/vn\/wp-json\/wp\/v2\/comments?post=13576"}],"version-history":[{"count":2,"href":"https:\/\/vafs.gov.vn\/vn\/wp-json\/wp\/v2\/pages\/13576\/revisions"}],"predecessor-version":[{"id":13580,"href":"https:\/\/vafs.gov.vn\/vn\/wp-json\/wp\/v2\/pages\/13576\/revisions\/13580"}],"wp:attachment":[{"href":"https:\/\/vafs.gov.vn\/vn\/wp-json\/wp\/v2\/media?parent=13576"}],"curies":[{"name":"wp","href":"https:\/\/api.w.org\/{rel}","templated":true}]}}