{"id":13564,"date":"2014-08-27T11:21:41","date_gmt":"2014-08-27T04:21:41","guid":{"rendered":"http:\/\/vafs.gov.vn\/vn\/?page_id=13564"},"modified":"2014-08-27T11:21:41","modified_gmt":"2014-08-27T04:21:41","slug":"giong-bach-dan-lai-ky-hieu-cu90","status":"publish","type":"page","link":"https:\/\/vafs.gov.vn\/vn\/giong-bach-dan-lai-ky-hieu-cu90\/","title":{"rendered":"Gi\u1ed1ng B\u1ea1ch \u0111\u00e0n lai &#8211; K\u00fd hi\u1ec7u: CU90"},"content":{"rendered":"<p><b>D\u00f2ng: CU90<\/b><\/p>\n<p><b>&#8211; Quy\u1ebft \u0111\u1ecbnh s\u1ed1: <\/b>3954\/Q\u0110-BNN-LN, ng\u00e0y 11\/12\/2008<\/p>\n<p>&#8211; <b>T\u00e1c gi\u1ea3: <\/b>Nguy\u1ec5n Vi\u1ec7t C\u01b0\u1eddng, L\u00ea \u0110\u00ecnh Kh\u1ea3, Nguy\u1ec5n Minh Ch\u00ed, \u0110\u1ed7 Th\u1ecb Minh Hi\u1ec3n<\/p>\n<p><b>&#8211; \u0110\u1ecba ch\u1ec9 li\u00ean h\u1ec7:<\/b> Vi\u1ec7n Nghi\u00ean c\u1ee9u Gi\u1ed1ng v\u00e0 C\u00f4ng ngh\u1ec7 sinh h\u1ecdc L\u00e2m nghi\u1ec7p<\/p>\n<p>Vi\u1ec7n Khoa h\u1ecdc L\u00e2m Nghi\u1ec7p Vi\u1ec7t Nam, \u0110\u00f4ng Ng\u1ea1c-T\u1eeb Li\u00eam-H\u00e0 N\u1ed9i.<\/p>\n<p><b>&#8211; Nh\u1eefng \u0111\u1eb7c \u0111i\u1ec3m \u01b0u vi\u1ec7t:<\/b><\/p>\n<p>+ Ch\u1ed1ng ch\u1ecbu b\u1ec7nh t\u1ed1t<\/p>\n<p>+ C\u00f3 n\u0103ng su\u1ea5t \u0111\u1ea1t 25-30m<sup>3<\/sup>\/ha\/n\u0103m, ch\u1ea5t l\u01b0\u1ee3ng c\u00e2y t\u1ed1t, th\u00e2n th\u1eb3ng, tr\u00f2n \u0111\u1ec1u.<\/p>\n<p>&#8211; <b>V\u00f9ng \u00e1p d\u1ee5ng<\/b>: V\u00f9ng Trung t\u00e2m<\/p>\n<p><b>&#8211; Kh\u1ea3 n\u0103ng cung c\u1ea5p gi\u1ed1ng:<\/b> C\u00e2y hom<\/p>\n<p><a href=\"http:\/\/vafs.gov.vn\/vn\/giong-bach-dan-lai-ky-hieu-cu90\/cu90\/\" rel=\"attachment wp-att-13565\"><img decoding=\"async\" loading=\"lazy\" class=\"aligncenter size-full wp-image-13565\" alt=\"CU90\" src=\"http:\/\/vafs.gov.vn\/vn\/wp-content\/uploads\/sites\/2\/2014\/08\/CU90.jpg\" width=\"440\" height=\"526\" srcset=\"https:\/\/vafs.gov.vn\/vn\/wp-content\/uploads\/sites\/2\/2014\/08\/CU90.jpg 440w, https:\/\/vafs.gov.vn\/vn\/wp-content\/uploads\/sites\/2\/2014\/08\/CU90-418x500.jpg 418w\" sizes=\"(max-width: 440px) 100vw, 440px\" \/><\/a><\/p>\n","protected":false},"excerpt":{"rendered":"<p>D\u00f2ng: CU90 &#8211; Quy\u1ebft \u0111\u1ecbnh s\u1ed1: 3954\/Q\u0110-BNN-LN, ng\u00e0y 11\/12\/2008 &#8211; T\u00e1c gi\u1ea3: Nguy\u1ec5n Vi\u1ec7t C\u01b0\u1eddng, L\u00ea \u0110\u00ecnh Kh\u1ea3, Nguy\u1ec5n Minh Ch\u00ed, \u0110\u1ed7 Th\u1ecb Minh Hi\u1ec3n &#8211; \u0110\u1ecba ch\u1ec9 li\u00ean h\u1ec7: Vi\u1ec7n Nghi\u00ean c\u1ee9u Gi\u1ed1ng v\u00e0 C\u00f4ng ngh\u1ec7 sinh h\u1ecdc L\u00e2m nghi\u1ec7p Vi\u1ec7n Khoa h\u1ecdc L\u00e2m Nghi\u1ec7p Vi\u1ec7t Nam, \u0110\u00f4ng Ng\u1ea1c-T\u1eeb Li\u00eam-H\u00e0 N\u1ed9i. &#8211; Nh\u1eefng \u0111\u1eb7c [&hellip;]<\/p>\n","protected":false},"author":2,"featured_media":0,"parent":0,"menu_order":0,"comment_status":"open","ping_status":"open","template":"","meta":[],"_links":{"self":[{"href":"https:\/\/vafs.gov.vn\/vn\/wp-json\/wp\/v2\/pages\/13564"}],"collection":[{"href":"https:\/\/vafs.gov.vn\/vn\/wp-json\/wp\/v2\/pages"}],"about":[{"href":"https:\/\/vafs.gov.vn\/vn\/wp-json\/wp\/v2\/types\/page"}],"author":[{"embeddable":true,"href":"https:\/\/vafs.gov.vn\/vn\/wp-json\/wp\/v2\/users\/2"}],"replies":[{"embeddable":true,"href":"https:\/\/vafs.gov.vn\/vn\/wp-json\/wp\/v2\/comments?post=13564"}],"version-history":[{"count":2,"href":"https:\/\/vafs.gov.vn\/vn\/wp-json\/wp\/v2\/pages\/13564\/revisions"}],"predecessor-version":[{"id":13567,"href":"https:\/\/vafs.gov.vn\/vn\/wp-json\/wp\/v2\/pages\/13564\/revisions\/13567"}],"wp:attachment":[{"href":"https:\/\/vafs.gov.vn\/vn\/wp-json\/wp\/v2\/media?parent=13564"}],"curies":[{"name":"wp","href":"https:\/\/api.w.org\/{rel}","templated":true}]}}