{"id":13527,"date":"2014-08-27T11:01:26","date_gmt":"2014-08-27T04:01:26","guid":{"rendered":"http:\/\/vafs.gov.vn\/vn\/?page_id=13527"},"modified":"2014-08-27T11:01:26","modified_gmt":"2014-08-27T04:01:26","slug":"giong-bach-dan-lai-ky-hieu-uc1","status":"publish","type":"page","link":"https:\/\/vafs.gov.vn\/vn\/giong-bach-dan-lai-ky-hieu-uc1\/","title":{"rendered":"Gi\u1ed1ng B\u1ea1ch \u0111\u00e0n lai &#8211; K\u00fd hi\u1ec7u: UC1"},"content":{"rendered":"<p><b>D\u00f2ng: UC<sub>1<\/sub><\/b><\/p>\n<p><b>&#8211; Quy\u1ebft \u0111\u1ecbnh s\u1ed1: <\/b>3905\/Q\u0110-BNN-KHCN, ng\u00e0y 11\/12\/2007.<\/p>\n<p><b>&#8211; T\u00e1c gi\u1ea3: <\/b>Nguy\u1ec5n Vi\u1ec7t C\u01b0\u1eddng,<b> <\/b>L\u00ea \u0110\u00ecnh Kh\u1ea3, Nguy\u1ec5n Minh Tr\u00ed.<\/p>\n<p>&#8211;<b> \u0110\u1ecba ch\u1ec9 li\u00ean h\u1ec7:<\/b> Vi\u1ec7n Nghi\u00ean c\u1ee9u Gi\u1ed1ng v\u00e0 C\u00f4ng ngh\u1ec7 sinh h\u1ecdc L\u00e2m nghi\u1ec7p<\/p>\n<p>Vi\u1ec7n Khoa h\u1ecdc L\u00e2m Nghi\u1ec7p Vi\u1ec7t Nam, \u0110\u00f4ng Ng\u1ea1c-T\u1eeb Li\u00eam-H\u00e0 N\u1ed9i.<\/p>\n<p><b>&#8211; Nh\u1eefng \u0111\u1eb7c \u0111i\u1ec3m \u01b0u vi\u1ec7t:<\/b><\/p>\n<p>+ Kh\u1ea3 n\u0103ng ch\u1ed1ng ch\u1ecbu b\u1ec7nh t\u1ed1t<\/p>\n<p>+ C\u00f3 n\u0103ng su\u1ea5t \u0111\u1ea1t 35,3 m<sup>3<\/sup>\/ha\/n\u0103m, ch\u1ea5t l\u01b0\u1ee3ng c\u00e2y t\u1ed1t, th\u00e2n th\u1eb3ng, tr\u00f2n \u0111\u1ec1u.<\/p>\n<p><b>&#8211; V\u00f9ng \u00e1p d\u1ee5ng: <\/b>\u00a0Minh \u0110\u1ee9c &#8211; B\u00ecnh Ph\u01b0\u1edbc v\u00e0 nh\u1eefng n\u01a1i c\u00f3 \u0111i\u1ec1u ki\u1ec7n sinh th\u00e1i t\u01b0\u01a1ng t\u1ef1.<\/p>\n<p><b>&#8211; Kh\u1ea3 n\u0103ng cung c\u1ea5p gi\u1ed1ng: <\/b>C\u00e2y hom<b>\u00a0 <\/b><\/p>\n<p><a href=\"http:\/\/vafs.gov.vn\/vn\/giong-bach-dan-lai-ky-hieu-uc1\/uc1\/\" rel=\"attachment wp-att-13528\"><img decoding=\"async\" loading=\"lazy\" class=\"aligncenter size-full wp-image-13528\" alt=\"UC1\" src=\"http:\/\/vafs.gov.vn\/vn\/wp-content\/uploads\/sites\/2\/2014\/08\/UC1.jpg\" width=\"395\" height=\"504\" srcset=\"https:\/\/vafs.gov.vn\/vn\/wp-content\/uploads\/sites\/2\/2014\/08\/UC1.jpg 395w, https:\/\/vafs.gov.vn\/vn\/wp-content\/uploads\/sites\/2\/2014\/08\/UC1-391x500.jpg 391w\" sizes=\"(max-width: 395px) 100vw, 395px\" \/><\/a><\/p>\n","protected":false},"excerpt":{"rendered":"<p>D\u00f2ng: UC1 &#8211; Quy\u1ebft \u0111\u1ecbnh s\u1ed1: 3905\/Q\u0110-BNN-KHCN, ng\u00e0y 11\/12\/2007. &#8211; T\u00e1c gi\u1ea3: Nguy\u1ec5n Vi\u1ec7t C\u01b0\u1eddng, L\u00ea \u0110\u00ecnh Kh\u1ea3, Nguy\u1ec5n Minh Tr\u00ed. &#8211; \u0110\u1ecba ch\u1ec9 li\u00ean h\u1ec7: Vi\u1ec7n Nghi\u00ean c\u1ee9u Gi\u1ed1ng v\u00e0 C\u00f4ng ngh\u1ec7 sinh h\u1ecdc L\u00e2m nghi\u1ec7p Vi\u1ec7n Khoa h\u1ecdc L\u00e2m Nghi\u1ec7p Vi\u1ec7t Nam, \u0110\u00f4ng Ng\u1ea1c-T\u1eeb Li\u00eam-H\u00e0 N\u1ed9i. &#8211; Nh\u1eefng \u0111\u1eb7c \u0111i\u1ec3m \u01b0u vi\u1ec7t: + [&hellip;]<\/p>\n","protected":false},"author":2,"featured_media":0,"parent":0,"menu_order":0,"comment_status":"open","ping_status":"open","template":"","meta":[],"_links":{"self":[{"href":"https:\/\/vafs.gov.vn\/vn\/wp-json\/wp\/v2\/pages\/13527"}],"collection":[{"href":"https:\/\/vafs.gov.vn\/vn\/wp-json\/wp\/v2\/pages"}],"about":[{"href":"https:\/\/vafs.gov.vn\/vn\/wp-json\/wp\/v2\/types\/page"}],"author":[{"embeddable":true,"href":"https:\/\/vafs.gov.vn\/vn\/wp-json\/wp\/v2\/users\/2"}],"replies":[{"embeddable":true,"href":"https:\/\/vafs.gov.vn\/vn\/wp-json\/wp\/v2\/comments?post=13527"}],"version-history":[{"count":2,"href":"https:\/\/vafs.gov.vn\/vn\/wp-json\/wp\/v2\/pages\/13527\/revisions"}],"predecessor-version":[{"id":13530,"href":"https:\/\/vafs.gov.vn\/vn\/wp-json\/wp\/v2\/pages\/13527\/revisions\/13530"}],"wp:attachment":[{"href":"https:\/\/vafs.gov.vn\/vn\/wp-json\/wp\/v2\/media?parent=13527"}],"curies":[{"name":"wp","href":"https:\/\/api.w.org\/{rel}","templated":true}]}}