{"id":13512,"date":"2014-08-27T10:53:37","date_gmt":"2014-08-27T03:53:37","guid":{"rendered":"http:\/\/vafs.gov.vn\/vn\/?page_id=13512"},"modified":"2014-08-27T10:53:37","modified_gmt":"2014-08-27T03:53:37","slug":"giong-bach-dan-caman-ky-hieu-b28","status":"publish","type":"page","link":"https:\/\/vafs.gov.vn\/vn\/giong-bach-dan-caman-ky-hieu-b28\/","title":{"rendered":"Gi\u1ed1ng B\u1ea1ch \u0111\u00e0n caman &#8211; K\u00fd hi\u1ec7u: B28"},"content":{"rendered":"<p><b>D\u00f2ng: B28<\/b><\/p>\n<p><b>&#8211; Quy\u00ea\u0301t \u0111i\u0323nh s\u00f4\u0301: <\/b>3377\/Q\u0110-BNN-TCLN nga\u0300y 16 tha\u0301ng 12 n\u0103m 2010<\/p>\n<p><b>&#8211; Ta\u0301c gia\u0309:<\/b> Nguy\u00ea\u0303n Hoa\u0300ng Nghi\u0303a, Pha\u0323m Quang Thu, Nguy\u00ea\u0303n V\u0103n Chi\u00ea\u0301n<\/p>\n<p><b>&#8211; \u0110i\u0323a chi\u0309 li\u00ean h\u00ea\u0323:<\/b> Vi\u00ea\u0323n Khoa ho\u0323c L\u00e2m nghi\u00ea\u0323p Vi\u00ea\u0323t Nam, \u0110\u00f4ng Nga\u0323c \u2013 T\u01b0\u0300 Li\u00eam \u2013 Ha\u0300 N\u00f4\u0323i.<\/p>\n<p><b>&#8211; Nh\u01b0\u0303ng \u0111\u0103\u0323c \u0111i\u00ea\u0309m \u01b0u vi\u00ea\u0323t:<\/b><\/p>\n<p>+ Sinh tr\u01b0\u01a1\u0309ng nhanh tr\u00ean vu\u0300ng b\u0103\u0300ng ph\u0103\u0309ng, t\u00e2\u0300ng \u0111\u00e2\u0301t m\u0103\u0323t s\u00e2u nh\u01b0ng nghe\u0300o ch\u00e2\u0301t dinh d\u01b0\u01a1\u0303ng, \u0111\u00e2\u0301t bi\u0323 gl\u00e2y hoa\u0301 ma\u0323nh, phi\u0301a d\u01b0\u01a1\u0301i co\u0301 t\u00e2\u0300ng se\u0301t n\u0103\u0323ng la\u0300m \u0111\u00e2\u0301t d\u00ea\u0303 kh\u00f4 va\u0300 d\u00ea\u0303 ng\u00e2\u0323p u\u0301ng \u0111a\u0323t 26,49 m<sup>3<\/sup>\/ha\/n\u0103m.<\/p>\n<p>+ Kha\u0309 n\u0103ng ch\u1ed1ng ch\u1ecbu b\u1ec7nh t\u1ed1t, kh\u00f4ng bi\u0323 ca\u0301c loa\u0300i n\u00e2\u0301m g\u00e2y b\u00ea\u0323nh nguy hi\u00ea\u0309m g\u00e2y ha\u0323i.<\/p>\n<p><b>&#8211; Vu\u0300ng a\u0301p du\u0323ng:<\/b> \u0110\u00f4ng Nam B\u00f4\u0323<\/p>\n<p><b>&#8211; Kha\u0309 n\u0103ng cung c\u00e2\u0301p gi\u00f4\u0301ng:<\/b> C\u00e2y hom<b> <\/b><\/p>\n<p><a href=\"http:\/\/vafs.gov.vn\/vn\/giong-bach-dan-caman-ky-hieu-b28\/b28\/\" rel=\"attachment wp-att-13513\"><img decoding=\"async\" loading=\"lazy\" class=\"aligncenter size-full wp-image-13513\" alt=\"B28\" src=\"http:\/\/vafs.gov.vn\/vn\/wp-content\/uploads\/sites\/2\/2014\/08\/B28.jpg\" width=\"312\" height=\"484\" \/><\/a><\/p>\n","protected":false},"excerpt":{"rendered":"<p>D\u00f2ng: B28 &#8211; Quy\u00ea\u0301t \u0111i\u0323nh s\u00f4\u0301: 3377\/Q\u0110-BNN-TCLN nga\u0300y 16 tha\u0301ng 12 n\u0103m 2010 &#8211; Ta\u0301c gia\u0309: Nguy\u00ea\u0303n Hoa\u0300ng Nghi\u0303a, Pha\u0323m Quang Thu, Nguy\u00ea\u0303n V\u0103n Chi\u00ea\u0301n &#8211; \u0110i\u0323a chi\u0309 li\u00ean h\u00ea\u0323: Vi\u00ea\u0323n Khoa ho\u0323c L\u00e2m nghi\u00ea\u0323p Vi\u00ea\u0323t Nam, \u0110\u00f4ng Nga\u0323c \u2013 T\u01b0\u0300 Li\u00eam \u2013 Ha\u0300 N\u00f4\u0323i. &#8211; Nh\u01b0\u0303ng \u0111\u0103\u0323c \u0111i\u00ea\u0309m \u01b0u vi\u00ea\u0323t: + Sinh tr\u01b0\u01a1\u0309ng nhanh [&hellip;]<\/p>\n","protected":false},"author":2,"featured_media":0,"parent":0,"menu_order":0,"comment_status":"open","ping_status":"open","template":"","meta":[],"_links":{"self":[{"href":"https:\/\/vafs.gov.vn\/vn\/wp-json\/wp\/v2\/pages\/13512"}],"collection":[{"href":"https:\/\/vafs.gov.vn\/vn\/wp-json\/wp\/v2\/pages"}],"about":[{"href":"https:\/\/vafs.gov.vn\/vn\/wp-json\/wp\/v2\/types\/page"}],"author":[{"embeddable":true,"href":"https:\/\/vafs.gov.vn\/vn\/wp-json\/wp\/v2\/users\/2"}],"replies":[{"embeddable":true,"href":"https:\/\/vafs.gov.vn\/vn\/wp-json\/wp\/v2\/comments?post=13512"}],"version-history":[{"count":2,"href":"https:\/\/vafs.gov.vn\/vn\/wp-json\/wp\/v2\/pages\/13512\/revisions"}],"predecessor-version":[{"id":13515,"href":"https:\/\/vafs.gov.vn\/vn\/wp-json\/wp\/v2\/pages\/13512\/revisions\/13515"}],"wp:attachment":[{"href":"https:\/\/vafs.gov.vn\/vn\/wp-json\/wp\/v2\/media?parent=13512"}],"curies":[{"name":"wp","href":"https:\/\/api.w.org\/{rel}","templated":true}]}}