{"id":13501,"date":"2014-08-27T10:48:41","date_gmt":"2014-08-27T03:48:41","guid":{"rendered":"http:\/\/vafs.gov.vn\/vn\/?page_id=13501"},"modified":"2014-08-27T10:48:41","modified_gmt":"2014-08-27T03:48:41","slug":"giong-bach-dan-caman-ky-hieu-sm51","status":"publish","type":"page","link":"https:\/\/vafs.gov.vn\/vn\/giong-bach-dan-caman-ky-hieu-sm51\/","title":{"rendered":"Gi\u1ed1ng B\u1ea1ch \u0111\u00e0n caman  K\u00fd hi\u1ec7u: SM51"},"content":{"rendered":"<p><b>D\u00f2ng: SM51<\/b><\/p>\n<p><b>&#8211; Quy\u00ea\u0301t \u0111i\u0323nh s\u00f4\u0301: <\/b>3377\/Q\u0110-BNN-TCLN nga\u0300y 16 tha\u0301ng 12 n\u0103m 2010<\/p>\n<p><b>&#8211; Ta\u0301c gia\u0309:<\/b> Nguy\u00ea\u0303n Hoa\u0300ng Nghi\u0303a, Pha\u0323m Quang Thu, Nguy\u00ea\u0303n V\u0103n Chi\u00ea\u0301n<\/p>\n<p><b>&#8211; \u0110i\u0323a chi\u0309 li\u00ean h\u00ea\u0323:<\/b> Vi\u00ea\u0323n Khoa ho\u0323c L\u00e2m nghi\u00ea\u0323p Vi\u00ea\u0323t Nam, \u0110\u00f4ng Nga\u0323c \u2013 T\u01b0\u0300 Li\u00eam \u2013 Ha\u0300 N\u00f4\u0323i.<\/p>\n<p><b>&#8211; Nh\u01b0\u0303ng \u0111\u0103\u0323c \u0111i\u00ea\u0309m \u01b0u vi\u00ea\u0323t:<\/b><\/p>\n<p>+ Sinh tr\u01b0\u01a1\u0309ng nhanh tr\u00ean vu\u0300ng \u0111\u00f4\u0300i th\u00e2\u0301p, \u0111\u1ea5t feralit v\u00e0ng \u0111\u1ecf ph\u00e1t tri\u1ec3n tr\u00ean phi\u1ebfn th\u1ea1ch s\u00e9t, t\u1ea7ng \u0111\u1ea5t m\u1eb7t m\u1ecfng, ngh\u00e8o ch\u1ea5t dinh d\u01b0\u1ee1ng \u0111a\u0323t 25,60 m<sup>3<\/sup>\/ha\/n\u0103m.<\/p>\n<p>+ Kha\u0309 n\u0103ng ch\u1ed1ng ch\u1ecbu b\u1ec7nh t\u1ed1t, kh\u00f4ng bi\u0323 ca\u0301c loa\u0300i n\u00e2\u0301m g\u00e2y b\u00ea\u0323nh nguy hi\u00ea\u0309m g\u00e2y ha\u0323i.<\/p>\n<p><b>&#8211; Vu\u0300ng a\u0301p du\u0323ng:<\/b> \u0110\u00f4ng Nam B\u00f4\u0323<\/p>\n<p><b>&#8211; Kha\u0309 n\u0103ng cung c\u00e2\u0301p gi\u00f4\u0301ng:<\/b> C\u00e2y hom<\/p>\n<p><a href=\"http:\/\/vafs.gov.vn\/vn\/giong-bach-dan-caman-ky-hieu-sm51\/sm51\/\" rel=\"attachment wp-att-13502\"><img decoding=\"async\" loading=\"lazy\" class=\"aligncenter size-full wp-image-13502\" alt=\"SM51\" src=\"http:\/\/vafs.gov.vn\/vn\/wp-content\/uploads\/sites\/2\/2014\/08\/SM51.jpg\" width=\"340\" height=\"490\" \/><\/a><\/p>\n","protected":false},"excerpt":{"rendered":"<p>D\u00f2ng: SM51 &#8211; Quy\u00ea\u0301t \u0111i\u0323nh s\u00f4\u0301: 3377\/Q\u0110-BNN-TCLN nga\u0300y 16 tha\u0301ng 12 n\u0103m 2010 &#8211; Ta\u0301c gia\u0309: Nguy\u00ea\u0303n Hoa\u0300ng Nghi\u0303a, Pha\u0323m Quang Thu, Nguy\u00ea\u0303n V\u0103n Chi\u00ea\u0301n &#8211; \u0110i\u0323a chi\u0309 li\u00ean h\u00ea\u0323: Vi\u00ea\u0323n Khoa ho\u0323c L\u00e2m nghi\u00ea\u0323p Vi\u00ea\u0323t Nam, \u0110\u00f4ng Nga\u0323c \u2013 T\u01b0\u0300 Li\u00eam \u2013 Ha\u0300 N\u00f4\u0323i. &#8211; Nh\u01b0\u0303ng \u0111\u0103\u0323c \u0111i\u00ea\u0309m \u01b0u vi\u00ea\u0323t: + Sinh tr\u01b0\u01a1\u0309ng nhanh [&hellip;]<\/p>\n","protected":false},"author":2,"featured_media":0,"parent":0,"menu_order":0,"comment_status":"open","ping_status":"open","template":"","meta":[],"_links":{"self":[{"href":"https:\/\/vafs.gov.vn\/vn\/wp-json\/wp\/v2\/pages\/13501"}],"collection":[{"href":"https:\/\/vafs.gov.vn\/vn\/wp-json\/wp\/v2\/pages"}],"about":[{"href":"https:\/\/vafs.gov.vn\/vn\/wp-json\/wp\/v2\/types\/page"}],"author":[{"embeddable":true,"href":"https:\/\/vafs.gov.vn\/vn\/wp-json\/wp\/v2\/users\/2"}],"replies":[{"embeddable":true,"href":"https:\/\/vafs.gov.vn\/vn\/wp-json\/wp\/v2\/comments?post=13501"}],"version-history":[{"count":2,"href":"https:\/\/vafs.gov.vn\/vn\/wp-json\/wp\/v2\/pages\/13501\/revisions"}],"predecessor-version":[{"id":13504,"href":"https:\/\/vafs.gov.vn\/vn\/wp-json\/wp\/v2\/pages\/13501\/revisions\/13504"}],"wp:attachment":[{"href":"https:\/\/vafs.gov.vn\/vn\/wp-json\/wp\/v2\/media?parent=13501"}],"curies":[{"name":"wp","href":"https:\/\/api.w.org\/{rel}","templated":true}]}}