{"id":13481,"date":"2014-08-27T10:38:23","date_gmt":"2014-08-27T03:38:23","guid":{"rendered":"http:\/\/vafs.gov.vn\/vn\/?page_id=13481"},"modified":"2014-08-27T10:38:23","modified_gmt":"2014-08-27T03:38:23","slug":"giong-bach-dan-e-camaldulensis-ky-hieu-c9","status":"publish","type":"page","link":"https:\/\/vafs.gov.vn\/vn\/giong-bach-dan-e-camaldulensis-ky-hieu-c9\/","title":{"rendered":"Gi\u1ed1ng B\u1ea1ch \u0111\u00e0n E. camaldulensis &#8211; K\u00fd hi\u1ec7u: C9"},"content":{"rendered":"<p><b>D\u00f2ng: <\/b><b>C9<\/b><\/p>\n<p><b>&#8211; Quy\u1ebft \u0111\u1ecbnh s\u1ed1: <\/b>2763\/Q\u0110-BNN-LN ng\u00e0y 1\/10\/2009<\/p>\n<p><b>&#8211; T\u00e1c gi\u1ea3: <\/b>H\u00e0 Huy Th\u1ecbnh,<b> <\/b>Nguy\u1ec5n \u0110\u1ee9c Ki\u00ean, Ph\u00ed H\u1ed3ng H\u1ea3i, \u0110\u1ed7 H\u1eefu S\u01a1n.<\/p>\n<p><b>&#8211; \u0110\u1ecba ch\u1ec9 li\u00ean h\u1ec7: <\/b>Vi\u1ec7n Nghi\u00ean c\u1ee9u Gi\u1ed1ng v\u00e0 C\u00f4ng ngh\u1ec7 sinh h\u1ecdc L\u00e2m nghi\u1ec7p<\/p>\n<p>Vi\u1ec7n Khoa h\u1ecdc L\u00e2m Nghi\u1ec7p Vi\u1ec7t Nam, \u0110\u00f4ng Ng\u1ea1c &#8211; T\u1eeb Li\u00eam &#8211; H\u00e0 N\u1ed9i.<\/p>\n<p><b>&#8211; Nh\u1eefng \u0111\u1eb7c \u0111i\u1ec3m \u01b0u vi\u1ec7t:<\/b><\/p>\n<p>+ Kh\u1ea3 n\u0103ng ch\u1ed1ng ch\u1ecbu b\u1ec7nh t\u1ed1t<\/p>\n<p>+ N\u01a1i c\u00f3 n\u0103ng su\u1ea5t cao \u0111\u1ea1t t\u1edbi 43,5 m<sup>3<\/sup>\/ha\/n\u0103m, trung b\u00ecnh \u0111\u1ea1t 25-30m<sup>3<\/sup>\/ha\/n\u0103m.<\/p>\n<p><b>&#8211; V\u00f9ng \u00e1p d\u1ee5ng: <\/b>Nam Trung B\u1ed9 (\u1edf nh\u1eefng n\u01a1i c\u00f3 \u0111i\u1ec1u ki\u1ec7n kh\u00ed h\u1eadu v\u00e0 \u0111\u1ea5t \u0111ai t\u01b0\u01a1ng t\u1ef1).<\/p>\n<p><b>&#8211; Kh\u1ea3 n\u0103ng cung c\u1ea5p gi\u1ed1ng: <\/b>\u00a0C\u00e2y m\u00f4 v\u00e0 c\u00e2y hom<\/p>\n<p><a href=\"http:\/\/vafs.gov.vn\/vn\/giong-bach-dan-e-camaldulensis-ky-hieu-c9\/c9\/\" rel=\"attachment wp-att-13482\"><img decoding=\"async\" loading=\"lazy\" class=\"aligncenter size-full wp-image-13482\" alt=\"C9\" src=\"http:\/\/vafs.gov.vn\/vn\/wp-content\/uploads\/sites\/2\/2014\/08\/C9.jpg\" width=\"376\" height=\"449\" \/><\/a><\/p>\n","protected":false},"excerpt":{"rendered":"<p>D\u00f2ng: C9 &#8211; Quy\u1ebft \u0111\u1ecbnh s\u1ed1: 2763\/Q\u0110-BNN-LN ng\u00e0y 1\/10\/2009 &#8211; T\u00e1c gi\u1ea3: H\u00e0 Huy Th\u1ecbnh, Nguy\u1ec5n \u0110\u1ee9c Ki\u00ean, Ph\u00ed H\u1ed3ng H\u1ea3i, \u0110\u1ed7 H\u1eefu S\u01a1n. &#8211; \u0110\u1ecba ch\u1ec9 li\u00ean h\u1ec7: Vi\u1ec7n Nghi\u00ean c\u1ee9u Gi\u1ed1ng v\u00e0 C\u00f4ng ngh\u1ec7 sinh h\u1ecdc L\u00e2m nghi\u1ec7p Vi\u1ec7n Khoa h\u1ecdc L\u00e2m Nghi\u1ec7p Vi\u1ec7t Nam, \u0110\u00f4ng Ng\u1ea1c &#8211; T\u1eeb Li\u00eam &#8211; H\u00e0 N\u1ed9i. [&hellip;]<\/p>\n","protected":false},"author":2,"featured_media":0,"parent":0,"menu_order":0,"comment_status":"open","ping_status":"open","template":"","meta":[],"_links":{"self":[{"href":"https:\/\/vafs.gov.vn\/vn\/wp-json\/wp\/v2\/pages\/13481"}],"collection":[{"href":"https:\/\/vafs.gov.vn\/vn\/wp-json\/wp\/v2\/pages"}],"about":[{"href":"https:\/\/vafs.gov.vn\/vn\/wp-json\/wp\/v2\/types\/page"}],"author":[{"embeddable":true,"href":"https:\/\/vafs.gov.vn\/vn\/wp-json\/wp\/v2\/users\/2"}],"replies":[{"embeddable":true,"href":"https:\/\/vafs.gov.vn\/vn\/wp-json\/wp\/v2\/comments?post=13481"}],"version-history":[{"count":2,"href":"https:\/\/vafs.gov.vn\/vn\/wp-json\/wp\/v2\/pages\/13481\/revisions"}],"predecessor-version":[{"id":13484,"href":"https:\/\/vafs.gov.vn\/vn\/wp-json\/wp\/v2\/pages\/13481\/revisions\/13484"}],"wp:attachment":[{"href":"https:\/\/vafs.gov.vn\/vn\/wp-json\/wp\/v2\/media?parent=13481"}],"curies":[{"name":"wp","href":"https:\/\/api.w.org\/{rel}","templated":true}]}}