{"id":13470,"date":"2014-08-27T10:33:27","date_gmt":"2014-08-27T03:33:27","guid":{"rendered":"http:\/\/vafs.gov.vn\/vn\/?page_id=13470"},"modified":"2014-08-27T10:33:27","modified_gmt":"2014-08-27T03:33:27","slug":"giong-bach-dan-e-camaldulensis-ky-hieu-ef39-xuat-xu-laura-river","status":"publish","type":"page","link":"https:\/\/vafs.gov.vn\/vn\/giong-bach-dan-e-camaldulensis-ky-hieu-ef39-xuat-xu-laura-river\/","title":{"rendered":"Gi\u1ed1ng B\u1ea1ch \u0111\u00e0n E. camaldulensis &#8211; K\u00fd hi\u1ec7u: EF39 &#8211; Xu\u1ea5t x\u1ee9 Laura River"},"content":{"rendered":"<p><b>D\u00f2ng:<\/b> <b>EF39<\/b><\/p>\n<p><b>&#8211; Quy\u1ebft \u0111\u1ecbnh s\u1ed1:<\/b> 3905\/Q\u0110-BNN-KHCN ng\u00e0y 11\/12\/2007<\/p>\n<p><b>-T\u00e1c gi\u1ea3: <\/b>Nguy\u1ec5n Ho\u00e0ng Ngh\u0129a, Nguy\u1ec5n V\u0103n Chi\u1ebfn, Ph\u1ea1m Quang Thu<\/p>\n<p><b>&#8211; \u0110\u1ecba ch\u1ec9 li\u00ean h\u1ec7:<\/b> Vi\u1ec7n Khoa h\u1ecdc\u00a0 L\u00e2m nghi\u1ec7p Vi\u1ec7t Nam<\/p>\n<p>\u0110\u00f4ng Ng\u1ea1c &#8211; T\u1eeb Li\u00eam &#8211; H\u00e0 N\u1ed9i.<\/p>\n<p><b>&#8211; Nh\u1eefng \u0111\u1eb7c \u0111i\u1ec3m \u01b0u vi\u1ec7t:<\/b><\/p>\n<p>+ Ch\u1ed1ng ch\u1ecbu b\u1ec7nh t\u1ed1t, b\u1ecb b\u1ec7nh r\u1ea5t nh\u1eb9, b\u1ecb h\u1ea1i m\u1ed9t s\u1ed1 l\u00e1 gi\u00e0 \u1edf ph\u1ea7n d\u01b0\u1edbi c\u1ee7a t\u00e1n l\u00e1, kh\u00f4ng b\u1ecb c\u00e1c lo\u00e0i n\u1ea5m nguy hi\u1ec3m g\u00e2y h\u1ea1i.<\/p>\n<p>+ C\u00f3 kh\u1ea3 n\u0103ng sinh tr\u01b0\u1edfng nhanh tr\u00ean l\u1eadp \u0111\u1ecba tho\u00e1i h\u00f3a, ngh\u00e8o ch\u1ea5t dinh d\u01b0\u1ee1ng \u0111\u1ea1t n\u0103ng su\u1ea5t 32,2m<sup>3<\/sup>\/ha\/n\u0103m sau 64 th\u00e1ng \u1edf \u0110\u1ed3ng Nai.<\/p>\n<p>&#8211; <b>V\u00f9ng \u00e1p d\u1ee5ng<\/b>: \u0110\u00f4ng Nam B\u1ed9<\/p>\n<p><b>&#8211; Kh\u1ea3 n\u0103ng cung c\u1ea5p gi\u1ed1ng:<\/b> C\u00e2y hom.<\/p>\n<p><a href=\"http:\/\/vafs.gov.vn\/vn\/giong-bach-dan-e-camaldulensis-ky-hieu-ef39-xuat-xu-laura-river\/ef39\/\" rel=\"attachment wp-att-13472\"><img decoding=\"async\" loading=\"lazy\" class=\"aligncenter size-full wp-image-13472\" alt=\"EF39\" src=\"http:\/\/vafs.gov.vn\/vn\/wp-content\/uploads\/sites\/2\/2014\/08\/EF39.jpg\" width=\"386\" height=\"476\" \/><\/a><\/p>\n","protected":false},"excerpt":{"rendered":"<p>D\u00f2ng: EF39 &#8211; Quy\u1ebft \u0111\u1ecbnh s\u1ed1: 3905\/Q\u0110-BNN-KHCN ng\u00e0y 11\/12\/2007 -T\u00e1c gi\u1ea3: Nguy\u1ec5n Ho\u00e0ng Ngh\u0129a, Nguy\u1ec5n V\u0103n Chi\u1ebfn, Ph\u1ea1m Quang Thu &#8211; \u0110\u1ecba ch\u1ec9 li\u00ean h\u1ec7: Vi\u1ec7n Khoa h\u1ecdc\u00a0 L\u00e2m nghi\u1ec7p Vi\u1ec7t Nam \u0110\u00f4ng Ng\u1ea1c &#8211; T\u1eeb Li\u00eam &#8211; H\u00e0 N\u1ed9i. &#8211; Nh\u1eefng \u0111\u1eb7c \u0111i\u1ec3m \u01b0u vi\u1ec7t: + Ch\u1ed1ng ch\u1ecbu b\u1ec7nh t\u1ed1t, b\u1ecb b\u1ec7nh r\u1ea5t nh\u1eb9, [&hellip;]<\/p>\n","protected":false},"author":2,"featured_media":0,"parent":0,"menu_order":0,"comment_status":"open","ping_status":"open","template":"","meta":[],"_links":{"self":[{"href":"https:\/\/vafs.gov.vn\/vn\/wp-json\/wp\/v2\/pages\/13470"}],"collection":[{"href":"https:\/\/vafs.gov.vn\/vn\/wp-json\/wp\/v2\/pages"}],"about":[{"href":"https:\/\/vafs.gov.vn\/vn\/wp-json\/wp\/v2\/types\/page"}],"author":[{"embeddable":true,"href":"https:\/\/vafs.gov.vn\/vn\/wp-json\/wp\/v2\/users\/2"}],"replies":[{"embeddable":true,"href":"https:\/\/vafs.gov.vn\/vn\/wp-json\/wp\/v2\/comments?post=13470"}],"version-history":[{"count":2,"href":"https:\/\/vafs.gov.vn\/vn\/wp-json\/wp\/v2\/pages\/13470\/revisions"}],"predecessor-version":[{"id":13474,"href":"https:\/\/vafs.gov.vn\/vn\/wp-json\/wp\/v2\/pages\/13470\/revisions\/13474"}],"wp:attachment":[{"href":"https:\/\/vafs.gov.vn\/vn\/wp-json\/wp\/v2\/media?parent=13470"}],"curies":[{"name":"wp","href":"https:\/\/api.w.org\/{rel}","templated":true}]}}