{"id":13461,"date":"2014-08-27T10:28:57","date_gmt":"2014-08-27T03:28:57","guid":{"rendered":"http:\/\/vafs.gov.vn\/vn\/?page_id=13461"},"modified":"2014-08-27T10:28:57","modified_gmt":"2014-08-27T03:28:57","slug":"giong-bach-dan-e-camaldulensis-ky-hieu-sm23","status":"publish","type":"page","link":"https:\/\/vafs.gov.vn\/vn\/giong-bach-dan-e-camaldulensis-ky-hieu-sm23\/","title":{"rendered":"Gi\u1ed1ng B\u1ea1ch \u0111\u00e0n E. camaldulensis &#8211; K\u00fd hi\u1ec7u: SM23"},"content":{"rendered":"<p><b>D\u00f2ng:<\/b> <b>SM23<\/b><\/p>\n<p><b>&#8211; Quy\u1ebft \u0111\u1ecbnh s\u1ed1: <\/b>3905\/Q\u0110-BNN-KHCN<b> <\/b>ng\u00e0y 11\/12\/2007.<\/p>\n<p><b>&#8211; T\u00e1c gi\u1ea3: <\/b>Nguy\u1ec5n Ho\u00e0ng Ngh\u0129a, Nguy\u1ec5n V\u0103n Chi\u1ebfn, Ph\u1ea1m Quang Thu.<\/p>\n<p><b>&#8211; \u0110\u1ecba ch\u1ec9 li\u00ean h\u1ec7:<\/b> Vi\u1ec7n Khoa h\u1ecdc\u00a0 L\u00e2m nghi\u1ec7p Vi\u1ec7t Nam<\/p>\n<p>\u0110\u00f4ng Ng\u1ea1c &#8211; T\u1eeb Li\u00eam &#8211; H\u00e0 N\u1ed9i.<\/p>\n<p><b>&#8211; Nh\u1eefng \u0111\u1eb7c \u0111i\u1ec3m \u01b0u vi\u1ec7t: sinh tr\u01b0\u1edfng t\u1ed1t, <\/b>\u1edf tu\u1ed5i 7 n\u0103ng su\u1ea5t \u0111\u1ea1t 33,1 m<sup>3<\/sup>\/ha\/n\u0103m \u1edf \u0110\u1ed3ng Nai; kh\u1ea3o nghi\u1ec7m tr\u00ean di\u1ec7n r\u1ed9ng \u0111\u1ea1t tr\u00ean d\u01b0\u1edbi 20m<sup>3<\/sup>\/ha\/n\u0103m \u1edf \u0110\u1ed3ng Nai, B\u00ecnh D\u01b0\u01a1ng v\u00e0 B\u00ecnh Ph\u01b0\u1edbc sau 3-4 n\u0103m.<\/p>\n<p>&#8211; <b>V\u00f9ng \u00e1p d\u1ee5ng<\/b>: \u0110\u00f4ng Nam B\u1ed9, Nam Trung B\u1ed9<\/p>\n<p><b>&#8211; Kh\u1ea3 n\u0103ng cung c\u1ea5p gi\u1ed1ng:<\/b> C\u00e2y hom.<\/p>\n<p><a href=\"http:\/\/vafs.gov.vn\/vn\/giong-bach-dan-e-camaldulensis-ky-hieu-sm23\/sm23\/\" rel=\"attachment wp-att-13462\"><img decoding=\"async\" loading=\"lazy\" class=\"aligncenter size-full wp-image-13462\" alt=\"SM23\" src=\"http:\/\/vafs.gov.vn\/vn\/wp-content\/uploads\/sites\/2\/2014\/08\/SM23.jpg\" width=\"356\" height=\"453\" \/><\/a><\/p>\n","protected":false},"excerpt":{"rendered":"<p>D\u00f2ng: SM23 &#8211; Quy\u1ebft \u0111\u1ecbnh s\u1ed1: 3905\/Q\u0110-BNN-KHCN ng\u00e0y 11\/12\/2007. &#8211; T\u00e1c gi\u1ea3: Nguy\u1ec5n Ho\u00e0ng Ngh\u0129a, Nguy\u1ec5n V\u0103n Chi\u1ebfn, Ph\u1ea1m Quang Thu. &#8211; \u0110\u1ecba ch\u1ec9 li\u00ean h\u1ec7: Vi\u1ec7n Khoa h\u1ecdc\u00a0 L\u00e2m nghi\u1ec7p Vi\u1ec7t Nam \u0110\u00f4ng Ng\u1ea1c &#8211; T\u1eeb Li\u00eam &#8211; H\u00e0 N\u1ed9i. &#8211; Nh\u1eefng \u0111\u1eb7c \u0111i\u1ec3m \u01b0u vi\u1ec7t: sinh tr\u01b0\u1edfng t\u1ed1t, \u1edf tu\u1ed5i 7 n\u0103ng su\u1ea5t [&hellip;]<\/p>\n","protected":false},"author":2,"featured_media":0,"parent":0,"menu_order":0,"comment_status":"open","ping_status":"open","template":"","meta":[],"_links":{"self":[{"href":"https:\/\/vafs.gov.vn\/vn\/wp-json\/wp\/v2\/pages\/13461"}],"collection":[{"href":"https:\/\/vafs.gov.vn\/vn\/wp-json\/wp\/v2\/pages"}],"about":[{"href":"https:\/\/vafs.gov.vn\/vn\/wp-json\/wp\/v2\/types\/page"}],"author":[{"embeddable":true,"href":"https:\/\/vafs.gov.vn\/vn\/wp-json\/wp\/v2\/users\/2"}],"replies":[{"embeddable":true,"href":"https:\/\/vafs.gov.vn\/vn\/wp-json\/wp\/v2\/comments?post=13461"}],"version-history":[{"count":2,"href":"https:\/\/vafs.gov.vn\/vn\/wp-json\/wp\/v2\/pages\/13461\/revisions"}],"predecessor-version":[{"id":13464,"href":"https:\/\/vafs.gov.vn\/vn\/wp-json\/wp\/v2\/pages\/13461\/revisions\/13464"}],"wp:attachment":[{"href":"https:\/\/vafs.gov.vn\/vn\/wp-json\/wp\/v2\/media?parent=13461"}],"curies":[{"name":"wp","href":"https:\/\/api.w.org\/{rel}","templated":true}]}}