{"id":13457,"date":"2014-08-27T10:26:41","date_gmt":"2014-08-27T03:26:41","guid":{"rendered":"http:\/\/vafs.gov.vn\/vn\/?page_id=13457"},"modified":"2014-08-27T10:26:41","modified_gmt":"2014-08-27T03:26:41","slug":"giong-bach-dan-e-camaldulensis-ky-hieu-sm16","status":"publish","type":"page","link":"https:\/\/vafs.gov.vn\/vn\/giong-bach-dan-e-camaldulensis-ky-hieu-sm16\/","title":{"rendered":"Gi\u1ed1ng B\u1ea1ch \u0111\u00e0n E. camaldulensis &#8211; K\u00fd hi\u1ec7u: SM16"},"content":{"rendered":"<h2>B\u1ea0CH \u0110\u00c0N CAMAN (<em>Eucalyptus camaldulensis<\/em>)<\/h2>\n<p><b>1- D\u00f2ng:<\/b> <b>SM16<\/b><\/p>\n<p><b>&#8211; Quy\u1ebft \u0111\u1ecbnh s\u1ed1: <\/b>3905\/Q\u0110-BNN-KHCN<b> <\/b>ng\u00e0y 11\/12\/2007<\/p>\n<p><b>&#8211; T\u00e1c gi\u1ea3: <\/b>Nguy\u1ec5n Ho\u00e0ng Ngh\u0129a, Nguy\u1ec5n V\u0103n Chi\u1ebfn, Ph\u1ea1m Quang Thu.<\/p>\n<p><b>&#8211; \u0110\u1ecba ch\u1ec9 li\u00ean h\u1ec7:<\/b> Vi\u1ec7n Khoa h\u1ecdc\u00a0 L\u00e2m nghi\u1ec7p Vi\u1ec7t Nam<\/p>\n<p>\u0110\u00f4ng Ng\u1ea1c &#8211; T\u1eeb Li\u00eam &#8211; H\u00e0 N\u1ed9i.<\/p>\n<p><b>&#8211; Nh\u1eefng \u0111\u1eb7c \u0111i\u1ec3m \u01b0u vi\u1ec7t: s<\/b>inh tr\u01b0\u1edfng t\u1ed1t, \u1edf tu\u1ed5i 7 n\u0103ng su\u1ea5t \u0111\u1ea1t 35,4 m<sup>3<\/sup>\/ha\/n\u0103m \u1edf \u0110\u1ed3ng Nai; kh\u1ea3o nghi\u1ec7m tr\u00ean di\u1ec7n r\u1ed9ng n\u0103ng su\u1ea5t \u0111\u1ea1t tr\u00ean d\u01b0\u1edbi 20m<sup>3<\/sup>\/ha\/n\u0103m \u1edf \u0110\u1ed3ng Nai, B\u00ecnh D\u01b0\u01a1ng v\u00e0 B\u00ecnh Ph\u01b0\u1edbc sau 3-4 n\u0103m.<\/p>\n<p><b>&#8211;<\/b> <b>V\u00f9ng \u00e1p d\u1ee5ng<\/b>: \u0110\u00f4ng Nam B\u1ed9, Nam Trung B\u1ed9<\/p>\n<p><b>&#8211; Kh\u1ea3 n\u0103ng cung c\u1ea5p gi\u1ed1ng:<\/b> C\u00e2y hom<\/p>\n<p><a href=\"http:\/\/vafs.gov.vn\/vn\/giong-bach-dan-e-camaldulensis-ky-hieu-sm16\/sm16\/\" rel=\"attachment wp-att-13458\"><img decoding=\"async\" loading=\"lazy\" class=\"aligncenter size-full wp-image-13458\" alt=\"SM16\" src=\"http:\/\/vafs.gov.vn\/vn\/wp-content\/uploads\/sites\/2\/2014\/08\/SM16.jpg\" width=\"292\" height=\"389\" \/><\/a><\/p>\n","protected":false},"excerpt":{"rendered":"<p>B\u1ea0CH \u0110\u00c0N CAMAN (Eucalyptus camaldulensis) 1- D\u00f2ng: SM16 &#8211; Quy\u1ebft \u0111\u1ecbnh s\u1ed1: 3905\/Q\u0110-BNN-KHCN ng\u00e0y 11\/12\/2007 &#8211; T\u00e1c gi\u1ea3: Nguy\u1ec5n Ho\u00e0ng Ngh\u0129a, Nguy\u1ec5n V\u0103n Chi\u1ebfn, Ph\u1ea1m Quang Thu. &#8211; \u0110\u1ecba ch\u1ec9 li\u00ean h\u1ec7: Vi\u1ec7n Khoa h\u1ecdc\u00a0 L\u00e2m nghi\u1ec7p Vi\u1ec7t Nam \u0110\u00f4ng Ng\u1ea1c &#8211; T\u1eeb Li\u00eam &#8211; H\u00e0 N\u1ed9i. &#8211; Nh\u1eefng \u0111\u1eb7c \u0111i\u1ec3m \u01b0u vi\u1ec7t: sinh tr\u01b0\u1edfng [&hellip;]<\/p>\n","protected":false},"author":2,"featured_media":0,"parent":0,"menu_order":0,"comment_status":"open","ping_status":"open","template":"","meta":[],"_links":{"self":[{"href":"https:\/\/vafs.gov.vn\/vn\/wp-json\/wp\/v2\/pages\/13457"}],"collection":[{"href":"https:\/\/vafs.gov.vn\/vn\/wp-json\/wp\/v2\/pages"}],"about":[{"href":"https:\/\/vafs.gov.vn\/vn\/wp-json\/wp\/v2\/types\/page"}],"author":[{"embeddable":true,"href":"https:\/\/vafs.gov.vn\/vn\/wp-json\/wp\/v2\/users\/2"}],"replies":[{"embeddable":true,"href":"https:\/\/vafs.gov.vn\/vn\/wp-json\/wp\/v2\/comments?post=13457"}],"version-history":[{"count":2,"href":"https:\/\/vafs.gov.vn\/vn\/wp-json\/wp\/v2\/pages\/13457\/revisions"}],"predecessor-version":[{"id":13460,"href":"https:\/\/vafs.gov.vn\/vn\/wp-json\/wp\/v2\/pages\/13457\/revisions\/13460"}],"wp:attachment":[{"href":"https:\/\/vafs.gov.vn\/vn\/wp-json\/wp\/v2\/media?parent=13457"}],"curies":[{"name":"wp","href":"https:\/\/api.w.org\/{rel}","templated":true}]}}