{"id":13446,"date":"2014-08-27T10:18:52","date_gmt":"2014-08-27T03:18:52","guid":{"rendered":"http:\/\/vafs.gov.vn\/vn\/?page_id=13446"},"modified":"2014-08-27T10:18:52","modified_gmt":"2014-08-27T03:18:52","slug":"giong-keo-lai-nhan-tao-ky-hieu-am2","status":"publish","type":"page","link":"https:\/\/vafs.gov.vn\/vn\/giong-keo-lai-nhan-tao-ky-hieu-am2\/","title":{"rendered":"Gi\u1ed1ng Keo lai nh\u00e2n t\u1ea1o &#8211; K\u00fd hi\u1ec7u: AM2"},"content":{"rendered":"<p><b>D\u00f2ng: AM<sub>2<\/sub><\/b><\/p>\n<p><b>&#8211; Quy\u1ebft \u0111\u1ecbnh s\u1ed1: <\/b>3954\/Q\u0110-BNN-LN, ng\u00e0y 11 th\u00e1ng 12 n\u0103m 2008.<\/p>\n<p><b>&#8211; T\u00e1c gi\u1ea3: <\/b>Nguy\u1ec5n Vi\u1ec7t C\u01b0\u1eddng, L\u00ea \u0110\u00ecnh Kh\u1ea3, Nguy\u1ec5n Ho\u00e0ng Ngh\u0129a, Ph\u1ea1m Quang Thu, \u0110\u1ed7 Th\u1ecb Minh Hi\u1ec3n.<\/p>\n<p><b>&#8211; \u0110\u1ecba ch\u1ec9 li\u00ean h\u1ec7: <\/b>Vi\u1ec7n Nghi\u00ean c\u1ee9u Gi\u1ed1ng v\u00e0 C\u00f4ng ngh\u1ec7 sinh h\u1ecdc L\u00e2m nghi\u1ec7p<\/p>\n<p>Vi\u1ec7n Khoa h\u1ecdc L\u00e2m Nghi\u1ec7p Vi\u1ec7t Nam, \u0110\u00f4ng Ng\u1ea1c-T\u1eeb Li\u00eam-H\u00e0 N\u1ed9i.<\/p>\n<p><b>&#8211; Nh\u1eefng \u0111\u1eb7c \u0111i\u1ec3m \u01b0u vi\u1ec7t:<\/b><\/p>\n<p>+ Ch\u1ed1ng ch\u1ecbu b\u1ec7nh: t\u1ed1t<\/p>\n<p>+ Tr\u1ed3ng kh\u1ea3o nghi\u1ec7m \u1edf B\u00ecnh \u0110i\u1ec1n-Hu\u1ebf \u0111\u1ea1t n\u0103ng su\u1ea5t 28m<sup>3<\/sup>\/ha\/n\u0103m.<b> <\/b><\/p>\n<p><b>&#8211; V\u00f9ng \u00e1p d\u1ee5ng: <\/b>B\u1eafc Trung B\u1ed9<\/p>\n<p><b>&#8211; Kh\u1ea3 n\u0103ng cung c\u1ea5p gi\u1ed1ng: <\/b>C\u00e2y con v\u00e0 hom gi\u1ed1ng<\/p>\n<p><a href=\"http:\/\/vafs.gov.vn\/vn\/giong-keo-lai-nhan-tao-ky-hieu-am2\/am2-2\/\" rel=\"attachment wp-att-13447\"><img decoding=\"async\" loading=\"lazy\" class=\"aligncenter size-full wp-image-13447\" alt=\"AM2\" src=\"http:\/\/vafs.gov.vn\/vn\/wp-content\/uploads\/sites\/2\/2014\/08\/AM21.jpg\" width=\"420\" height=\"525\" srcset=\"https:\/\/vafs.gov.vn\/vn\/wp-content\/uploads\/sites\/2\/2014\/08\/AM21.jpg 420w, https:\/\/vafs.gov.vn\/vn\/wp-content\/uploads\/sites\/2\/2014\/08\/AM21-400x500.jpg 400w\" sizes=\"(max-width: 420px) 100vw, 420px\" \/><\/a><\/p>\n","protected":false},"excerpt":{"rendered":"<p>D\u00f2ng: AM2 &#8211; Quy\u1ebft \u0111\u1ecbnh s\u1ed1: 3954\/Q\u0110-BNN-LN, ng\u00e0y 11 th\u00e1ng 12 n\u0103m 2008. &#8211; T\u00e1c gi\u1ea3: Nguy\u1ec5n Vi\u1ec7t C\u01b0\u1eddng, L\u00ea \u0110\u00ecnh Kh\u1ea3, Nguy\u1ec5n Ho\u00e0ng Ngh\u0129a, Ph\u1ea1m Quang Thu, \u0110\u1ed7 Th\u1ecb Minh Hi\u1ec3n. &#8211; \u0110\u1ecba ch\u1ec9 li\u00ean h\u1ec7: Vi\u1ec7n Nghi\u00ean c\u1ee9u Gi\u1ed1ng v\u00e0 C\u00f4ng ngh\u1ec7 sinh h\u1ecdc L\u00e2m nghi\u1ec7p Vi\u1ec7n Khoa h\u1ecdc L\u00e2m Nghi\u1ec7p Vi\u1ec7t Nam, [&hellip;]<\/p>\n","protected":false},"author":2,"featured_media":0,"parent":0,"menu_order":0,"comment_status":"open","ping_status":"open","template":"","meta":[],"_links":{"self":[{"href":"https:\/\/vafs.gov.vn\/vn\/wp-json\/wp\/v2\/pages\/13446"}],"collection":[{"href":"https:\/\/vafs.gov.vn\/vn\/wp-json\/wp\/v2\/pages"}],"about":[{"href":"https:\/\/vafs.gov.vn\/vn\/wp-json\/wp\/v2\/types\/page"}],"author":[{"embeddable":true,"href":"https:\/\/vafs.gov.vn\/vn\/wp-json\/wp\/v2\/users\/2"}],"replies":[{"embeddable":true,"href":"https:\/\/vafs.gov.vn\/vn\/wp-json\/wp\/v2\/comments?post=13446"}],"version-history":[{"count":2,"href":"https:\/\/vafs.gov.vn\/vn\/wp-json\/wp\/v2\/pages\/13446\/revisions"}],"predecessor-version":[{"id":13449,"href":"https:\/\/vafs.gov.vn\/vn\/wp-json\/wp\/v2\/pages\/13446\/revisions\/13449"}],"wp:attachment":[{"href":"https:\/\/vafs.gov.vn\/vn\/wp-json\/wp\/v2\/media?parent=13446"}],"curies":[{"name":"wp","href":"https:\/\/api.w.org\/{rel}","templated":true}]}}