{"id":13430,"date":"2014-08-27T10:10:36","date_gmt":"2014-08-27T03:10:36","guid":{"rendered":"http:\/\/vafs.gov.vn\/vn\/?page_id=13430"},"modified":"2014-08-27T10:10:37","modified_gmt":"2014-08-27T03:10:37","slug":"giong-keo-lai-nhan-tao-ky-hieu-mam8","status":"publish","type":"page","link":"https:\/\/vafs.gov.vn\/vn\/giong-keo-lai-nhan-tao-ky-hieu-mam8\/","title":{"rendered":"Gi\u1ed1ng Keo lai nh\u00e2n t\u1ea1o &#8211; K\u00fd hi\u1ec7u: (MA)M8"},"content":{"rendered":"<h3>Keo lai nh\u00e2n t\u1ea1o<\/h3>\n<p><b>1- D\u00f2ng: <\/b><b>(MA)M<sub>8<\/sub><\/b><\/p>\n<p><b>&#8211; Quy\u1ebft \u0111\u1ecbnh s\u1ed1: <\/b>3954\/Q\u0110-BNN-LN, ng\u00e0y 11 th\u00e1ng 12 n\u0103m 2008.<\/p>\n<p><b>&#8211; T\u00e1c gi\u1ea3: <\/b>Nguy\u1ec5n Vi\u1ec7t C\u01b0\u1eddng, L\u00ea \u0110\u00ecnh Kh\u1ea3, Nguy\u1ec5n Ho\u00e0ng Ngh\u0129a, Nguy\u1ec5n Minh Tr\u00ed, Ph\u1ea1m Quang Thu.<\/p>\n<p><b>&#8211; \u0110\u1ecba ch\u1ec9 li\u00ean h\u1ec7: <\/b>Vi\u1ec7n Nghi\u00ean c\u1ee9u Gi\u1ed1ng v\u00e0 C\u00f4ng ngh\u1ec7 sinh h\u1ecdc L\u00e2m nghi\u1ec7p<\/p>\n<p>Vi\u1ec7n Khoa H\u1ecdc L\u00e2m Nghi\u1ec7p Vi\u1ec7t Nam, \u0110\u00f4ng Ng\u1ea1c-T\u1eeb Li\u00eam-H\u00e0 N\u1ed9i.<\/p>\n<p><b>&#8211; Nh\u1eefng \u0111\u1eb7c \u0111i\u1ec3m \u01b0u vi\u1ec7t:<\/b><\/p>\n<p>+ Ch\u1ed1ng ch\u1ecbu b\u1ec7nh t\u1ed1t.<\/p>\n<p>+ Tr\u1ed3ng kh\u1ea3o nghi\u1ec7m \u1edf Tam Thanh-Ph\u00fa Th\u1ecd n\u0103ng su\u1ea5t \u0111\u1ea1t 18,6m<sup>3<\/sup>\/ha\/n\u0103m; B\u00ecnh \u0110i\u1ec1n-Hu\u1ebf n\u0103ng su\u1ea5t \u0111\u1ea1t 28m<sup>3<\/sup>\/ha\/n\u0103m.<b> <\/b><\/p>\n<p><b>&#8211; V\u00f9ng \u00e1p d\u1ee5ng: <\/b>B\u1eafc Trung B\u1ed9 v\u00e0 v\u00f9ng Trung t\u00e2m<\/p>\n<p><b>&#8211; Kh\u1ea3 n\u0103ng cung c\u1ea5p gi\u1ed1ng: <\/b>C\u00e2y con v\u00e0 hom gi\u1ed1ng<\/p>\n<p><a href=\"http:\/\/vafs.gov.vn\/vn\/giong-keo-lai-nhan-tao-ky-hieu-mam8\/mam8\/\" rel=\"attachment wp-att-13431\"><img decoding=\"async\" loading=\"lazy\" class=\"aligncenter size-full wp-image-13431\" alt=\"MAm8\" src=\"http:\/\/vafs.gov.vn\/vn\/wp-content\/uploads\/sites\/2\/2014\/08\/MAm8.jpg\" width=\"411\" height=\"487\" \/><\/a><\/p>\n","protected":false},"excerpt":{"rendered":"<p>Keo lai nh\u00e2n t\u1ea1o 1- D\u00f2ng: (MA)M8 &#8211; Quy\u1ebft \u0111\u1ecbnh s\u1ed1: 3954\/Q\u0110-BNN-LN, ng\u00e0y 11 th\u00e1ng 12 n\u0103m 2008. &#8211; T\u00e1c gi\u1ea3: Nguy\u1ec5n Vi\u1ec7t C\u01b0\u1eddng, L\u00ea \u0110\u00ecnh Kh\u1ea3, Nguy\u1ec5n Ho\u00e0ng Ngh\u0129a, Nguy\u1ec5n Minh Tr\u00ed, Ph\u1ea1m Quang Thu. &#8211; \u0110\u1ecba ch\u1ec9 li\u00ean h\u1ec7: Vi\u1ec7n Nghi\u00ean c\u1ee9u Gi\u1ed1ng v\u00e0 C\u00f4ng ngh\u1ec7 sinh h\u1ecdc L\u00e2m nghi\u1ec7p Vi\u1ec7n Khoa H\u1ecdc [&hellip;]<\/p>\n","protected":false},"author":2,"featured_media":0,"parent":0,"menu_order":0,"comment_status":"open","ping_status":"open","template":"","meta":[],"_links":{"self":[{"href":"https:\/\/vafs.gov.vn\/vn\/wp-json\/wp\/v2\/pages\/13430"}],"collection":[{"href":"https:\/\/vafs.gov.vn\/vn\/wp-json\/wp\/v2\/pages"}],"about":[{"href":"https:\/\/vafs.gov.vn\/vn\/wp-json\/wp\/v2\/types\/page"}],"author":[{"embeddable":true,"href":"https:\/\/vafs.gov.vn\/vn\/wp-json\/wp\/v2\/users\/2"}],"replies":[{"embeddable":true,"href":"https:\/\/vafs.gov.vn\/vn\/wp-json\/wp\/v2\/comments?post=13430"}],"version-history":[{"count":2,"href":"https:\/\/vafs.gov.vn\/vn\/wp-json\/wp\/v2\/pages\/13430\/revisions"}],"predecessor-version":[{"id":13433,"href":"https:\/\/vafs.gov.vn\/vn\/wp-json\/wp\/v2\/pages\/13430\/revisions\/13433"}],"wp:attachment":[{"href":"https:\/\/vafs.gov.vn\/vn\/wp-json\/wp\/v2\/media?parent=13430"}],"curies":[{"name":"wp","href":"https:\/\/api.w.org\/{rel}","templated":true}]}}