{"id":13425,"date":"2014-08-27T10:07:35","date_gmt":"2014-08-27T03:07:35","guid":{"rendered":"http:\/\/vafs.gov.vn\/vn\/?page_id=13425"},"modified":"2014-08-27T10:07:35","modified_gmt":"2014-08-27T03:07:35","slug":"giong-keo-lai-tu-nhien-ky-hieu-ah7","status":"publish","type":"page","link":"https:\/\/vafs.gov.vn\/vn\/giong-keo-lai-tu-nhien-ky-hieu-ah7\/","title":{"rendered":"Gi\u1ed1ng Keo lai t\u1ef1 nhi\u00ean &#8211; K\u00fd hi\u1ec7u: AH7"},"content":{"rendered":"<p><b>D\u00f2ng: AH7<\/b><\/p>\n<p><b>&#8211; Lo\u00e0i:<\/b> Keo lai t\u1ef1 nhi\u00ean, m\u1eb9 l\u00e0 Keo l\u00e1 tr\u00e0m, l\u00e1 nh\u1ecf, t\u00e1n l\u00e1 th\u01b0a.<\/p>\n<p><b>&#8211; Quy\u1ebft \u0111\u1ecbnh s\u1ed1: <\/b>3905<b>\/<\/b>Q\u0110-BNN-KHCN ng\u00e0y 11\/12\/2007.<\/p>\n<p><b>-T\u00e1c gi\u1ea3: <\/b>Nguy\u1ec5n Ho\u00e0ng Ngh\u0129a, Nguy\u1ec5n V\u0103n Chi\u1ebfn, Ph\u1ea1m Quang Thu<\/p>\n<p><b>&#8211; \u0110\u1ecba ch\u1ec9 li\u00ean h\u1ec7:<\/b> Vi\u1ec7n Khoa h\u1ecdc L\u00e2m Nghi\u1ec7p Vi\u1ec7t Nam, \u0110\u00f4ng Ng\u1ea1c-T\u1eeb Li\u00eam-H\u00e0 N\u1ed9i.<\/p>\n<p><b>&#8211; Nh\u1eefng \u0111\u1eb7c \u0111i\u1ec3m \u01b0u vi\u1ec7t:<\/b><\/p>\n<p>+ Ch\u1ed1ng ch\u1ecbu b\u1ec7nh t\u1ed1t, kh\u00f4ng b\u1ecb b\u1ec7nh ph\u1ea5n h\u1ed3ng.<\/p>\n<p>+ Sinh tr\u01b0\u1edfng nhanh, tr\u00ean \u0111\u1ea5t ph\u00f9 sa c\u1ed5 \u1edf B\u1ea7u B\u00e0ng (B\u00ecnh D\u01b0\u01a1ng) n\u0103ng su\u1ea5t \u0111\u1ea1t 34,9m<sup>3<\/sup>\/ha\/n\u0103m sau 52 th\u00e1ng tu\u1ed5i. Khi kh\u1ea3o nghi\u1ec7m tr\u00ean l\u1eadp \u0111\u1ecba c\u00f3 t\u1ea7ng \u0111\u1ea5t m\u1ecfng, ngh\u00e8o ch\u1ea5t dinh d\u01b0\u1ee1ng v\u00e0 sau nhi\u1ec1u chu k\u1ef3 kinh doanh b\u1ea1ch \u0111\u00e0n nh\u01b0 \u1edf S\u00f4ng M\u00e2y (\u0110\u1ed3ng Nai) n\u0103ng su\u1ea5t c\u0169ng \u0111\u1ea1t 24,4 m<sup>3<\/sup>\/ha\/n\u0103m sau 52 th\u00e1ng tu\u1ed5i.<\/p>\n<p><b>&#8211;<\/b> <b>V\u00f9ng \u00e1p d\u1ee5ng<\/b>: \u0110\u00f4ng Nam B\u1ed9<\/p>\n<p><b>&#8211; Kh\u1ea3 n\u0103ng cung c\u1ea5p gi\u1ed1ng:<\/b> C\u00e2y con v\u00e0 hom gi\u1ed1ng.<\/p>\n<p><a href=\"http:\/\/vafs.gov.vn\/vn\/giong-keo-lai-tu-nhien-ky-hieu-ah7\/ah7\/\" rel=\"attachment wp-att-13426\"><img decoding=\"async\" loading=\"lazy\" class=\"aligncenter size-full wp-image-13426\" alt=\"AH7\" src=\"http:\/\/vafs.gov.vn\/vn\/wp-content\/uploads\/sites\/2\/2014\/08\/AH7.jpg\" width=\"435\" height=\"485\" \/><\/a><\/p>\n","protected":false},"excerpt":{"rendered":"<p>D\u00f2ng: AH7 &#8211; Lo\u00e0i: Keo lai t\u1ef1 nhi\u00ean, m\u1eb9 l\u00e0 Keo l\u00e1 tr\u00e0m, l\u00e1 nh\u1ecf, t\u00e1n l\u00e1 th\u01b0a. &#8211; Quy\u1ebft \u0111\u1ecbnh s\u1ed1: 3905\/Q\u0110-BNN-KHCN ng\u00e0y 11\/12\/2007. -T\u00e1c gi\u1ea3: Nguy\u1ec5n Ho\u00e0ng Ngh\u0129a, Nguy\u1ec5n V\u0103n Chi\u1ebfn, Ph\u1ea1m Quang Thu &#8211; \u0110\u1ecba ch\u1ec9 li\u00ean h\u1ec7: Vi\u1ec7n Khoa h\u1ecdc L\u00e2m Nghi\u1ec7p Vi\u1ec7t Nam, \u0110\u00f4ng Ng\u1ea1c-T\u1eeb Li\u00eam-H\u00e0 N\u1ed9i. &#8211; Nh\u1eefng \u0111\u1eb7c [&hellip;]<\/p>\n","protected":false},"author":2,"featured_media":0,"parent":0,"menu_order":0,"comment_status":"open","ping_status":"open","template":"","meta":[],"_links":{"self":[{"href":"https:\/\/vafs.gov.vn\/vn\/wp-json\/wp\/v2\/pages\/13425"}],"collection":[{"href":"https:\/\/vafs.gov.vn\/vn\/wp-json\/wp\/v2\/pages"}],"about":[{"href":"https:\/\/vafs.gov.vn\/vn\/wp-json\/wp\/v2\/types\/page"}],"author":[{"embeddable":true,"href":"https:\/\/vafs.gov.vn\/vn\/wp-json\/wp\/v2\/users\/2"}],"replies":[{"embeddable":true,"href":"https:\/\/vafs.gov.vn\/vn\/wp-json\/wp\/v2\/comments?post=13425"}],"version-history":[{"count":2,"href":"https:\/\/vafs.gov.vn\/vn\/wp-json\/wp\/v2\/pages\/13425\/revisions"}],"predecessor-version":[{"id":13428,"href":"https:\/\/vafs.gov.vn\/vn\/wp-json\/wp\/v2\/pages\/13425\/revisions\/13428"}],"wp:attachment":[{"href":"https:\/\/vafs.gov.vn\/vn\/wp-json\/wp\/v2\/media?parent=13425"}],"curies":[{"name":"wp","href":"https:\/\/api.w.org\/{rel}","templated":true}]}}