{"id":13407,"date":"2014-08-27T09:57:32","date_gmt":"2014-08-27T02:57:32","guid":{"rendered":"http:\/\/vafs.gov.vn\/vn\/?page_id=13407"},"modified":"2014-08-27T09:57:32","modified_gmt":"2014-08-27T02:57:32","slug":"giong-keo-lai-tu-nhien-ky-hieutb1","status":"publish","type":"page","link":"https:\/\/vafs.gov.vn\/vn\/giong-keo-lai-tu-nhien-ky-hieutb1\/","title":{"rendered":"Gi\u1ed1ng Keo lai t\u1ef1 nhi\u00ean &#8211; K\u00fd hi\u1ec7u:TB1"},"content":{"rendered":"<p><b>D\u00f2ng: <\/b><b>TB1\u00a0\u00a0\u00a0\u00a0\u00a0\u00a0\u00a0\u00a0 <\/b><\/p>\n<p><b>&#8211; Quy\u1ebft \u0111\u1ecbnh s\u1ed1: <\/b>1998\/Q\u0110\/BNN \u2013 KHCN, ng\u00e0y 11\/07\/2006.<\/p>\n<p><b>&#8211; T\u00e1c gi\u1ea3: <\/b>L\u00ea \u0110\u00ecnh Kh\u1ea3, Ph\u1ea1m V\u0103n Tu\u1ea5n, L\u01b0u B\u00e1 Th\u1ecbnh, \u0110\u1eb7ng Ph\u01b0\u1edbc \u0110\u1ea1i.<\/p>\n<p><b>&#8211; \u0110\u1ecba ch\u1ec9 li\u00ean h\u1ec7: <\/b>Vi\u1ec7n Nghi\u00ean c\u1ee9u Gi\u1ed1ng v\u00e0 C\u00f4ng ngh\u1ec7 sinh h\u1ecdc L\u00e2m nghi\u1ec7p<\/p>\n<p>Vi\u1ec7n Khoa h\u1ecdc L\u00e2m Nghi\u1ec7p Vi\u1ec7t Nam, \u0110\u00f4ng Ng\u1ea1c &#8211; T\u1eeb Li\u00eam &#8211; H\u00e0 N\u1ed9i.<\/p>\n<p><b>&#8211; Nh\u1eefng \u0111\u1eb7c \u0111i\u1ec3m \u01b0u vi\u1ec7t:<\/b><\/p>\n<p>+ Ch\u1ed1ng ch\u1ecbu b\u1ec7nh t\u1ed1t.<\/p>\n<p>+<i> <\/i>Ch\u1ea5t l\u01b0\u1ee3ng g\u1ed7 t\u1ed1t, \u00edt c\u00e0nh nh\u00e1nh. N\u0103ng su\u1ea5t \u0111\u1ea1t 30-35 m<sup>3<\/sup>\/ha\/n\u0103m.<\/p>\n<p><b>&#8211; V\u00f9ng \u00e1p d\u1ee5ng:<\/b> B\u1ea7u B\u00e0ng \u2013 B\u00ecnh D\u01b0\u01a1ng v\u00e0 nh\u1eefng n\u01a1i c\u00f3 \u0111i\u1ec1u ki\u1ec7n sinh th\u00e1i t\u01b0\u01a1ng t\u1ef1.<\/p>\n<p><b>&#8211; Kh\u1ea3 n\u0103ng cung c\u1ea5p gi\u1ed1ng:<\/b>\u00a0 C\u00e2y hom v\u00e0 m\u00f4<\/p>\n<p><a href=\"http:\/\/vafs.gov.vn\/vn\/giong-keo-lai-tu-nhien-ky-hieutb1\/tb1\/\" rel=\"attachment wp-att-13408\"><img decoding=\"async\" loading=\"lazy\" class=\"aligncenter size-full wp-image-13408\" alt=\"TB1\" src=\"http:\/\/vafs.gov.vn\/vn\/wp-content\/uploads\/sites\/2\/2014\/08\/TB1.jpg\" width=\"418\" height=\"502\" srcset=\"https:\/\/vafs.gov.vn\/vn\/wp-content\/uploads\/sites\/2\/2014\/08\/TB1.jpg 418w, https:\/\/vafs.gov.vn\/vn\/wp-content\/uploads\/sites\/2\/2014\/08\/TB1-416x500.jpg 416w\" sizes=\"(max-width: 418px) 100vw, 418px\" \/><\/a><\/p>\n","protected":false},"excerpt":{"rendered":"<p>D\u00f2ng: TB1\u00a0\u00a0\u00a0\u00a0\u00a0\u00a0\u00a0\u00a0 &#8211; Quy\u1ebft \u0111\u1ecbnh s\u1ed1: 1998\/Q\u0110\/BNN \u2013 KHCN, ng\u00e0y 11\/07\/2006. &#8211; T\u00e1c gi\u1ea3: L\u00ea \u0110\u00ecnh Kh\u1ea3, Ph\u1ea1m V\u0103n Tu\u1ea5n, L\u01b0u B\u00e1 Th\u1ecbnh, \u0110\u1eb7ng Ph\u01b0\u1edbc \u0110\u1ea1i. &#8211; \u0110\u1ecba ch\u1ec9 li\u00ean h\u1ec7: Vi\u1ec7n Nghi\u00ean c\u1ee9u Gi\u1ed1ng v\u00e0 C\u00f4ng ngh\u1ec7 sinh h\u1ecdc L\u00e2m nghi\u1ec7p Vi\u1ec7n Khoa h\u1ecdc L\u00e2m Nghi\u1ec7p Vi\u1ec7t Nam, \u0110\u00f4ng Ng\u1ea1c &#8211; T\u1eeb Li\u00eam &#8211; [&hellip;]<\/p>\n","protected":false},"author":2,"featured_media":0,"parent":0,"menu_order":0,"comment_status":"open","ping_status":"open","template":"","meta":[],"_links":{"self":[{"href":"https:\/\/vafs.gov.vn\/vn\/wp-json\/wp\/v2\/pages\/13407"}],"collection":[{"href":"https:\/\/vafs.gov.vn\/vn\/wp-json\/wp\/v2\/pages"}],"about":[{"href":"https:\/\/vafs.gov.vn\/vn\/wp-json\/wp\/v2\/types\/page"}],"author":[{"embeddable":true,"href":"https:\/\/vafs.gov.vn\/vn\/wp-json\/wp\/v2\/users\/2"}],"replies":[{"embeddable":true,"href":"https:\/\/vafs.gov.vn\/vn\/wp-json\/wp\/v2\/comments?post=13407"}],"version-history":[{"count":2,"href":"https:\/\/vafs.gov.vn\/vn\/wp-json\/wp\/v2\/pages\/13407\/revisions"}],"predecessor-version":[{"id":13410,"href":"https:\/\/vafs.gov.vn\/vn\/wp-json\/wp\/v2\/pages\/13407\/revisions\/13410"}],"wp:attachment":[{"href":"https:\/\/vafs.gov.vn\/vn\/wp-json\/wp\/v2\/media?parent=13407"}],"curies":[{"name":"wp","href":"https:\/\/api.w.org\/{rel}","templated":true}]}}