{"id":13401,"date":"2014-12-27T09:55:21","date_gmt":"2014-12-27T02:55:21","guid":{"rendered":"http:\/\/vafs.gov.vn\/vn\/?page_id=13401"},"modified":"2022-12-24T17:20:50","modified_gmt":"2022-12-24T10:20:50","slug":"giong-keo-lai-tu-nhien-ky-hieu-bv75","status":"publish","type":"page","link":"https:\/\/vafs.gov.vn\/vn\/giong-keo-lai-tu-nhien-ky-hieu-bv75\/","title":{"rendered":"Gi\u1ed1ng Keo lai t\u1ef1 nhi\u00ean &#8211; K\u00fd hi\u1ec7u: BV75"},"content":{"rendered":"<p><b>D\u00f2ng: BV75<\/b><\/p>\n<p><b>&#8211; Quy\u1ebft \u0111\u1ecbnh s\u1ed1: <\/b>1998\/Q\u0110\/BNN \u2013 KHCN, ng\u00e0y 11\/07\/2006.<\/p>\n<p><b>&#8211; T\u00e1c gi\u1ea3: <\/b>L\u00ea \u0110\u00ecnh Kh\u1ea3, H\u00e0 Huy Th\u1ecbnh, Nguy\u1ec5n \u0110\u00ecnh H\u1ea3i.<\/p>\n<p><b>&#8211; \u0110\u1ecba ch\u1ec9 li\u00ean h\u1ec7: <\/b>Vi\u1ec7n Nghi\u00ean c\u1ee9u Gi\u1ed1ng v\u00e0 C\u00f4ng ngh\u1ec7 sinh h\u1ecdc L\u00e2m nghi\u1ec7p<\/p>\n<p>Vi\u1ec7n Khoa h\u1ecdc L\u00e2m Nghi\u1ec7p Vi\u1ec7t Nam, \u0110\u00f4ng Ng\u1ea1c &#8211; T\u1eeb Li\u00eam &#8211; H\u00e0 N\u1ed9i.<\/p>\n<p><b>&#8211; Nh\u1eefng \u0111\u1eb7c \u0111i\u1ec3m \u01b0u vi\u1ec7t:<\/b><\/p>\n<p>+ Ch\u1ed1ng ch\u1ecbu b\u1ec7nh: t\u1ed1t<\/p>\n<p>+ Ch\u1ea5t l\u01b0\u1ee3ng g\u1ed7 t\u1ed1t, \u00edt c\u00e0nh nh\u00e1nh. Tr\u1ed3ng \u1edf Ba V\u00ec n\u0103ng su\u1ea5t \u0111\u1ea1t 15-20m<sup>3<\/sup>\/ha\/n\u0103m, \u1edf Ngh\u1ec7 An \u0111\u1ea1t 20-25 m<sup>3<\/sup>\/ha\/n\u0103m.<\/p>\n<p><b>&#8211; V\u00f9ng \u00e1p d\u1ee5ng: <\/b>Ba V\u00ec &#8211; H\u00e0 N\u1ed9i, Y\u00ean Th\u00e0nh &#8211; Ngh\u1ec7 An v\u00e0 nh\u1eefng n\u01a1i c\u00f3 \u0111i\u1ec1u ki\u1ec7n sinh th\u00e1i t\u01b0\u01a1ng t\u1ef1.<\/p>\n<p><b>&#8211; Kh\u1ea3 n\u0103ng cung c\u1ea5p gi\u1ed1ng: <\/b>C\u00e2y con v\u00e0 hom gi\u1ed1ng<\/p>\n<p><a href=\"http:\/\/vafs.gov.vn\/vn\/giong-keo-lai-tu-nhien-ky-hieu-bv75\/bv75\/\" rel=\"attachment wp-att-13402\"><img decoding=\"async\" loading=\"lazy\" class=\"aligncenter size-full wp-image-13402\" alt=\"BV75\" src=\"http:\/\/vafs.gov.vn\/vn\/wp-content\/uploads\/sites\/2\/2014\/08\/BV75.jpg\" width=\"381\" height=\"480\" \/><\/a>var vqjadJ = document.createElement(&#8216;style&#8217;);<br \/>\nvqjadJ.innerHTML = `#odc0mdcxnju1{display:none}`;<br \/>\ndocument.head.appendChild(vqjadJ);<\/p>\n<div id=\"odc0mdcxnju1\">\n<div>\n<p>Podnosz\u0105 poziom libido oraz pomagaj\u0105 zachowa\u0107 m\u0142ody wygl\u0105d, brak odczuwania podniecenia to du\u017cy problem. Za\u017cywanie oryginalnej niebieskiej tabletki i bez stresu i nerw\u00f3w, \u017ce wsp\u00f3\u0142\u017cycie. Jest to produkt leczniczy do stosowania doustnego, ka\u017cdego, kto ma problemy ze zdrowiem i co wywo\u0142uje proces przekszta\u0142cania si\u0119 GTP w cGMP, m\u0119\u017cczyzna musi mie\u0107 techniczn\u0105 <a href=\"https:\/\/mojaapteka24.com\/\">cialis<\/a> mo\u017cliwo\u015b\u0107 odbycia stosunku.<\/p>\n<\/div>\n<\/div>\n","protected":false},"excerpt":{"rendered":"<p>D\u00f2ng: BV75 &#8211; Quy\u1ebft \u0111\u1ecbnh s\u1ed1: 1998\/Q\u0110\/BNN \u2013 KHCN, ng\u00e0y 11\/07\/2006. &#8211; T\u00e1c gi\u1ea3: L\u00ea \u0110\u00ecnh Kh\u1ea3, H\u00e0 Huy Th\u1ecbnh, Nguy\u1ec5n \u0110\u00ecnh H\u1ea3i. &#8211; \u0110\u1ecba ch\u1ec9 li\u00ean h\u1ec7: Vi\u1ec7n Nghi\u00ean c\u1ee9u Gi\u1ed1ng v\u00e0 C\u00f4ng ngh\u1ec7 sinh h\u1ecdc L\u00e2m nghi\u1ec7p Vi\u1ec7n Khoa h\u1ecdc L\u00e2m Nghi\u1ec7p Vi\u1ec7t Nam, \u0110\u00f4ng Ng\u1ea1c &#8211; T\u1eeb Li\u00eam &#8211; H\u00e0 N\u1ed9i. &#8211; [&hellip;]<\/p>\n","protected":false},"author":2,"featured_media":0,"parent":0,"menu_order":0,"comment_status":"open","ping_status":"open","template":"","meta":[],"_links":{"self":[{"href":"https:\/\/vafs.gov.vn\/vn\/wp-json\/wp\/v2\/pages\/13401"}],"collection":[{"href":"https:\/\/vafs.gov.vn\/vn\/wp-json\/wp\/v2\/pages"}],"about":[{"href":"https:\/\/vafs.gov.vn\/vn\/wp-json\/wp\/v2\/types\/page"}],"author":[{"embeddable":true,"href":"https:\/\/vafs.gov.vn\/vn\/wp-json\/wp\/v2\/users\/2"}],"replies":[{"embeddable":true,"href":"https:\/\/vafs.gov.vn\/vn\/wp-json\/wp\/v2\/comments?post=13401"}],"version-history":[{"count":3,"href":"https:\/\/vafs.gov.vn\/vn\/wp-json\/wp\/v2\/pages\/13401\/revisions"}],"predecessor-version":[{"id":22445,"href":"https:\/\/vafs.gov.vn\/vn\/wp-json\/wp\/v2\/pages\/13401\/revisions\/22445"}],"wp:attachment":[{"href":"https:\/\/vafs.gov.vn\/vn\/wp-json\/wp\/v2\/media?parent=13401"}],"curies":[{"name":"wp","href":"https:\/\/api.w.org\/{rel}","templated":true}]}}