{"id":13387,"date":"2014-08-27T09:48:19","date_gmt":"2014-08-27T02:48:19","guid":{"rendered":"http:\/\/vafs.gov.vn\/vn\/?page_id=13387"},"modified":"2014-08-27T09:48:19","modified_gmt":"2014-08-27T02:48:19","slug":"giong-keo-lai-tu-nhien-ky-hieu-bv33","status":"publish","type":"page","link":"https:\/\/vafs.gov.vn\/vn\/giong-keo-lai-tu-nhien-ky-hieu-bv33\/","title":{"rendered":"Gi\u1ed1ng Keo lai t\u1ef1 nhi\u00ean &#8211; K\u00fd hi\u1ec7u: BV33"},"content":{"rendered":"<p><b>D\u00f2ng: <\/b><b>BV33<\/b><\/p>\n<p><b>&#8211; Quy\u1ebft \u0111\u1ecbnh s\u1ed1: <\/b>1998\/Q\u0110\/BNN \u2013 KHCN, ng\u00e0y 11\/07\/2006.<\/p>\n<p><b>&#8211; T\u00e1c gi\u1ea3: <\/b>L\u00ea \u0110\u00ecnh Kh\u1ea3, H\u00e0 Huy Th\u1ecbnh, Nguy\u1ec5n \u0110\u00ecnh H\u1ea3i.<\/p>\n<p><b>&#8211; \u0110\u1ecba ch\u1ec9 li\u00ean h\u1ec7: <\/b>Vi\u1ec7n Nghi\u00ean c\u1ee9u Gi\u1ed1ng v\u00e0 C\u00f4ng ngh\u1ec7 sinh h\u1ecdc L\u00e2m nghi\u1ec7p<\/p>\n<p>Vi\u1ec7n Khoa h\u1ecdc L\u00e2m Nghi\u1ec7p Vi\u1ec7t Nam, \u0110\u00f4ng Ng\u1ea1c &#8211; T\u1eeb Li\u00eam &#8211; H\u00e0 N\u1ed9i.<\/p>\n<p><b>&#8211; Nh\u1eefng \u0111\u1eb7c \u0111i\u1ec3m \u01b0u vi\u1ec7t:<\/b><\/p>\n<p>+ Ch\u1ed1ng ch\u1ecbu b\u1ec7nh t\u1ed1t.<\/p>\n<p>+ Ch\u1ea5t l\u01b0\u1ee3ng g\u1ed7 t\u1ed1t, \u00edt c\u00e0nh nh\u00e1nh. N\u0103ng su\u1ea5t \u0111\u1ea1t 15-20m<sup>3<\/sup>\/ha\/n\u0103m \u1edf l\u1eadp \u0111\u1ecba x\u1ea5u,\u00a0 20-25 m<sup>3<\/sup>\/ha\/n\u0103m \u1edf l\u1eadp \u0111\u1ecba trung b\u00ecnh,\u00a0 30-35 m<sup>3<\/sup>\/ha\/n\u0103m \u1edf l\u1eadp \u0111\u1ecba t\u1ed1t.<\/p>\n<p><b>&#8211; V\u00f9ng \u00e1p d\u1ee5ng: <\/b>Ba V\u00ec &#8211; H\u00e0 N\u1ed9i, Y\u00ean Th\u00e0nh &#8211; Ngh\u1ec7 An v\u00e0 nh\u1eefng n\u01a1i c\u00f3 \u0111i\u1ec1u ki\u1ec7n sinh th\u00e1i t\u01b0\u01a1ng t\u1ef1.<\/p>\n<p><b>&#8211; Kh\u1ea3 n\u0103ng cung c\u1ea5p gi\u1ed1ng: <\/b>C\u00e2y con v\u00e0 hom gi\u1ed1ng<\/p>\n<p><a href=\"http:\/\/vafs.gov.vn\/vn\/giong-keo-lai-tu-nhien-ky-hieu-bv33\/bv33-1\/\" rel=\"attachment wp-att-13388\"><img decoding=\"async\" loading=\"lazy\" class=\"aligncenter size-full wp-image-13388\" alt=\"BV33-1\" src=\"http:\/\/vafs.gov.vn\/vn\/wp-content\/uploads\/sites\/2\/2014\/08\/BV33-1.jpg\" width=\"371\" height=\"481\" \/><\/a><\/p>\n","protected":false},"excerpt":{"rendered":"<p>D\u00f2ng: BV33 &#8211; Quy\u1ebft \u0111\u1ecbnh s\u1ed1: 1998\/Q\u0110\/BNN \u2013 KHCN, ng\u00e0y 11\/07\/2006. &#8211; T\u00e1c gi\u1ea3: L\u00ea \u0110\u00ecnh Kh\u1ea3, H\u00e0 Huy Th\u1ecbnh, Nguy\u1ec5n \u0110\u00ecnh H\u1ea3i. &#8211; \u0110\u1ecba ch\u1ec9 li\u00ean h\u1ec7: Vi\u1ec7n Nghi\u00ean c\u1ee9u Gi\u1ed1ng v\u00e0 C\u00f4ng ngh\u1ec7 sinh h\u1ecdc L\u00e2m nghi\u1ec7p Vi\u1ec7n Khoa h\u1ecdc L\u00e2m Nghi\u1ec7p Vi\u1ec7t Nam, \u0110\u00f4ng Ng\u1ea1c &#8211; T\u1eeb Li\u00eam &#8211; H\u00e0 N\u1ed9i. &#8211; [&hellip;]<\/p>\n","protected":false},"author":2,"featured_media":0,"parent":0,"menu_order":0,"comment_status":"open","ping_status":"open","template":"","meta":[],"_links":{"self":[{"href":"https:\/\/vafs.gov.vn\/vn\/wp-json\/wp\/v2\/pages\/13387"}],"collection":[{"href":"https:\/\/vafs.gov.vn\/vn\/wp-json\/wp\/v2\/pages"}],"about":[{"href":"https:\/\/vafs.gov.vn\/vn\/wp-json\/wp\/v2\/types\/page"}],"author":[{"embeddable":true,"href":"https:\/\/vafs.gov.vn\/vn\/wp-json\/wp\/v2\/users\/2"}],"replies":[{"embeddable":true,"href":"https:\/\/vafs.gov.vn\/vn\/wp-json\/wp\/v2\/comments?post=13387"}],"version-history":[{"count":2,"href":"https:\/\/vafs.gov.vn\/vn\/wp-json\/wp\/v2\/pages\/13387\/revisions"}],"predecessor-version":[{"id":13390,"href":"https:\/\/vafs.gov.vn\/vn\/wp-json\/wp\/v2\/pages\/13387\/revisions\/13390"}],"wp:attachment":[{"href":"https:\/\/vafs.gov.vn\/vn\/wp-json\/wp\/v2\/media?parent=13387"}],"curies":[{"name":"wp","href":"https:\/\/api.w.org\/{rel}","templated":true}]}}