{"id":12643,"date":"2014-03-24T16:22:09","date_gmt":"2014-03-24T09:22:09","guid":{"rendered":"http:\/\/vafs.gov.vn\/vn\/?page_id=12643"},"modified":"2014-03-24T16:22:09","modified_gmt":"2014-03-24T09:22:09","slug":"keo-la-tram-acacia-auriculiformis-dong-aa6","status":"publish","type":"page","link":"https:\/\/vafs.gov.vn\/vn\/keo-la-tram-acacia-auriculiformis-dong-aa6\/","title":{"rendered":"KEO L\u00c1 TR\u00c0M (Acacia auriculiformis) D\u00f2ng: AA6"},"content":{"rendered":"<p><b>D\u00f2ng: AA6<\/b><\/p>\n<p><b>&#8211; Quy\u00ea\u0301t \u0111i\u0323nh s\u00f4\u0301:<\/b> 3377\/Q\u0110-BNN-TCLN nga\u0300y 16 tha\u0301ng 12 n\u0103m 2010<\/p>\n<p><b>&#8211; Ta\u0301c gia\u0309:<\/b> Nguy\u00ea\u0303n Hoa\u0300ng Nghi\u0303a, Pha\u0323m Quang Thu, Nguy\u00ea\u0303n V\u0103n Chi\u00ea\u0301n<\/p>\n<p><b>&#8211; \u0110i\u0323a chi\u0309 li\u00ean h\u00ea\u0323:<\/b> Vi\u00ea\u0323n Khoa ho\u0323c L\u00e2m nghi\u00ea\u0323p Vi\u00ea\u0323t Nam, \u0110\u00f4ng Nga\u0323c \u2013 T\u01b0\u0300 Li\u00eam \u2013 Ha\u0300 N\u00f4\u0323i.<\/p>\n<p><b>&#8211; Nh\u01b0\u0303ng \u0111\u0103\u0323c \u0111i\u00ea\u0309m \u01b0u vi\u00ea\u0323t:<\/b><\/p>\n<p>+ Ch\u1ee7 y\u1ebfu m\u1ed9t th\u00e2n, \u00edt c\u00e0nh nh\u00e1nh, th\u00e2n th\u1eb3ng, chi\u1ec1u cao d\u01b0\u1edbi c\u00e0nh l\u1edbn.<\/p>\n<p>+ Sinh tr\u01b0\u01a1\u0309ng nhanh tr\u00ean l\u00e2\u0323p \u0111i\u0323a t\u01b0\u01a1ng \u0111\u00f4\u0301i b\u0103\u0300ng ph\u0103\u0309ng, \u0111\u00f4\u0323 s\u00e2u t\u00e2\u0300ng \u0111\u00e2\u0301t m\u0103\u0323t mo\u0309ng \u0111a\u0323t 19,79<b> <\/b>m<sup>3<\/sup>\/ha\/n\u0103m.<\/p>\n<p>+ Kha\u0309 n\u0103ng ch\u1ed1ng ch\u1ecbu b\u1ec7nh t\u1ed1t, kh\u00f4ng b\u1ecb b\u1ec7nh ph\u1ea5n h\u1ed3ng<\/p>\n<p><b>&#8211; Vu\u0300ng a\u0301p du\u0323ng: <\/b>Th\u01b0\u0300a Thi\u00ean Hu\u00ea\u0301 v\u00e0 nh\u1eefng n\u01a1i c\u00f3 \u0111i\u1ec1u ki\u1ec7n sinh th\u00e1i t\u01b0\u01a1ng t\u1ef1<\/p>\n<p><b>&#8211; Kha\u0309 n\u0103ng cung c\u00e2\u0301p gi\u00f4\u0301ng:<\/b> C\u00e2y con v\u00e0 hom gi\u1ed1ng<\/p>\n<p><a href=\"http:\/\/vafs.gov.vn\/vn\/keo-la-tram-acacia-auriculiformis-dong-aa6\/aa6\/\" rel=\"attachment wp-att-12645\"><img decoding=\"async\" loading=\"lazy\" class=\"aligncenter size-full wp-image-12645\" alt=\"AA6\" src=\"http:\/\/vafs.gov.vn\/vn\/wp-content\/uploads\/sites\/2\/2014\/03\/AA6.jpg\" width=\"658\" height=\"894\" srcset=\"https:\/\/vafs.gov.vn\/vn\/wp-content\/uploads\/sites\/2\/2014\/03\/AA6.jpg 658w, https:\/\/vafs.gov.vn\/vn\/wp-content\/uploads\/sites\/2\/2014\/03\/AA6-368x500.jpg 368w\" sizes=\"(max-width: 658px) 100vw, 658px\" \/><\/a><\/p>\n","protected":false},"excerpt":{"rendered":"<p>D\u00f2ng: AA6 &#8211; Quy\u00ea\u0301t \u0111i\u0323nh s\u00f4\u0301: 3377\/Q\u0110-BNN-TCLN nga\u0300y 16 tha\u0301ng 12 n\u0103m 2010 &#8211; Ta\u0301c gia\u0309: Nguy\u00ea\u0303n Hoa\u0300ng Nghi\u0303a, Pha\u0323m Quang Thu, Nguy\u00ea\u0303n V\u0103n Chi\u00ea\u0301n &#8211; \u0110i\u0323a chi\u0309 li\u00ean h\u00ea\u0323: Vi\u00ea\u0323n Khoa ho\u0323c L\u00e2m nghi\u00ea\u0323p Vi\u00ea\u0323t Nam, \u0110\u00f4ng Nga\u0323c \u2013 T\u01b0\u0300 Li\u00eam \u2013 Ha\u0300 N\u00f4\u0323i. &#8211; Nh\u01b0\u0303ng \u0111\u0103\u0323c \u0111i\u00ea\u0309m \u01b0u vi\u00ea\u0323t: + Ch\u1ee7 y\u1ebfu m\u1ed9t [&hellip;]<\/p>\n","protected":false},"author":2,"featured_media":0,"parent":0,"menu_order":0,"comment_status":"open","ping_status":"open","template":"","meta":[],"_links":{"self":[{"href":"https:\/\/vafs.gov.vn\/vn\/wp-json\/wp\/v2\/pages\/12643"}],"collection":[{"href":"https:\/\/vafs.gov.vn\/vn\/wp-json\/wp\/v2\/pages"}],"about":[{"href":"https:\/\/vafs.gov.vn\/vn\/wp-json\/wp\/v2\/types\/page"}],"author":[{"embeddable":true,"href":"https:\/\/vafs.gov.vn\/vn\/wp-json\/wp\/v2\/users\/2"}],"replies":[{"embeddable":true,"href":"https:\/\/vafs.gov.vn\/vn\/wp-json\/wp\/v2\/comments?post=12643"}],"version-history":[{"count":2,"href":"https:\/\/vafs.gov.vn\/vn\/wp-json\/wp\/v2\/pages\/12643\/revisions"}],"predecessor-version":[{"id":12647,"href":"https:\/\/vafs.gov.vn\/vn\/wp-json\/wp\/v2\/pages\/12643\/revisions\/12647"}],"wp:attachment":[{"href":"https:\/\/vafs.gov.vn\/vn\/wp-json\/wp\/v2\/media?parent=12643"}],"curies":[{"name":"wp","href":"https:\/\/api.w.org\/{rel}","templated":true}]}}