{"id":12638,"date":"2014-03-24T16:11:54","date_gmt":"2014-03-24T09:11:54","guid":{"rendered":"http:\/\/vafs.gov.vn\/vn\/?page_id=12638"},"modified":"2014-03-24T16:11:54","modified_gmt":"2014-03-24T09:11:54","slug":"keo-la-tram-acacia-auriculiformis-dong-clt43","status":"publish","type":"page","link":"https:\/\/vafs.gov.vn\/vn\/keo-la-tram-acacia-auriculiformis-dong-clt43\/","title":{"rendered":"KEO L\u00c1 TR\u00c0M (Acacia auriculiformis) D\u00f2ng: Clt43"},"content":{"rendered":"<p><b>D\u00f2ng: Clt43 <\/b><\/p>\n<p><b>&#8211; Quy\u1ebft \u0111\u1ecbnh s\u1ed1: <\/b>2763\/Q\u0110-BNN-LN ng\u00e0y 1 th\u00e1ng 10 n\u0103m 2009.<\/p>\n<p><b>&#8211; T\u00e1c gi\u1ea3: <\/b>H\u00e0 Huy Th\u1ecbnh,<b> <\/b>Nguy\u1ec5n \u0110\u1ee9c Ki\u00ean, Ph\u00ed H\u1ed3ng H\u1ea3i, \u0110\u1ed7 H\u1eefu S\u01a1n, Nguy\u1ec5n V\u0103n Chi\u1ebfn, Nguy\u1ec5n \u0110\u00ecnh H\u1ea3i, Mai Trung Ki\u00ean.<\/p>\n<p><b>&#8211; \u0110\u1ecba ch\u1ec9 li\u00ean h\u1ec7: <\/b>Vi\u1ec7n Nghi\u00ean c\u1ee9u Gi\u1ed1ng v\u00e0 C\u00f4ng ngh\u1ec7 sinh h\u1ecdc L\u00e2m nghi\u1ec7p<\/p>\n<p>Vi\u1ec7n Khoa h\u1ecdc L\u00e2m Nghi\u1ec7p Vi\u1ec7t Nam, \u0110\u00f4ng Ng\u1ea1c &#8211; T\u1eeb Li\u00eam &#8211; H\u00e0 N\u1ed9i.<\/p>\n<p><b>&#8211; Nh\u1eefng \u0111\u1eb7c \u0111i\u1ec3m \u01b0u vi\u1ec7t:<\/b><\/p>\n<p>+ Kh\u1ea3 n\u0103ng ch\u1ed1ng ch\u1ecbu b\u1ec7nh t\u1ed1t.<\/p>\n<p>+ N\u0103ng su\u1ea5t \u0111\u1ea1t 30m<sup>3<\/sup>\/ha\/n\u0103m. Chi\u1ec1u cao d\u01b0\u1edbi c\u00e0nh cao, th\u00e2n th\u1eb3ng, c\u00e0nh nh\u1ecf.<\/p>\n<p><b>&#8211; V\u00f9ng \u00e1p d\u1ee5ng: <\/b>B\u1ea7u B\u00e0ng, B\u00ecnh D\u01b0\u01a1ng v\u00e0 nh\u1eefng n\u01a1i c\u00f3 l\u1eadp \u0111\u1ecba t\u01b0\u01a1ng t\u1ef1.<\/p>\n<p><b>&#8211; Kh\u1ea3 n\u0103ng cung c\u1ea5p gi\u1ed1ng: <\/b>C\u00e2y con v\u00e0 hom gi\u1ed1ng<\/p>\n<p><a href=\"http:\/\/vafs.gov.vn\/vn\/keo-la-tram-acacia-auriculiformis-dong-clt43\/clt43\/\" rel=\"attachment wp-att-12639\"><img decoding=\"async\" loading=\"lazy\" class=\"aligncenter size-full wp-image-12639\" alt=\"Clt43\" src=\"http:\/\/vafs.gov.vn\/vn\/wp-content\/uploads\/sites\/2\/2014\/03\/Clt43.jpg\" width=\"286\" height=\"351\" \/><\/a><\/p>\n","protected":false},"excerpt":{"rendered":"<p>D\u00f2ng: Clt43 &#8211; Quy\u1ebft \u0111\u1ecbnh s\u1ed1: 2763\/Q\u0110-BNN-LN ng\u00e0y 1 th\u00e1ng 10 n\u0103m 2009. &#8211; T\u00e1c gi\u1ea3: H\u00e0 Huy Th\u1ecbnh, Nguy\u1ec5n \u0110\u1ee9c Ki\u00ean, Ph\u00ed H\u1ed3ng H\u1ea3i, \u0110\u1ed7 H\u1eefu S\u01a1n, Nguy\u1ec5n V\u0103n Chi\u1ebfn, Nguy\u1ec5n \u0110\u00ecnh H\u1ea3i, Mai Trung Ki\u00ean. &#8211; \u0110\u1ecba ch\u1ec9 li\u00ean h\u1ec7: Vi\u1ec7n Nghi\u00ean c\u1ee9u Gi\u1ed1ng v\u00e0 C\u00f4ng ngh\u1ec7 sinh h\u1ecdc L\u00e2m nghi\u1ec7p Vi\u1ec7n Khoa [&hellip;]<\/p>\n","protected":false},"author":2,"featured_media":0,"parent":0,"menu_order":0,"comment_status":"open","ping_status":"open","template":"","meta":[],"_links":{"self":[{"href":"https:\/\/vafs.gov.vn\/vn\/wp-json\/wp\/v2\/pages\/12638"}],"collection":[{"href":"https:\/\/vafs.gov.vn\/vn\/wp-json\/wp\/v2\/pages"}],"about":[{"href":"https:\/\/vafs.gov.vn\/vn\/wp-json\/wp\/v2\/types\/page"}],"author":[{"embeddable":true,"href":"https:\/\/vafs.gov.vn\/vn\/wp-json\/wp\/v2\/users\/2"}],"replies":[{"embeddable":true,"href":"https:\/\/vafs.gov.vn\/vn\/wp-json\/wp\/v2\/comments?post=12638"}],"version-history":[{"count":2,"href":"https:\/\/vafs.gov.vn\/vn\/wp-json\/wp\/v2\/pages\/12638\/revisions"}],"predecessor-version":[{"id":12641,"href":"https:\/\/vafs.gov.vn\/vn\/wp-json\/wp\/v2\/pages\/12638\/revisions\/12641"}],"wp:attachment":[{"href":"https:\/\/vafs.gov.vn\/vn\/wp-json\/wp\/v2\/media?parent=12638"}],"curies":[{"name":"wp","href":"https:\/\/api.w.org\/{rel}","templated":true}]}}