{"id":12546,"date":"2014-03-13T04:06:54","date_gmt":"2014-03-13T04:06:54","guid":{"rendered":"http:\/\/vafs.gov.vn\/vn\/?page_id=12546"},"modified":"2014-03-13T04:06:54","modified_gmt":"2014-03-13T04:06:54","slug":"keo-la-tram-acacia-auriculiformis-dong-aa1","status":"publish","type":"page","link":"https:\/\/vafs.gov.vn\/vn\/keo-la-tram-acacia-auriculiformis-dong-aa1\/","title":{"rendered":"KEO L\u00c1 TR\u00c0M (Acacia auriculiformis) D\u00f2ng: AA1"},"content":{"rendered":"<p><b>D\u00f2ng: AA1<\/b><\/p>\n<p><b>&#8211; Quy\u1ebft \u0111\u1ecbnh c\u00f4ng nh\u1eadn s\u1ed1: <\/b>3905\/Q\u0110-BNN-KHCN,<b> <\/b>ng\u00e0y 11\/12\/2007<\/p>\n<p><b>&#8211; T\u00e1c gi\u1ea3: <\/b>Nguy\u1ec5n Ho\u00e0ng Ngh\u0129a, Nguy\u1ec5n V\u0103n Chi\u1ebfn, Ph\u1ea1m Quang Thu<\/p>\n<p><b>&#8211; \u0110\u1ecba ch\u1ec9 li\u00ean h\u1ec7:<\/b> Vi\u1ec7n Khoa h\u1ecdc L\u00e2m Nghi\u1ec7p Vi\u1ec7t Nam, \u0110\u00f4ng Ng\u1ea1c &#8211; T\u1eeb Li\u00eam &#8211; H\u00e0 N\u1ed9i<\/p>\n<p><b>&#8211; Nh\u1eefng \u0111\u1eb7c \u0111i\u1ec3m \u01b0u vi\u1ec7t:<\/b><\/p>\n<p>+ Ch\u1ee7 y\u1ebfu c\u00f3 m\u1ed9t th\u00e2n, th\u00e2n th\u1eb3ng, \u00edt c\u00e0nh nh\u00e1nh, chi\u1ec1u cao d\u01b0\u1edbi c\u00e0nh l\u1edbn. Sinh tr\u01b0\u1edfng nhanh tr\u00ean l\u1eadp \u0111\u1ecba ph\u00f9 sa c\u1ed5, ngh\u00e8o ch\u1ea5t dinh d\u01b0\u1ee1ng n\u0103ng su\u1ea5t \u0111\u1ea1t 25,7 m<sup>3<\/sup>\/ha\/n\u0103m \u1edf Minh \u0110\u1ee9c (B\u00ecnh Ph\u01b0\u1edbc).<\/p>\n<p>+ Ch\u1ed1ng ch\u1ecbu b\u1ec7nh t\u1ed1t, kh\u00f4ng b\u1ecb b\u1ec7nh ph\u1ea5n h\u1ed3ng.<\/p>\n<p>&#8211; <b>V\u00f9ng \u00e1p d\u1ee5ng<\/b>: \u0110\u00f4ng Nam B\u1ed9<\/p>\n<p><b>&#8211; Kh\u1ea3 n\u0103ng cung c\u1ea5p gi\u1ed1ng:<\/b> C\u00e2y con v\u00e0 hom gi\u1ed1ng.<\/p>\n<p><a href=\"http:\/\/vafs.gov.vn\/vn\/keo-la-tram-acacia-auriculiformis-dong-aa1\/aa1\/\" rel=\"attachment wp-att-12547\"><img decoding=\"async\" loading=\"lazy\" class=\"aligncenter size-full wp-image-12547\" alt=\"AA1\" src=\"http:\/\/vafs.gov.vn\/vn\/wp-content\/uploads\/sites\/2\/2014\/03\/AA1.jpg\" width=\"600\" height=\"800\" srcset=\"https:\/\/vafs.gov.vn\/vn\/wp-content\/uploads\/sites\/2\/2014\/03\/AA1.jpg 600w, https:\/\/vafs.gov.vn\/vn\/wp-content\/uploads\/sites\/2\/2014\/03\/AA1-375x500.jpg 375w\" sizes=\"(max-width: 600px) 100vw, 600px\" \/><\/a><\/p>\n","protected":false},"excerpt":{"rendered":"<p>D\u00f2ng: AA1 &#8211; Quy\u1ebft \u0111\u1ecbnh c\u00f4ng nh\u1eadn s\u1ed1: 3905\/Q\u0110-BNN-KHCN, ng\u00e0y 11\/12\/2007 &#8211; T\u00e1c gi\u1ea3: Nguy\u1ec5n Ho\u00e0ng Ngh\u0129a, Nguy\u1ec5n V\u0103n Chi\u1ebfn, Ph\u1ea1m Quang Thu &#8211; \u0110\u1ecba ch\u1ec9 li\u00ean h\u1ec7: Vi\u1ec7n Khoa h\u1ecdc L\u00e2m Nghi\u1ec7p Vi\u1ec7t Nam, \u0110\u00f4ng Ng\u1ea1c &#8211; T\u1eeb Li\u00eam &#8211; H\u00e0 N\u1ed9i &#8211; Nh\u1eefng \u0111\u1eb7c \u0111i\u1ec3m \u01b0u vi\u1ec7t: + Ch\u1ee7 y\u1ebfu c\u00f3 m\u1ed9t th\u00e2n, [&hellip;]<\/p>\n","protected":false},"author":2,"featured_media":0,"parent":0,"menu_order":0,"comment_status":"open","ping_status":"open","template":"","meta":[],"_links":{"self":[{"href":"https:\/\/vafs.gov.vn\/vn\/wp-json\/wp\/v2\/pages\/12546"}],"collection":[{"href":"https:\/\/vafs.gov.vn\/vn\/wp-json\/wp\/v2\/pages"}],"about":[{"href":"https:\/\/vafs.gov.vn\/vn\/wp-json\/wp\/v2\/types\/page"}],"author":[{"embeddable":true,"href":"https:\/\/vafs.gov.vn\/vn\/wp-json\/wp\/v2\/users\/2"}],"replies":[{"embeddable":true,"href":"https:\/\/vafs.gov.vn\/vn\/wp-json\/wp\/v2\/comments?post=12546"}],"version-history":[{"count":2,"href":"https:\/\/vafs.gov.vn\/vn\/wp-json\/wp\/v2\/pages\/12546\/revisions"}],"predecessor-version":[{"id":12549,"href":"https:\/\/vafs.gov.vn\/vn\/wp-json\/wp\/v2\/pages\/12546\/revisions\/12549"}],"wp:attachment":[{"href":"https:\/\/vafs.gov.vn\/vn\/wp-json\/wp\/v2\/media?parent=12546"}],"curies":[{"name":"wp","href":"https:\/\/api.w.org\/{rel}","templated":true}]}}