{"id":12514,"date":"2014-03-12T09:54:17","date_gmt":"2014-03-12T09:54:17","guid":{"rendered":"http:\/\/vafs.gov.vn\/vn\/?page_id=12514"},"modified":"2014-03-12T09:56:22","modified_gmt":"2014-03-12T09:56:22","slug":"keo-la-tram-acacia-auriculiformis","status":"publish","type":"page","link":"https:\/\/vafs.gov.vn\/vn\/keo-la-tram-acacia-auriculiformis\/","title":{"rendered":"KEO L\u00c1 TR\u00c0M (Acacia auriculiformis) D\u00f2ng: BVlt25"},"content":{"rendered":"<p><b>1<\/b>&#8211; <b>D\u00f2ng: <\/b><b>BVlt25<\/b><\/p>\n<p><b>-Quy\u1ebft \u0111\u1ecbnh s\u1ed1:<\/b> 1998\/Q\u0110\/BNN \u2013 KHCN, ng\u00e0y 11 th\u00e1ng 07 n\u0103m 2006 <b>&#8211; T\u00e1c gi\u1ea3: <\/b>L\u00ea \u0110\u00ecnh Kh\u1ea3, H\u00e0 Huy Th\u1ecbnh, H\u1ed3 Quang Vinh <b>&#8211; \u0110\u1ecba ch\u1ec9 li\u00ean h\u1ec7: <\/b>Vi\u1ec7n Nghi\u00ean c\u1ee9u Gi\u1ed1ng v\u00e0 C\u00f4ng ngh\u1ec7 sinh h\u1ecdc L\u00e2m nghi\u1ec7p, Vi\u1ec7n Khoa h\u1ecdc L\u00e2m Nghi\u1ec7p Vi\u1ec7t Nam, \u0110\u00f4ng Ng\u1ea1c, T\u1eeb Li\u00eam, H\u00e0 N\u1ed9i. <b>&#8211; Nh\u1eefng \u0111\u1eb7c \u0111i\u1ec3m \u01b0u vi\u1ec7t:<\/b> + Ch\u1ed1ng ch\u1ecbu b\u1ec7nh t\u1ed1t.<i> <\/i> <i>+<\/i>Ch\u1ea5t l\u01b0\u1ee3ng g\u1ed7 t\u1ed1t, \u00edt c\u00e0nh nh\u00e1nh. Tr\u1ed3ng \u1edf Ba V\u1ee1 \u0111\u1ea1t 10-15m<sup>3<\/sup>\/ha\/n\u0103m, \u1edf \u0110\u00f4ng H\u00e0 \u0111\u1ea1t 15-18 m<sup>3<\/sup>\/ha\/n\u0103m. <b>\u00a0\u00a0\u00a0\u00a0 &#8211; V\u00f9ng \u00e1p d\u1ee5ng: <\/b>\u0110\u00f4ng H\u00e0 &#8211; Qu\u1ea3ng Tr\u1ecb, Ba V\u00ec &#8211; H\u00e0 N\u1ed9i v\u00e0 nh\u1eefng n\u01a1i c\u00f3 \u0111i\u1ec1u ki\u1ec7n sinh th\u00e1i t\u01b0\u01a1ng t\u1ef1. <b>\u00a0\u00a0\u00a0 &#8211; Kh\u1ea3 n\u0103ng cung c\u1ea5p gi\u1ed1ng:<i> <\/i><\/b>C\u00e2y con v\u00e0 hom gi\u1ed1ng <a href=\"http:\/\/vafs.gov.vn\/vn\/keo-la-tram-acacia-auriculiformis\/bvlt25\/\" rel=\"attachment wp-att-12515\"><img decoding=\"async\" loading=\"lazy\" class=\"aligncenter size-full wp-image-12515\" alt=\"BVlt25\" src=\"http:\/\/vafs.gov.vn\/vn\/wp-content\/uploads\/sites\/2\/2014\/03\/BVlt25.jpg\" width=\"800\" height=\"533\" srcset=\"https:\/\/vafs.gov.vn\/vn\/wp-content\/uploads\/sites\/2\/2014\/03\/BVlt25.jpg 800w, https:\/\/vafs.gov.vn\/vn\/wp-content\/uploads\/sites\/2\/2014\/03\/BVlt25-500x333.jpg 500w\" sizes=\"(max-width: 800px) 100vw, 800px\" \/><\/a><\/p>\n","protected":false},"excerpt":{"rendered":"<p>1&#8211; D\u00f2ng: BVlt25 -Quy\u1ebft \u0111\u1ecbnh s\u1ed1: 1998\/Q\u0110\/BNN \u2013 KHCN, ng\u00e0y 11 th\u00e1ng 07 n\u0103m 2006 &#8211; T\u00e1c gi\u1ea3: L\u00ea \u0110\u00ecnh Kh\u1ea3, H\u00e0 Huy Th\u1ecbnh, H\u1ed3 Quang Vinh &#8211; \u0110\u1ecba ch\u1ec9 li\u00ean h\u1ec7: Vi\u1ec7n Nghi\u00ean c\u1ee9u Gi\u1ed1ng v\u00e0 C\u00f4ng ngh\u1ec7 sinh h\u1ecdc L\u00e2m nghi\u1ec7p, Vi\u1ec7n Khoa h\u1ecdc L\u00e2m Nghi\u1ec7p Vi\u1ec7t Nam, \u0110\u00f4ng Ng\u1ea1c, T\u1eeb Li\u00eam, H\u00e0 [&hellip;]<\/p>\n","protected":false},"author":2,"featured_media":0,"parent":0,"menu_order":0,"comment_status":"open","ping_status":"open","template":"","meta":[],"_links":{"self":[{"href":"https:\/\/vafs.gov.vn\/vn\/wp-json\/wp\/v2\/pages\/12514"}],"collection":[{"href":"https:\/\/vafs.gov.vn\/vn\/wp-json\/wp\/v2\/pages"}],"about":[{"href":"https:\/\/vafs.gov.vn\/vn\/wp-json\/wp\/v2\/types\/page"}],"author":[{"embeddable":true,"href":"https:\/\/vafs.gov.vn\/vn\/wp-json\/wp\/v2\/users\/2"}],"replies":[{"embeddable":true,"href":"https:\/\/vafs.gov.vn\/vn\/wp-json\/wp\/v2\/comments?post=12514"}],"version-history":[{"count":3,"href":"https:\/\/vafs.gov.vn\/vn\/wp-json\/wp\/v2\/pages\/12514\/revisions"}],"predecessor-version":[{"id":12518,"href":"https:\/\/vafs.gov.vn\/vn\/wp-json\/wp\/v2\/pages\/12514\/revisions\/12518"}],"wp:attachment":[{"href":"https:\/\/vafs.gov.vn\/vn\/wp-json\/wp\/v2\/media?parent=12514"}],"curies":[{"name":"wp","href":"https:\/\/api.w.org\/{rel}","templated":true}]}}