{"id":12384,"date":"2014-12-06T09:50:01","date_gmt":"2014-12-06T02:50:01","guid":{"rendered":"http:\/\/vafs.gov.vn\/vn\/?page_id=12384"},"modified":"2019-12-23T06:41:29","modified_gmt":"2019-12-22T23:41:29","slug":"tram-uc-melaleuca-cajuputi","status":"publish","type":"page","link":"https:\/\/vafs.gov.vn\/vn\/13639-2\/tram-uc-melaleuca-cajuputi\/","title":{"rendered":"TR\u00c0M \u00daC (Melaleuca cajuputi)"},"content":{"rendered":"<p><b>Xu\u1ea5t x\u1ee9: Benbash, PNG<\/b><b><\/b><\/p>\n<p><b>&#8211; K\u00fd hi\u1ec7u:<\/b> 18958<\/p>\n<p><b>&#8211; Quy\u1ebft \u0111\u1ecbnh s\u1ed1<\/b><b>:<\/b> 3090\/Q\u0110-BNN-KHCN ng\u00e0y 8\/8\/2000<\/p>\n<p><b>&#8211; T\u00e1c gi\u1ea3:<\/b> Vi\u1ec7n Khoa h\u1ecdc L\u00e2m nghi\u1ec7p Nam B\u1ed9<\/p>\n<p><b>&#8211; \u0110\u1ecba ch\u1ec9 li\u00ean h\u1ec7<\/b>: Vi\u1ec7n Khoa h\u1ecdc L\u00e2m Nghi\u1ec7p Nam B\u1ed9<\/p>\n<p>S\u1ed1 1, Ph\u1ea1m V\u0103n Hai, P. 1, Q. T\u00e2n B\u00ecnh, TP. H\u1ed3 Ch\u00ed Minh.<\/p>\n<p><b>&#8211; Nh\u1eefng \u0111\u1eb7c \u0111i\u1ec3m \u01b0u vi\u1ec7t:<\/b><\/p>\n<p>+ C\u00f3 th\u1ec3 tr\u1ed3ng b\u1eb1ng r\u1ec5 tr\u1ea7n v\u00e0 l\u00ean l\u00edp th\u1ea5p.<\/p>\n<p>+ N\u0103ng su\u1ea5t \u0111\u1ea1t 38m<sup>3<\/sup>\/ha\/n\u0103m.<\/p>\n<p><b>&#8211; V\u00f9ng \u00e1p d\u1ee5ng:<\/b> \u0110\u1ed3ng b\u1eb1ng s\u00f4ng C\u1eedu Long<\/p>\n<p><b>&#8211; Kh\u1ea3 n\u0103ng cung c\u1ea5p gi\u1ed1ng: <\/b>h\u1ea1t gi\u1ed1ng thu h\u00e1i t\u1eeb r\u1eebng gi\u1ed1ng v\u00e0 v\u01b0\u1eddn gi\u1ed1ng t\u1ea1i Tr\u1ea1m th\u1ef1c nghi\u1ec7m L\u00e2m nghi\u1ec7p Th\u1ea1nh H\u00f3a, Long An thu\u1ed9c Vi\u1ec7n KHLN Nam\u00a0 B\u1ed9.<\/p>\n<p><a href=\"http:\/\/vafs.gov.vn\/vn\/tram-uc-melaleuca-cajuputi\/exif_jpeg_picture\/\" rel=\"attachment wp-att-12385\"><img decoding=\"async\" loading=\"lazy\" class=\"aligncenter size-full wp-image-12385\" alt=\"Exif_JPEG_PICTURE\" src=\"http:\/\/vafs.gov.vn\/vn\/wp-content\/uploads\/sites\/2\/2014\/03\/18958.jpg\" width=\"600\" height=\"800\" srcset=\"https:\/\/vafs.gov.vn\/vn\/wp-content\/uploads\/sites\/2\/2014\/03\/18958.jpg 600w, https:\/\/vafs.gov.vn\/vn\/wp-content\/uploads\/sites\/2\/2014\/03\/18958-375x500.jpg 375w\" sizes=\"(max-width: 600px) 100vw, 600px\" \/><\/a><\/p>\n","protected":false},"excerpt":{"rendered":"<p>Xu\u1ea5t x\u1ee9: Benbash, PNG &#8211; K\u00fd hi\u1ec7u: 18958 &#8211; Quy\u1ebft \u0111\u1ecbnh s\u1ed1: 3090\/Q\u0110-BNN-KHCN ng\u00e0y 8\/8\/2000 &#8211; T\u00e1c gi\u1ea3: Vi\u1ec7n Khoa h\u1ecdc L\u00e2m nghi\u1ec7p Nam B\u1ed9 &#8211; \u0110\u1ecba ch\u1ec9 li\u00ean h\u1ec7: Vi\u1ec7n Khoa h\u1ecdc L\u00e2m Nghi\u1ec7p Nam B\u1ed9 S\u1ed1 1, Ph\u1ea1m V\u0103n Hai, P. 1, Q. T\u00e2n B\u00ecnh, TP. H\u1ed3 Ch\u00ed Minh. &#8211; Nh\u1eefng \u0111\u1eb7c \u0111i\u1ec3m [&hellip;]<\/p>\n","protected":false},"author":2,"featured_media":0,"parent":13639,"menu_order":0,"comment_status":"open","ping_status":"open","template":"","meta":[],"_links":{"self":[{"href":"https:\/\/vafs.gov.vn\/vn\/wp-json\/wp\/v2\/pages\/12384"}],"collection":[{"href":"https:\/\/vafs.gov.vn\/vn\/wp-json\/wp\/v2\/pages"}],"about":[{"href":"https:\/\/vafs.gov.vn\/vn\/wp-json\/wp\/v2\/types\/page"}],"author":[{"embeddable":true,"href":"https:\/\/vafs.gov.vn\/vn\/wp-json\/wp\/v2\/users\/2"}],"replies":[{"embeddable":true,"href":"https:\/\/vafs.gov.vn\/vn\/wp-json\/wp\/v2\/comments?post=12384"}],"version-history":[{"count":3,"href":"https:\/\/vafs.gov.vn\/vn\/wp-json\/wp\/v2\/pages\/12384\/revisions"}],"predecessor-version":[{"id":12388,"href":"https:\/\/vafs.gov.vn\/vn\/wp-json\/wp\/v2\/pages\/12384\/revisions\/12388"}],"up":[{"embeddable":true,"href":"https:\/\/vafs.gov.vn\/vn\/wp-json\/wp\/v2\/pages\/13639"}],"wp:attachment":[{"href":"https:\/\/vafs.gov.vn\/vn\/wp-json\/wp\/v2\/media?parent=12384"}],"curies":[{"name":"wp","href":"https:\/\/api.w.org\/{rel}","templated":true}]}}