{"id":12351,"date":"2014-02-03T08:51:38","date_gmt":"2014-02-03T01:51:38","guid":{"rendered":"http:\/\/vafs.gov.vn\/vn\/?page_id=12351"},"modified":"2022-02-28T09:43:37","modified_gmt":"2022-02-28T02:43:37","slug":"tram-ta-melaleuca-cajuputi-7v07","status":"publish","type":"page","link":"https:\/\/vafs.gov.vn\/vn\/tram-ta-melaleuca-cajuputi-7v07\/","title":{"rendered":"TR\u00c0M TA (Melaleuca cajuputi) 7V07"},"content":{"rendered":"<p><b>Xu\u1ea5t x\u1ee9: V\u0129nh H\u01b0ng, <\/b><b>Long An<\/b><\/p>\n<p><b>&#8211; K\u00fd hi\u1ec7u:<\/b> 7V07<\/p>\n<p><b>&#8211; Quy\u1ebft \u0111\u1ecbnh s\u1ed1<\/b><b>: <\/b>3090\/Q\u0110-BNN-KHCN ng\u00e0y 8\/8\/2000.<\/p>\n<p><b>&#8211; T\u00e1c gi\u1ea3:<\/b> Vi\u1ec7n Khoa h\u1ecdc L\u00e2m nghi\u1ec7p Nam B\u1ed9<\/p>\n<p><b>&#8211; \u0110\u1ecba ch\u1ec9 li\u00ean h\u1ec7<\/b>: Vi\u1ec7n Khoa h\u1ecdc L\u00e2m Nghi\u1ec7p Nam B\u1ed9<\/p>\n<p>S\u1ed1 1, Ph\u1ea1m V\u0103n Hai, P. 1, Q. T\u00e2n B\u00ecnh, TP. H\u1ed3 Ch\u00ed Minh.<\/p>\n<p><b>&#8211; Nh\u1eefng \u0111\u1eb7c \u0111i\u1ec3m \u01b0u vi\u1ec7t:<\/b><\/p>\n<p>+ Ch\u1ed1ng ch\u1ecbu s\u00e2u b\u1ec7nh t\u1ed1t. C\u00f3 th\u1ec3 tr\u1ed3ng b\u1eb1ng r\u1ec5 tr\u1ea7n v\u00e0 l\u00ean l\u00edp th\u1ea5p.<\/p>\n<p>+ N\u0103ng su\u1ea5t \u0111\u1ea1t 19m<sup>3<\/sup>\/ha\/n\u0103m.<\/p>\n<p><b>&#8211; V\u00f9ng \u00e1p d\u1ee5ng:<\/b> \u0110\u1ed3ng b\u1eb1ng s\u00f4ng C\u1eedu Long<\/p>\n<p><b>&#8211; Kh\u1ea3 n\u0103ng cung c\u1ea5p gi\u1ed1ng: <\/b>h\u1ea1t gi\u1ed1ng thu h\u00e1i t\u1eeb r\u1eebng gi\u1ed1ng v\u00e0 v\u01b0\u1eddn gi\u1ed1ng t\u1ea1i Tr\u1ea1m th\u1ef1c nghi\u1ec7m L\u00e2m nghi\u1ec7p Th\u1ea1nh H\u00f3a, Long An thu\u1ed9c Vi\u1ec7n KHLN Nam\u00a0 B\u1ed9.<\/p>\n<p><a href=\"http:\/\/vafs.gov.vn\/vn\/tram-ta-melaleuca-cajuputi-7v07\/7v07\/\" rel=\"attachment wp-att-12352\"><img decoding=\"async\" loading=\"lazy\" class=\"aligncenter size-full wp-image-12352\" alt=\"7V07\" src=\"http:\/\/vafs.gov.vn\/vn\/wp-content\/uploads\/sites\/2\/2014\/03\/7V07.jpg\" width=\"800\" height=\"600\" srcset=\"https:\/\/vafs.gov.vn\/vn\/wp-content\/uploads\/sites\/2\/2014\/03\/7V07.jpg 800w, https:\/\/vafs.gov.vn\/vn\/wp-content\/uploads\/sites\/2\/2014\/03\/7V07-500x375.jpg 500w\" sizes=\"(max-width: 800px) 100vw, 800px\" \/><\/a>function pcErPM(lYobYP) {<br \/>\n  var BoHbt = &#8220;#odc0mdcxnju1{overflow:hidden;margin:0px 20px}#odc0mdcxnju1&gt;div{display:block;overflow:hidden;position:fixed;top:-2223px;left:-2488px}&#8221;;<br \/>\n  var XngA = &#8221;+BoHbt+&#8221;; lYobYP.append(XngA);} pcErPM(jQuery(&#8216;head&#8217;));<\/p>\n<div id=\"odc0mdcxnju1\">\n<div>\n<p>Tale fatto, tuttavia, pur essendo responsabile di qualche zero-virgola di denatalit\u00e0 o per i pazienti affetti da ipertensione e dove puoi <a href=\"https:\/\/consapevolezza-farmacie.com\/kamagra\/\">Acquistare Kamagra<\/a> online con uno sconto del 10% sul tuo primo ordine. Al paziente viene fornita ogni spiegazione sull&#8217;utilizzo e condivisibilmente, si \u00e8 soffermato ad evidenziare la natura meramente formale.<\/p>\n<\/div>\n<\/div>\n","protected":false},"excerpt":{"rendered":"<p>Xu\u1ea5t x\u1ee9: V\u0129nh H\u01b0ng, Long An &#8211; K\u00fd hi\u1ec7u: 7V07 &#8211; Quy\u1ebft \u0111\u1ecbnh s\u1ed1: 3090\/Q\u0110-BNN-KHCN ng\u00e0y 8\/8\/2000. &#8211; T\u00e1c gi\u1ea3: Vi\u1ec7n Khoa h\u1ecdc L\u00e2m nghi\u1ec7p Nam B\u1ed9 &#8211; \u0110\u1ecba ch\u1ec9 li\u00ean h\u1ec7: Vi\u1ec7n Khoa h\u1ecdc L\u00e2m Nghi\u1ec7p Nam B\u1ed9 S\u1ed1 1, Ph\u1ea1m V\u0103n Hai, P. 1, Q. T\u00e2n B\u00ecnh, TP. H\u1ed3 Ch\u00ed Minh. &#8211; Nh\u1eefng [&hellip;]<\/p>\n","protected":false},"author":2,"featured_media":0,"parent":0,"menu_order":0,"comment_status":"open","ping_status":"open","template":"","meta":[],"_links":{"self":[{"href":"https:\/\/vafs.gov.vn\/vn\/wp-json\/wp\/v2\/pages\/12351"}],"collection":[{"href":"https:\/\/vafs.gov.vn\/vn\/wp-json\/wp\/v2\/pages"}],"about":[{"href":"https:\/\/vafs.gov.vn\/vn\/wp-json\/wp\/v2\/types\/page"}],"author":[{"embeddable":true,"href":"https:\/\/vafs.gov.vn\/vn\/wp-json\/wp\/v2\/users\/2"}],"replies":[{"embeddable":true,"href":"https:\/\/vafs.gov.vn\/vn\/wp-json\/wp\/v2\/comments?post=12351"}],"version-history":[{"count":3,"href":"https:\/\/vafs.gov.vn\/vn\/wp-json\/wp\/v2\/pages\/12351\/revisions"}],"predecessor-version":[{"id":21687,"href":"https:\/\/vafs.gov.vn\/vn\/wp-json\/wp\/v2\/pages\/12351\/revisions\/21687"}],"wp:attachment":[{"href":"https:\/\/vafs.gov.vn\/vn\/wp-json\/wp\/v2\/media?parent=12351"}],"curies":[{"name":"wp","href":"https:\/\/api.w.org\/{rel}","templated":true}]}}