{"id":12338,"date":"2014-03-03T08:40:18","date_gmt":"2014-03-03T08:40:18","guid":{"rendered":"http:\/\/vafs.gov.vn\/vn\/?page_id=12338"},"modified":"2014-03-03T08:40:45","modified_gmt":"2014-03-03T08:40:45","slug":"tram-ta-melaleuca-cajuputi-7v05","status":"publish","type":"page","link":"https:\/\/vafs.gov.vn\/vn\/tram-ta-melaleuca-cajuputi-7v05\/","title":{"rendered":"TR\u00c0M TA (Melaleuca cajuputi) 7V05"},"content":{"rendered":"<p><!--[if gte mso 9]&gt;--><\/p>\n<h2 style=\"text-indent: .5in\"><span style=\"font-family: 'Times New Roman','serif';color: #0070c0;font-style: normal\">TR\u00c0M TA (<\/span><span style=\"font-family: 'Times New Roman','serif';color: #0070c0;background: white\">Melaleuca <\/span><span style=\"font-family: 'Times New Roman','serif';color: #0070c0\">cajuputi<\/span><span style=\"font-family: 'Times New Roman','serif';color: #0070c0;font-style: normal\">)<\/span><\/h2>\n<p class=\"MsoNormal\" style=\"margin-top: 6.0pt;text-align: justify;text-indent: .5in\"><b><span style=\"color: blue\">Xu\u1ea5t x\u1ee9: T\u1ecbnh Bi\u00ean, <\/span><span style=\"color: blue\">An Giang<\/span><\/b><\/p>\n<p class=\"MsoNormal\" style=\"margin-top: 6.0pt;text-align: justify;text-indent: .5in\"><b>&#8211; K\u00fd hi\u1ec7u:<\/b> <b>7V05<\/b><\/p>\n<p class=\"MsoNormal\" style=\"margin-top: 6.0pt;text-align: justify;text-indent: .5in\"><b>&#8211; Quy\u1ebft \u0111\u1ecbnh s\u1ed1<\/b><b>:<\/b> 3090\/Q\u0110-BNN-KHCN ng\u00e0y 8\/8\/2000.<\/p>\n<p class=\"MsoNormal\" style=\"margin-top: 6.0pt;text-align: justify;text-indent: .5in\"><b>&#8211; T\u00e1c gi\u1ea3:<\/b> Vi\u1ec7n Khoa h\u1ecdc L\u00e2m nghi\u1ec7p Nam B\u1ed9.<\/p>\n<p class=\"MsoNormal\" style=\"margin-top: 6.0pt;text-align: justify;text-indent: .5in\"><b>&#8211; \u0110\u1ecba ch\u1ec9 li\u00ean h\u1ec7<\/b>: Vi\u1ec7n Khoa h\u1ecdc L\u00e2m Nghi\u1ec7p Nam B\u1ed9<\/p>\n<p class=\"MsoNormal\" style=\"margin-top: 6.0pt;text-align: justify;text-indent: .5in\">S\u1ed1 1, Ph\u1ea1m V\u0103n Hai, P. 1, Q. T\u00e2n B\u00ecnh, TP. H\u1ed3 Ch\u00ed Minh.<\/p>\n<p class=\"MsoNormal\" style=\"margin-top: 6.0pt;text-align: justify;text-indent: .5in\"><b>&#8211; Nh\u1eefng \u0111\u1eb7c \u0111i\u1ec3m \u01b0u vi\u1ec7t:<\/b><\/p>\n<p class=\"MsoNormal\" style=\"margin-top: 6.0pt;text-align: justify;text-indent: .5in\"><span style=\"letter-spacing: -.3pt\">+ Ch\u1ed1ng ch\u1ecbu cao v\u1edbi s\u00e2u, b\u1ec7nh. C\u00f3 th\u1ec3 tr\u1ed3ng b\u1eb1ng c\u00e2y r\u1ec5 tr\u1ea7n v\u00e0 l\u00ean l\u00edp th\u1ea5p. <\/span><\/p>\n<p class=\"MsoNormal\" style=\"margin-top: 6.0pt;text-align: justify;text-indent: .5in\"><span lang=\"ES-TRAD\">+ N\u0103ng su\u1ea5t<span>\u00a0 <\/span>\u0111\u1ea1t 17,2 m<sup>3<\/sup>\/ha\/n\u0103m. <\/span><\/p>\n<p class=\"MsoNormal\" style=\"margin-top: 6.0pt;text-align: justify;text-indent: .5in\"><b><span lang=\"ES-TRAD\">&#8211; V\u00f9ng \u00e1p d\u1ee5ng:<\/span><\/b><span lang=\"ES-TRAD\"> \u0110\u1ed3ng b\u1eb1ng s\u00f4ng C\u1eedu Long .<\/span><\/p>\n<p class=\"MsoNormal\" style=\"margin-top: 6.0pt;text-align: justify;text-indent: .5in\"><b><span lang=\"ES-TRAD\">Kh\u1ea3 n\u0103ng cung c\u1ea5p gi\u1ed1ng: <\/span><\/b><span lang=\"ES-TRAD\">h\u1ea1t gi\u1ed1ng thu h\u00e1i t\u1eeb r\u1eebng gi\u1ed1ng v\u00e0 v\u01b0\u1eddn gi\u1ed1ng t\u1ea1i Tr\u1ea1m th\u1ef1c nghi\u1ec7m L\u00e2m nghi\u1ec7p Th\u1ea1nh H\u00f3a, Long An thu\u1ed9c Vi\u1ec7n KHLN Nam<span>\u00a0 <\/span>B\u1ed9.<\/span><\/p>\n<p class=\"MsoNormal\" style=\"margin-top: 6.0pt;text-align: justify;text-indent: .5in\"><a href=\"http:\/\/vafs.gov.vn\/vn\/tram-ta-melaleuca-cajuputi-7v05\/olympus-digital-camera\/\" rel=\"attachment wp-att-12339\"><img decoding=\"async\" loading=\"lazy\" class=\"aligncenter size-full wp-image-12339\" alt=\"OLYMPUS DIGITAL CAMERA\" src=\"http:\/\/vafs.gov.vn\/vn\/wp-content\/uploads\/sites\/2\/2014\/03\/7V05.jpg\" width=\"600\" height=\"800\" srcset=\"https:\/\/vafs.gov.vn\/vn\/wp-content\/uploads\/sites\/2\/2014\/03\/7V05.jpg 600w, https:\/\/vafs.gov.vn\/vn\/wp-content\/uploads\/sites\/2\/2014\/03\/7V05-375x500.jpg 375w\" sizes=\"(max-width: 600px) 100vw, 600px\" \/><\/a><\/p>\n","protected":false},"excerpt":{"rendered":"<p>TR\u00c0M TA (Melaleuca cajuputi) Xu\u1ea5t x\u1ee9: T\u1ecbnh Bi\u00ean, An Giang &#8211; K\u00fd hi\u1ec7u: 7V05 &#8211; Quy\u1ebft \u0111\u1ecbnh s\u1ed1: 3090\/Q\u0110-BNN-KHCN ng\u00e0y 8\/8\/2000. &#8211; T\u00e1c gi\u1ea3: Vi\u1ec7n Khoa h\u1ecdc L\u00e2m nghi\u1ec7p Nam B\u1ed9. &#8211; \u0110\u1ecba ch\u1ec9 li\u00ean h\u1ec7: Vi\u1ec7n Khoa h\u1ecdc L\u00e2m Nghi\u1ec7p Nam B\u1ed9 S\u1ed1 1, Ph\u1ea1m V\u0103n Hai, P. 1, Q. T\u00e2n B\u00ecnh, TP. H\u1ed3 [&hellip;]<\/p>\n","protected":false},"author":2,"featured_media":0,"parent":0,"menu_order":0,"comment_status":"open","ping_status":"open","template":"","meta":[],"_links":{"self":[{"href":"https:\/\/vafs.gov.vn\/vn\/wp-json\/wp\/v2\/pages\/12338"}],"collection":[{"href":"https:\/\/vafs.gov.vn\/vn\/wp-json\/wp\/v2\/pages"}],"about":[{"href":"https:\/\/vafs.gov.vn\/vn\/wp-json\/wp\/v2\/types\/page"}],"author":[{"embeddable":true,"href":"https:\/\/vafs.gov.vn\/vn\/wp-json\/wp\/v2\/users\/2"}],"replies":[{"embeddable":true,"href":"https:\/\/vafs.gov.vn\/vn\/wp-json\/wp\/v2\/comments?post=12338"}],"version-history":[{"count":3,"href":"https:\/\/vafs.gov.vn\/vn\/wp-json\/wp\/v2\/pages\/12338\/revisions"}],"predecessor-version":[{"id":12342,"href":"https:\/\/vafs.gov.vn\/vn\/wp-json\/wp\/v2\/pages\/12338\/revisions\/12342"}],"wp:attachment":[{"href":"https:\/\/vafs.gov.vn\/vn\/wp-json\/wp\/v2\/media?parent=12338"}],"curies":[{"name":"wp","href":"https:\/\/api.w.org\/{rel}","templated":true}]}}