{"id":12252,"date":"2014-02-21T11:24:48","date_gmt":"2014-02-21T04:24:48","guid":{"rendered":"http:\/\/vafs.gov.vn\/vn\/?page_id=12252"},"modified":"2014-02-21T11:24:59","modified_gmt":"2014-02-21T04:24:59","slug":"giong-keo-lai-tu-nhien-ky-hieu-tb-12","status":"publish","type":"page","link":"https:\/\/vafs.gov.vn\/vn\/giong-keo-lai-tu-nhien-ky-hieu-tb-12\/","title":{"rendered":"Gi\u1ed1ng Keo lai t\u1ef1 nhi\u00ean K\u00fd hi\u1ec7u: TB 12"},"content":{"rendered":"<p><b>&#8211; Quy\u1ebft \u0111\u1ecbnh c\u00f4ng nh\u1eadn s\u1ed1:<\/b> 3118\/Q\u0110- BNN-KHCN ng\u00e0y 9\/8\/2000<\/p>\n<p><b>&#8211; T\u00e1c gi\u1ea3:<\/b> Vi\u1ec7n Nghi\u00ean c\u1ee9u Gi\u1ed1ng v\u00e0 C\u00f4ng ngh\u1ec7 sinh h\u1ecdc L\u00e2m nghi\u1ec7p v\u00e0<\/p>\n<p>Trung t\u00e2m nghi\u00ean c\u1ee9u th\u1ef1c nghi\u1ec7m L\u00e2m nghi\u1ec7p \u0110\u00f4ng Nam B\u1ed9<\/p>\n<p><b>&#8211; \u0110\u1ecba ch\u1ec9 li\u00ean h\u1ec7<\/b>: Trung t\u00e2m nghi\u00ean c\u1ee9u th\u1ef1c nghi\u1ec7m L\u00e2m nghi\u1ec7p \u0110\u00f4ng Nam B\u1ed9, Th\u1ecb tr\u1ea5n Tr\u1ea3ng Bom, huy\u1ec7n Tr\u1ea3ng Bom, t\u1ec9nh \u0110\u1ed3ng Nai<\/p>\n<p><b>&#8211; Nh\u1eefng \u0111\u1eb7c \u0111i\u1ec3m \u01b0u vi\u1ec7t: <\/b><\/p>\n<p>+ Th\u00e2n th\u1eb3ng, th\u01b0\u1eddng c\u00f3 1 th\u00e2n ch\u00ednh, ch\u1ea5t l\u01b0\u1ee3ng g\u1ed7 t\u1ed1t, sinh tr\u01b0\u1edfng nhanh.<\/p>\n<p>+ N\u0103ng su\u1ea5t \u0111\u1ea1t 30 \u2013 35 m<sup>3<\/sup>\/ha\/n\u0103m.<\/p>\n<p><b>&#8211; V\u00f9ng \u00e1p d\u1ee5ng<\/b>: B\u1ea7u B\u00e0ng \u2013 B\u00ecnh D\u01b0\u01a1ng; S\u00f4ng M\u00e2y \u2013 \u0110\u1ed3ng Nai v\u00e0 n\u01a1i c\u00f3 \u0111i\u1ec1u ki\u1ec7n l\u1eadp \u0111\u1ecba t\u01b0\u01a1ng t\u1ef1<\/p>\n<p><b>&#8211; Kh\u1ea3 n\u0103ng cung c\u1ea5p gi\u1ed1ng<\/b>: C\u00e2y con v\u00e0 hom gi\u1ed1ng<\/p>\n<p><a href=\"http:\/\/vafs.gov.vn\/vn\/giong-keo-lai-tu-nhien-ky-hieu-tb-12\/tb12\/\" rel=\"attachment wp-att-12253\"><img decoding=\"async\" loading=\"lazy\" class=\"aligncenter size-full wp-image-12253\" alt=\"TB12\" src=\"http:\/\/vafs.gov.vn\/vn\/wp-content\/uploads\/sites\/2\/2014\/02\/TB12.jpg\" width=\"600\" height=\"800\" srcset=\"https:\/\/vafs.gov.vn\/vn\/wp-content\/uploads\/sites\/2\/2014\/02\/TB12.jpg 600w, https:\/\/vafs.gov.vn\/vn\/wp-content\/uploads\/sites\/2\/2014\/02\/TB12-375x500.jpg 375w\" sizes=\"(max-width: 600px) 100vw, 600px\" \/><\/a><\/p>\n","protected":false},"excerpt":{"rendered":"<p>&#8211; Quy\u1ebft \u0111\u1ecbnh c\u00f4ng nh\u1eadn s\u1ed1: 3118\/Q\u0110- BNN-KHCN ng\u00e0y 9\/8\/2000 &#8211; T\u00e1c gi\u1ea3: Vi\u1ec7n Nghi\u00ean c\u1ee9u Gi\u1ed1ng v\u00e0 C\u00f4ng ngh\u1ec7 sinh h\u1ecdc L\u00e2m nghi\u1ec7p v\u00e0 Trung t\u00e2m nghi\u00ean c\u1ee9u th\u1ef1c nghi\u1ec7m L\u00e2m nghi\u1ec7p \u0110\u00f4ng Nam B\u1ed9 &#8211; \u0110\u1ecba ch\u1ec9 li\u00ean h\u1ec7: Trung t\u00e2m nghi\u00ean c\u1ee9u th\u1ef1c nghi\u1ec7m L\u00e2m nghi\u1ec7p \u0110\u00f4ng Nam B\u1ed9, Th\u1ecb tr\u1ea5n Tr\u1ea3ng [&hellip;]<\/p>\n","protected":false},"author":2,"featured_media":0,"parent":0,"menu_order":0,"comment_status":"open","ping_status":"open","template":"","meta":[],"_links":{"self":[{"href":"https:\/\/vafs.gov.vn\/vn\/wp-json\/wp\/v2\/pages\/12252"}],"collection":[{"href":"https:\/\/vafs.gov.vn\/vn\/wp-json\/wp\/v2\/pages"}],"about":[{"href":"https:\/\/vafs.gov.vn\/vn\/wp-json\/wp\/v2\/types\/page"}],"author":[{"embeddable":true,"href":"https:\/\/vafs.gov.vn\/vn\/wp-json\/wp\/v2\/users\/2"}],"replies":[{"embeddable":true,"href":"https:\/\/vafs.gov.vn\/vn\/wp-json\/wp\/v2\/comments?post=12252"}],"version-history":[{"count":3,"href":"https:\/\/vafs.gov.vn\/vn\/wp-json\/wp\/v2\/pages\/12252\/revisions"}],"predecessor-version":[{"id":12256,"href":"https:\/\/vafs.gov.vn\/vn\/wp-json\/wp\/v2\/pages\/12252\/revisions\/12256"}],"wp:attachment":[{"href":"https:\/\/vafs.gov.vn\/vn\/wp-json\/wp\/v2\/media?parent=12252"}],"curies":[{"name":"wp","href":"https:\/\/api.w.org\/{rel}","templated":true}]}}