{"id":12230,"date":"2014-02-21T11:12:38","date_gmt":"2014-02-21T04:12:38","guid":{"rendered":"http:\/\/vafs.gov.vn\/vn\/?page_id=12230"},"modified":"2014-02-21T11:13:03","modified_gmt":"2014-02-21T04:13:03","slug":"giong-keo-lai-tu-nhien-ky-hieu-bv32","status":"publish","type":"page","link":"https:\/\/vafs.gov.vn\/vn\/giong-keo-lai-tu-nhien-ky-hieu-bv32\/","title":{"rendered":"Gi\u1ed1ng Keo lai t\u1ef1 nhi\u00ean K\u00fd hi\u1ec7u: BV32"},"content":{"rendered":"<p><!--[if gte mso 9]&gt;--><\/p>\n<p class=\"MsoNormal\" style=\"margin-top: 6.0pt;text-align: justify;text-indent: .5in\"><b><span lang=\"PT-BR\">&#8211; Quy\u1ebft \u0111\u1ecbnh s\u1ed1: <\/span><\/b><span lang=\"PT-BR\">132\/Q\u0110\/BNN \u2013 KHCN, ng\u00e0y 17 th\u00e1ng 01 n\u0103m 2000.<\/span><\/p>\n<p class=\"MsoNormal\" style=\"margin-top: 6.0pt;text-align: justify;text-indent: .5in\"><b><span lang=\"PT-BR\">&#8211; T\u00e1c gi\u1ea3: <\/span><\/b><span lang=\"PT-BR\">L\u00ea \u0110\u00ecnh Kh\u1ea3, H\u00e0 Huy Th\u1ecbnh, Nguy\u1ec5n \u0110\u00ecnh H\u1ea3i.<\/span><\/p>\n<p class=\"MsoNormal\" style=\"margin-top: 6.0pt;text-align: justify;text-indent: .5in\"><b><span lang=\"PT-BR\">&#8211; \u0110\u1ecba ch\u1ec9 li\u00ean h\u1ec7: <\/span><\/b><span lang=\"PT-BR\">Vi\u1ec7n Nghi\u00ean c\u1ee9u Gi\u1ed1ng v\u00e0 C\u00f4ng ngh\u1ec7 sinh h\u1ecdc L\u00e2m nghi\u1ec7p<\/span><\/p>\n<p class=\"MsoNormal\" style=\"margin-top: 6.0pt;text-align: justify;text-indent: .5in\"><span lang=\"PT-BR\">Vi\u1ec7n Khoa h\u1ecdc L\u00e2m Nghi\u1ec7p Vi\u1ec7t Nam, \u0110\u00f4ng Ng\u1ea1c &#8211; T\u1eeb Li\u00eam &#8211; H\u00e0 N\u1ed9i.<\/span><\/p>\n<p class=\"MsoNormal\" style=\"margin-top: 6.0pt;text-align: justify;text-indent: .5in\"><b><span lang=\"PT-BR\">&#8211; Nh\u1eefng \u0111\u1eb7c \u0111i\u1ec3m \u01b0u vi\u1ec7t:<\/span><\/b><\/p>\n<p class=\"MsoNormal\" style=\"margin-top: 6.0pt;text-align: justify;text-indent: .5in\"><span lang=\"PT-BR\">+ Ch\u1ed1ng ch\u1ecbu b\u1ec7nh: t\u1ed1t<\/span><\/p>\n<p class=\"MsoNormal\" style=\"margin-top: 6.0pt;text-align: justify;text-indent: .5in\"><span lang=\"PT-BR\">+<span> C<\/span>h\u1ea5t l\u01b0\u1ee3ng g\u1ed7 t\u1ed1t, \u00edt c\u00e0nh nh\u00e1nh. N\u0103ng su\u1ea5t \u0111\u1ea1t<span>\u00a0 <\/span>15-20m<sup>3<\/sup>\/ha\/n\u0103m \u1edf l\u1eadp \u0111\u1ecba x\u1ea5u,<span>\u00a0 <\/span>20-25 m<sup>3<\/sup>\/ha\/n\u0103m \u1edf l\u1eadp \u0111\u1ecba trung b\u00ecnh,<span>\u00a0 <\/span>30-35 m<sup>3<\/sup>\/ha\/n\u0103m \u1edf l\u1eadp \u0111\u1ecba t\u1ed1t.<\/span><\/p>\n<p class=\"MsoNormal\" style=\"margin-top: 6.0pt;text-align: justify;text-indent: .5in\"><b><span lang=\"PT-BR\">&#8211; V\u00f9ng \u00e1p d\u1ee5ng: <\/span><\/b><span lang=\"PT-BR\">Ba V\u00ec &#8211; H\u00e0 N\u1ed9i, Y\u00ean Th\u00e0nh &#8211; Ngh\u1ec7 An v\u00e0 nh\u1eefng n\u01a1i c\u00f3 \u0111i\u1ec1u ki\u1ec7n sinh th\u00e1i t\u01b0\u01a1ng t\u1ef1.<\/span><\/p>\n<p class=\"MsoNormal\" style=\"margin-top: 6.0pt;text-align: justify;text-indent: .5in\"><b><span lang=\"PT-BR\">&#8211; Kh\u1ea3 n\u0103ng cung c\u1ea5p gi\u1ed1ng: <\/span><\/b><span lang=\"PT-BR\">C\u00e2y con v\u00e0 hom gi\u1ed1ng<\/span><\/p>\n<p class=\"MsoNormal\" style=\"margin-top: 6.0pt;text-align: justify;text-indent: .5in\"><a href=\"http:\/\/vafs.gov.vn\/vn\/giong-keo-lai-tu-nhien-ky-hieu-bv32\/bv32\/\" rel=\"attachment wp-att-12231\"><img decoding=\"async\" loading=\"lazy\" class=\"aligncenter size-full wp-image-12231\" alt=\"BV32\" src=\"http:\/\/vafs.gov.vn\/vn\/wp-content\/uploads\/sites\/2\/2014\/02\/BV32.jpg\" width=\"533\" height=\"800\" srcset=\"https:\/\/vafs.gov.vn\/vn\/wp-content\/uploads\/sites\/2\/2014\/02\/BV32.jpg 533w, https:\/\/vafs.gov.vn\/vn\/wp-content\/uploads\/sites\/2\/2014\/02\/BV32-333x500.jpg 333w, https:\/\/vafs.gov.vn\/vn\/wp-content\/uploads\/sites\/2\/2014\/02\/BV32-100x150.jpg 100w\" sizes=\"(max-width: 533px) 100vw, 533px\" \/><\/a><\/p>\n","protected":false},"excerpt":{"rendered":"<p>&#8211; Quy\u1ebft \u0111\u1ecbnh s\u1ed1: 132\/Q\u0110\/BNN \u2013 KHCN, ng\u00e0y 17 th\u00e1ng 01 n\u0103m 2000. &#8211; T\u00e1c gi\u1ea3: L\u00ea \u0110\u00ecnh Kh\u1ea3, H\u00e0 Huy Th\u1ecbnh, Nguy\u1ec5n \u0110\u00ecnh H\u1ea3i. &#8211; \u0110\u1ecba ch\u1ec9 li\u00ean h\u1ec7: Vi\u1ec7n Nghi\u00ean c\u1ee9u Gi\u1ed1ng v\u00e0 C\u00f4ng ngh\u1ec7 sinh h\u1ecdc L\u00e2m nghi\u1ec7p Vi\u1ec7n Khoa h\u1ecdc L\u00e2m Nghi\u1ec7p Vi\u1ec7t Nam, \u0110\u00f4ng Ng\u1ea1c &#8211; T\u1eeb Li\u00eam &#8211; H\u00e0 [&hellip;]<\/p>\n","protected":false},"author":2,"featured_media":0,"parent":0,"menu_order":0,"comment_status":"open","ping_status":"open","template":"","meta":[],"_links":{"self":[{"href":"https:\/\/vafs.gov.vn\/vn\/wp-json\/wp\/v2\/pages\/12230"}],"collection":[{"href":"https:\/\/vafs.gov.vn\/vn\/wp-json\/wp\/v2\/pages"}],"about":[{"href":"https:\/\/vafs.gov.vn\/vn\/wp-json\/wp\/v2\/types\/page"}],"author":[{"embeddable":true,"href":"https:\/\/vafs.gov.vn\/vn\/wp-json\/wp\/v2\/users\/2"}],"replies":[{"embeddable":true,"href":"https:\/\/vafs.gov.vn\/vn\/wp-json\/wp\/v2\/comments?post=12230"}],"version-history":[{"count":4,"href":"https:\/\/vafs.gov.vn\/vn\/wp-json\/wp\/v2\/pages\/12230\/revisions"}],"predecessor-version":[{"id":12236,"href":"https:\/\/vafs.gov.vn\/vn\/wp-json\/wp\/v2\/pages\/12230\/revisions\/12236"}],"wp:attachment":[{"href":"https:\/\/vafs.gov.vn\/vn\/wp-json\/wp\/v2\/media?parent=12230"}],"curies":[{"name":"wp","href":"https:\/\/api.w.org\/{rel}","templated":true}]}}