{"id":11716,"date":"2013-10-24T15:48:18","date_gmt":"2013-10-24T08:48:18","guid":{"rendered":"http:\/\/vafs.gov.vn\/vn\/?page_id=11716"},"modified":"2014-02-19T11:12:31","modified_gmt":"2014-02-19T04:12:31","slug":"lanh-dao-vien-khoa-hoc-lam-nghiep-viet-nam","status":"publish","type":"page","link":"https:\/\/vafs.gov.vn\/vn\/lanh-dao-vien-khoa-hoc-lam-nghiep-viet-nam\/","title":{"rendered":"L\u00e3nh \u0111\u1ea1o Vi\u1ec7n Khoa h\u1ecdc L\u00e2m nghi\u1ec7p Vi\u1ec7t Nam"},"content":{"rendered":"<p>BAN GI\u00c1M \u0110\u1ed0C VI\u1ec6N KHOA H\u1eccC L\u00c2M NGHI\u1ec6P VI\u1ec6T NAM<\/p>\n<p align=\"center\">\n<p>GI\u00c1M \u0110\u1ed0C VI\u1ec6N: <b>PGS.TS. V\u00f5 \u0110\u1ea1i H\u1ea3i<\/b><\/p>\n<p style=\"text-align: left\" align=\"center\">PH\u00d3 GI\u00c1M \u0110\u1ed0C VI\u1ec6N: <b>PGS.TS. Nguy\u1ec5n Th\u1ecb B\u00edch Ng\u1ecdc<\/b><\/p>\n<p style=\"text-align: left\" align=\"center\">PH\u00d3 GI\u00c1M \u0110\u1ed0C VI\u1ec6N: <b>TS. \u0110o\u00e0n V\u0103n Thu<\/b><\/p>\n","protected":false},"excerpt":{"rendered":"<p>BAN GI\u00c1M \u0110\u1ed0C VI\u1ec6N KHOA H\u1eccC L\u00c2M NGHI\u1ec6P VI\u1ec6T NAM GI\u00c1M \u0110\u1ed0C VI\u1ec6N: PGS.TS. V\u00f5 \u0110\u1ea1i H\u1ea3i PH\u00d3 GI\u00c1M \u0110\u1ed0C VI\u1ec6N: PGS.TS. Nguy\u1ec5n Th\u1ecb B\u00edch Ng\u1ecdc PH\u00d3 GI\u00c1M \u0110\u1ed0C VI\u1ec6N: TS. \u0110o\u00e0n V\u0103n Thu<\/p>\n","protected":false},"author":2,"featured_media":0,"parent":0,"menu_order":0,"comment_status":"open","ping_status":"open","template":"","meta":[],"_links":{"self":[{"href":"https:\/\/vafs.gov.vn\/vn\/wp-json\/wp\/v2\/pages\/11716"}],"collection":[{"href":"https:\/\/vafs.gov.vn\/vn\/wp-json\/wp\/v2\/pages"}],"about":[{"href":"https:\/\/vafs.gov.vn\/vn\/wp-json\/wp\/v2\/types\/page"}],"author":[{"embeddable":true,"href":"https:\/\/vafs.gov.vn\/vn\/wp-json\/wp\/v2\/users\/2"}],"replies":[{"embeddable":true,"href":"https:\/\/vafs.gov.vn\/vn\/wp-json\/wp\/v2\/comments?post=11716"}],"version-history":[{"count":3,"href":"https:\/\/vafs.gov.vn\/vn\/wp-json\/wp\/v2\/pages\/11716\/revisions"}],"predecessor-version":[{"id":12205,"href":"https:\/\/vafs.gov.vn\/vn\/wp-json\/wp\/v2\/pages\/11716\/revisions\/12205"}],"wp:attachment":[{"href":"https:\/\/vafs.gov.vn\/vn\/wp-json\/wp\/v2\/media?parent=11716"}],"curies":[{"name":"wp","href":"https:\/\/api.w.org\/{rel}","templated":true}]}}