{"id":968,"date":"2013-10-07T10:52:04","date_gmt":"2013-10-07T03:52:04","guid":{"rendered":"http:\/\/vafs.gov.vn\/en\/?page_id=968"},"modified":"2013-10-07T10:52:04","modified_gmt":"2013-10-07T03:52:04","slug":"forest-research-result","status":"publish","type":"page","link":"https:\/\/vafs.gov.vn\/en\/forest-research-result\/","title":{"rendered":"Forest research result"},"content":{"rendered":"<form class=\"topic_search_box\" action=\"\" method=\"GET\">\r\n                <label for=\"keyword\">Search<\/label>\r\n                <input type=\"text\" name=\"keyword\" value=\"\" \/>\r\n                <input type=\"submit\" name=\"submit\" value=\"Go\"\r\n                <\/form><table class=\"topic\">\r\n                    <thead>\r\n                    <tr>\r\n                        <td>Code<\/td>\r\n                        <td>Topic<\/td>\r\n                        <td>Chairman<\/td>\r\n                    <\/tr>\r\n                    <\/thead>\r\n                    <tfoot>\r\n                    <tr>\r\n                        <td>Code<\/td>\r\n                        <td>Topic<\/td>\r\n                        <td>Chairman<\/td>                        \r\n                    <\/tr>\r\n                    <\/tfoot><tbody><tr>\r\n                        <td>VI24_525<\/td>\r\n                    <td><a href=\"https:\/\/vafs.gov.vn\/en\/topic\/1769\/\"><\/a><\/td>                    \r\n                    <td><\/td>\r\n                    <\/tr><tr>\r\n                        <td><\/td>\r\n                    <td><a href=\"https:\/\/vafs.gov.vn\/en\/topic\/dieu-tra-danh-gia-phan-bo-va-sinh-truong-cay-buong-moc-o-khu-vuc-tay-bac-bo-lam-co-so-phat-trien-ben-vung\/\">\u00a0\u0110i\u1ec1u tra \u0111\u00e1nh gi\u00e1 ph\u00e2n b\u1ed1 v\u00e0 sinh tr\u01b0\u1edfng c\u00e2y B\u01b0\u01a1ng m\u1ed1c \u1edf khu v\u1ef1c T\u00e2y B\u1eafc b\u1ed9 l\u00e0m c\u01a1 s\u1edf ph\u00e1t tri\u1ec3n b\u1ec1n v\u1eefng<\/a><\/td>                    \r\n                    <td>ThS. L\u00ea V\u0103n Th\u00e0nh<\/td>\r\n                    <\/tr><tr>\r\n                        <td><\/td>\r\n                    <td><a href=\"https:\/\/vafs.gov.vn\/en\/topic\/an-toan-lao-dong-trong-khai-thac-va-van-chuyen-go-rung-trong-yeu-cau-chung\/\">An to\u00e0n lao \u0111\u1ed9ng trong khai th\u00e1c v\u00e0 v\u1eadn chuy\u1ec3n g\u1ed7 r\u1eebng tr\u1ed3ng \u2013 Y\u00eau c\u1ea7u chung<\/a><\/td>                    \r\n                    <td>ThS. Phan T\u00f9ng H\u01b0ng<\/td>\r\n                    <\/tr><tr>\r\n                        <td>VI24_252<\/td>\r\n                    <td><a href=\"https:\/\/vafs.gov.vn\/en\/topic\/atlat-cay-rung-viet-nam\/\">Atl\u00e1t c\u00e2y r\u1eebng Vi\u1ec7t Nam<\/a><\/td>                    \r\n                    <td>PGS.TS.Nguy\u1ec5n Ho\u00e0ng Ngh\u0129a<\/td>\r\n                    <\/tr><tr>\r\n                        <td><\/td>\r\n                    <td><a href=\"https:\/\/vafs.gov.vn\/en\/topic\/bao-quan-lam-san-kiem-nghiem-hieu-luc-cua-thuoc-bao-quan-voi-moi\/\">B\u1ea3o qu\u1ea3n L\u00e2m s\u1ea3n \u2013 Ki\u1ec3m nghi\u1ec7m hi\u1ec7u l\u1ef1c c\u1ee7a thu\u1ed1c b\u1ea3o qu\u1ea3n v\u1edbi m\u1ed1i<\/a><\/td>                    \r\n                    <td>TS. Nguy\u1ec5n V\u0103n \u0110\u1ee9c<\/td>\r\n                    <\/tr><tr>\r\n                        <td><\/td>\r\n                    <td><a href=\"https:\/\/vafs.gov.vn\/en\/topic\/bao-quan-lam-san-qui-trinh-bao-quan-go-rung-trong-lam-noc-tieu-bang-che-pham-xm5\/\">B\u1ea3o qu\u1ea3n L\u00e2m s\u1ea3n \u2013 Qui tr\u00ecnh b\u1ea3o qu\u1ea3n g\u1ed7 r\u1eebng tr\u1ed3ng l\u00e0m n\u1ecdc ti\u00eau b\u1eb1ng ch\u1ebf ph\u1ea9m XM5<\/a><\/td>                    \r\n                    <td>TS. B\u00f9i V\u0103n \u00c1i<\/td>\r\n                    <\/tr><tr>\r\n                        <td><\/td>\r\n                    <td><a href=\"https:\/\/vafs.gov.vn\/en\/topic\/bao-quan-lam-san-qui-trinh-phong-moi-mot-cho-cac-cong-trinh-xay-dung\/\">B\u1ea3o qu\u1ea3n L\u00e2m s\u1ea3n \u2013 Qui tr\u00ecnh ph\u00f2ng m\u1ed1i, m\u1ecdt cho c\u00e1c c\u00f4ng tr\u00ecnh x\u00e2y d\u1ef1ng<\/a><\/td>                    \r\n                    <td>TS. B\u00f9i V\u0103n \u00c1i<\/td>\r\n                    <\/tr><tr>\r\n                        <td>VI24_153<\/td>\r\n                    <td><a href=\"https:\/\/vafs.gov.vn\/en\/topic\/bao-ton-nguon-gen-cay-cay-rung-iii-nghien-cuu-bao-ton-va-phat-trien-nguon-gen-cay-rung-lam-co-so-cho-cong-tac-cai-thien-giong-cay-rung\/\">B\u1ea3o t\u1ed3n ngu\u1ed3n gen c\u00e2y c\u00e2y r\u1eebng III (Nghi\u00ean c\u1ee9u b\u1ea3o t\u1ed3n v\u00e0 ph\u00e1t tri\u1ec3n ngu\u1ed3n gen c\u00e2y r\u1eebng l\u00e0m c\u01a1 s\u1edf cho c\u00f4ng t\u00e1c c\u1ea3i thi\u1ec7n gi\u1ed1ng c\u00e2y r\u1eebng)<\/a><\/td>                    \r\n                    <td>ThS. Ph\u00ed H\u1ed3ng H\u1ea3i<\/td>\r\n                    <\/tr><tr>\r\n                        <td>VI24_11<\/td>\r\n                    <td><a href=\"https:\/\/vafs.gov.vn\/en\/topic\/bao-ton-nguon-gen-cay-rung-i\/\">B\u1ea3o t\u1ed3n ngu\u1ed3n gen c\u00e2y r\u1eebng I<\/a><\/td>                    \r\n                    <td>TS. Nguy\u1ec5n Ho\u00e0ng Ngh\u0129a<\/td>\r\n                    <\/tr><tr>\r\n                        <td>VI24_10<\/td>\r\n                    <td><a href=\"https:\/\/vafs.gov.vn\/en\/topic\/bao-ton-nguon-gen-cay-rung-ii\/\">B\u1ea3o t\u1ed3n ngu\u1ed3n gen c\u00e2y r\u1eebng II<\/a><\/td>                    \r\n                    <td>TS. Nguy\u1ec5n Ho\u00e0ng Ngh\u0129a<\/td>\r\n                    <\/tr><tr>\r\n                        <td>VI24_24<\/td>\r\n                    <td><a href=\"https:\/\/vafs.gov.vn\/en\/topic\/benh-heo-thong-ba-la-pinus-kesiya-o-lam-dong-nguyen-nhan-va-cac-giai-phap-phong-tru\/\">B\u1ec7nh h\u00e9o Th\u00f4ng ba l\u00e1 Pinus Kesiya \u1edf L\u00e2m \u0110\u1ed3ng, nguy\u00ean nh\u00e2n v\u00e0 c\u00e1c gi\u1ea3I ph\u00e1p ph\u00f2ng tr\u1eeb<\/a><\/td>                    \r\n                    <td>TS.Ph\u1ea1m Quang Thu<\/td>\r\n                    <\/tr><tr>\r\n                        <td>VI24_75<\/td>\r\n                    <td><a href=\"https:\/\/vafs.gov.vn\/en\/topic\/buoc-dau-danh-gia-thi-truong-go-rung-trong-cua-cac-tinh-bac-bo\/\">B\u01b0\u1edbc \u0111\u1ea7u \u0111\u00e1nh gi\u00e1 th\u1ecb tr\u01b0\u1eddng g\u1ed7 r\u1eebng tr\u1ed3ng c\u1ee7a c\u00e1c t\u1ec9nh B\u1eafc B\u1ed9<\/a><\/td>                    \r\n                    <td>TS. Nguy\u1ec5n V\u0103n Khoa<\/td>\r\n                    <\/tr><tr>\r\n                        <td>VI24_59<\/td>\r\n                    <td><a href=\"https:\/\/vafs.gov.vn\/en\/topic\/buoc-dau-nghien-cuu-cac-bien-phap-ky-thuat-gay-trong-cay-tung-o-tay-nguyen\/\">B\u01b0\u1edbc \u0111\u1ea7u nghi\u00ean c\u1ee9u c\u00e1c bi\u1ec7n ph\u00e1p k\u1ef9 thu\u1eadt g\u00e2y tr\u1ed3ng c\u00e2y Tung \u1edf T\u00e2y Nguy\u00ean<\/a><\/td>                    \r\n                    <td>KS. \u0110\u1ed7 Tr\u1ecdng Vinh<\/td>\r\n                    <\/tr><tr>\r\n                        <td>VI24_72<\/td>\r\n                    <td><a href=\"https:\/\/vafs.gov.vn\/en\/topic\/buoc-dau-nghien-cuu-lai-giong-mot-so-loai-bach-dan\/\">B\u01b0\u1edbc \u0111\u1ea7u nghi\u00ean c\u1ee9u lai gi\u1ed1ng m\u1ed9t s\u1ed1 lo\u00e0I b\u1ea1ch \u0111\u00e0n<\/a><\/td>                    \r\n                    <td>TS. L\u00ea \u0110\u00ecnh Kh\u1ea3<\/td>\r\n                    <\/tr><tr>\r\n                        <td>VI24_77<\/td>\r\n                    <td><a href=\"https:\/\/vafs.gov.vn\/en\/topic\/buoc-dau-nghien-cuu-mot-so-co-so-khoa-hoc-va-cong-nghe-cho-viec-tham-canh-rung-go-lon-tren-dien-tich-rung-tu-nhien-la-rong-thuong-xanh\/\">B\u01b0\u1edbc \u0111\u1ea7u nghi\u00ean c\u1ee9u m\u1ed9t s\u1ed1 c\u01a1 s\u1edf khoa h\u1ecdc v\u00e0 c\u00f4ng ngh\u1ec7 cho vi\u1ec7c th\u00e2m canh r\u1eebng g\u1ed7 l\u1edbn tr\u00ean di\u1ec7n t\u00edch r\u1eebng t\u1ef1 nhi\u00ean l\u00e1 r\u1ed9ng th\u01b0\u1eddng xanh<\/a><\/td>                    \r\n                    <td>GS. V\u0169 Bi\u1ec7t Linh<\/td>\r\n                    <\/tr><tr>\r\n                        <td>VI24_29<\/td>\r\n                    <td><a href=\"https:\/\/vafs.gov.vn\/en\/topic\/buoc-dau-thu-nghiem-dung-nam-metarhizium-cho-phong-tru-moi-nha-coptotermes-formosanus-shiraki\/\">B\u01b0\u1edbc \u0111\u1ea7u th\u1eed nghi\u1ec7m d\u00f9ng n\u1ea5m Metarhizium cho ph\u00f2ng tr\u1eeb m\u1ed1i nh\u00e0 (coptotermes formosanus shiraki)<\/a><\/td>                    \r\n                    <td>KS, Nguy\u1ec5n D\u01b0\u01a1ng Khu\u00ea<\/td>\r\n                    <\/tr><tr>\r\n                        <td>VI24_258<\/td>\r\n                    <td><a href=\"https:\/\/vafs.gov.vn\/en\/topic\/cham-soc-theo-doi-danh-gia-ket-qua-mo-hinh-phuc-hoi-rung-sau-chay-o-u-minh-ha-nhiem-vu-khcn\/\">Ch\u0103m s\u00f3c theo d\u00f5i, \u0111\u00e1nh gi\u00e1 k\u1ebft qu\u1ea3 m\u00f4 h\u00ecnh ph\u1ee5c h\u1ed3i r\u1eebng sau ch\u00e1y \u1edf U Minh H\u1ea1 (Nhi\u1ec7m v\u1ee5 KHCN)<\/a><\/td>                    \r\n                    <td>KS. Ph\u1ea1m Ng\u1ecdc C\u01a1<\/td>\r\n                    <\/tr><tr>\r\n                        <td>VI24_240<\/td>\r\n                    <td><a href=\"https:\/\/vafs.gov.vn\/en\/topic\/che-pham-mx5-dung-de-bao-quan-lam-san-tieu-chuan-nganh\/\">Ch\u1ebf ph\u1ea9m MX5 d\u00f9ng \u0111\u1ec3 b\u1ea3o qu\u1ea3n l\u00e2m s\u1ea3n (Ti\u00eau chu\u1ea9n ng\u00e0nh)<\/a><\/td>                    \r\n                    <td>TS.Nguy\u1ec5n Th\u1ecb B\u00edch Ng\u1ecdc<\/td>\r\n                    <\/tr><tr>\r\n                        <td>VI24_375<\/td>\r\n                    <td><a href=\"https:\/\/vafs.gov.vn\/en\/topic\/chon-tao-giong-bach-dan-trang-khang-benh-dom-la-bang-chi-thi-phan-tu\/\">Ch\u1ecdn t\u1ea1o gi\u1ed1ng b\u1ea1ch \u0111\u00e0n tr\u1eafng kh\u00e1ng b\u1ec7nh \u0111\u1ed1m l\u00e1 b\u1eb1ng ch\u1ec9 th\u1ecb ph\u00e2n t\u1eed<\/a><\/td>                    \r\n                    <td>ThS. Tr\u1ea7n Thanh Tr\u0103ng<\/td>\r\n                    <\/tr><tr>\r\n                        <td>VI24_68<\/td>\r\n                    <td><a href=\"https:\/\/vafs.gov.vn\/en\/topic\/chon-tao-giong-va-nhan-giong-cho-mot-so-loai-cay-trong-rung-chu-yeu\/\">Ch\u1ecdn t\u1ea1o gi\u1ed1ng v\u00e0 nh\u00e2n gi\u1ed1ng cho m\u1ed9t s\u1ed1 lo\u00e0I c\u00e2y tr\u1ed3ng r\u1eebng ch\u1ee7 y\u1ebfu<\/a><\/td>                    \r\n                    <td>GS.TS. L\u00ea \u0110\u00ecnh Kh\u1ea3<\/td>\r\n                    <\/tr><\/tbody><\/table><div class=\"navigation\"><span aria-current=\"page\" class=\"page-numbers current\">1<\/span>\n<a class=\"page-numbers\" href=\"\/en\/wp-json\/wp\/v2\/pages\/968?pagenum=2\">2<\/a>\n<a class=\"page-numbers\" href=\"\/en\/wp-json\/wp\/v2\/pages\/968?pagenum=3\">3<\/a>\n<span class=\"page-numbers dots\">&hellip;<\/span>\n<a class=\"page-numbers\" href=\"\/en\/wp-json\/wp\/v2\/pages\/968?pagenum=21\">21<\/a>\n<a class=\"next page-numbers\" href=\"\/en\/wp-json\/wp\/v2\/pages\/968?pagenum=2\">&raquo;<\/a><\/div>\n","protected":false},"excerpt":{"rendered":"","protected":false},"author":1,"featured_media":0,"parent":0,"menu_order":0,"comment_status":"open","ping_status":"open","template":"","meta":[],"_links":{"self":[{"href":"https:\/\/vafs.gov.vn\/en\/wp-json\/wp\/v2\/pages\/968"}],"collection":[{"href":"https:\/\/vafs.gov.vn\/en\/wp-json\/wp\/v2\/pages"}],"about":[{"href":"https:\/\/vafs.gov.vn\/en\/wp-json\/wp\/v2\/types\/page"}],"author":[{"embeddable":true,"href":"https:\/\/vafs.gov.vn\/en\/wp-json\/wp\/v2\/users\/1"}],"replies":[{"embeddable":true,"href":"https:\/\/vafs.gov.vn\/en\/wp-json\/wp\/v2\/comments?post=968"}],"version-history":[{"count":1,"href":"https:\/\/vafs.gov.vn\/en\/wp-json\/wp\/v2\/pages\/968\/revisions"}],"predecessor-version":[{"id":969,"href":"https:\/\/vafs.gov.vn\/en\/wp-json\/wp\/v2\/pages\/968\/revisions\/969"}],"wp:attachment":[{"href":"https:\/\/vafs.gov.vn\/en\/wp-json\/wp\/v2\/media?parent=968"}],"curies":[{"name":"wp","href":"https:\/\/api.w.org\/{rel}","templated":true}]}}